{"id":115,"date":"2025-07-23T17:36:44","date_gmt":"2025-07-23T17:36:44","guid":{"rendered":"https:\/\/lotoonline.fr\/domov\/"},"modified":"2025-07-23T17:36:44","modified_gmt":"2025-07-23T17:36:44","slug":"domov","status":"publish","type":"page","link":"https:\/\/lotoonline.fr\/cs\/","title":{"rendered":"Domov"},"content":{"rendered":"<h2>Nejlep\u0161\u00ed loterie sv\u011bta dostupn\u00e9 online<\/h2>\n<p>Pokud jste fanou\u0161kem loteri\u00ed, pravd\u011bpodobn\u011b v\u00e1s zaj\u00edm\u00e1, jak hr\u00e1t bingo online. Doposud jste pravd\u011bpodobn\u011b hr\u00e1li tradi\u010dn\u00ed m\u00edstn\u00ed bingo a kupovali si tiket u m\u00edstn\u00edho prodejce.<br \/>\nAle pokud \u010dtete zpr\u00e1vy, pravd\u011bpodobn\u011b jste sly\u0161eli o velk\u00fdch v\u00fdhr\u00e1ch z jackpot\u016f v jin\u00fdch zem\u00edch. Tak\u017ee te\u010f si \u0159\u00edk\u00e1te: \u201ePro\u010d nem\u016f\u017eu vyhr\u00e1t jeden z t\u011bch velk\u00fdch jackpot\u016f z mezin\u00e1rodn\u00edch loteri\u00ed?\u201c<\/p>\n<p>No, tady je p\u00e1r novinek: je to mo\u017en\u00e9, kdy\u017e hrajete bingo online!<\/p>\n<h2>Jak hran\u00ed bingo online zvy\u0161uje va\u0161e \u0161ance na v\u00fdhru?<\/h2>\n<p>Kdy\u017e hrajete m\u00edstn\u00ed bingo, va\u0161e \u0161ance na v\u00fdhru jackpotu jsou ur\u010deny \u010d\u00e1stkou tiketu, vypo\u010d\u00edtanou na z\u00e1klad\u011b v\u00fd\u0161e jackpotu. To znamen\u00e1, \u017ee va\u0161e \u0161ance na v\u00fdhru jsou vy\u0161\u0161\u00ed, kdy\u017e je jackpot velk\u00fd.<\/p>\n<p>Ale co kdy\u017e jackpot v loterii nen\u00ed dostate\u010dn\u011b velk\u00fd, proto\u017ee byl ned\u00e1vno vyhran\u00fd? Budete \u010dekat t\u00fddny, nebo dokonce m\u011bs\u00edce, ne\u017e jackpot naroste, abyste m\u011bli \u0161anci vyhr\u00e1t?<\/p>\n<p>Nebo zv\u00e1\u017e\u00edte n\u00e1sleduj\u00edc\u00ed alternativu: \u00fa\u010dastnit se jin\u00fdch loteri\u00ed v jin\u00fdch zem\u00edch hran\u00edm binga online? Tato mo\u017enost je nyn\u00ed k dispozici. M\u016f\u017eete si vybrat z 20 nejv\u011bt\u0161\u00edch loteri\u00ed na sv\u011bt\u011b, kter\u00e9 si m\u016f\u017eete zahr\u00e1t online pr\u00e1v\u011b te\u010f d\u00edky RedFoxLotto (klikn\u011bte sem pro n\u00e1v\u0161t\u011bvu jejich webov\u00fdch str\u00e1nek).<\/p>\n<p>S tolika mo\u017enostmi online s\u00e1zen\u00ed si m\u016f\u017eete vybrat, zda budete hr\u00e1t loterii s nejv\u011bt\u0161\u00edm jackpotem nebo tu s nejbli\u017e\u0161\u00edm tahem (data a term\u00edny losov\u00e1n\u00ed viz prav\u00fd a lev\u00fd sloupec). <\/p>\n<h2>Hrajte mezin\u00e1rodn\u00ed jackpoty online, a\u0165 u\u017e \u017eijete kdekoli<\/h2>\n<p>Obvykle mus\u00edte pro hran\u00ed loterie bydlet ve st\u00e1t\u011b nebo zemi, kde se kon\u00e1. Tak\u017ee nap\u0159\u00edklad pro hran\u00ed slavn\u00e9 loterie El Gordo Jackpot si budete muset koupit tiket ve \u0160pan\u011blsku. Nyn\u00ed si m\u016f\u017eete tuto a mnoho dal\u0161\u00edch loterijn\u00edch her zahr\u00e1t online.<\/p>\n<p>Je to extr\u00e9mn\u011b jednoduch\u00e9 a pohodln\u00e9. Zde je to, co mus\u00edte ud\u011blat:<\/p>\n<p>Vyberte si loterii ze sloupc\u016f na obou stran\u00e1ch webu.<br \/>\nVyberte sv\u00e1 v\u00fdhern\u00ed \u010d\u00edsla (nebo pou\u017eijte gener\u00e1tor n\u00e1hodn\u00fdch \u010d\u00edsel).<\/p>\n<p>Vytvo\u0159te si z\u00e1kaznick\u00fd \u00fa\u010det RedFoxLotto.<br \/>\nPla\u0165te online (zabezpe\u010den\u00e9 platebn\u00ed metody: kreditn\u00ed karty, bankovn\u00ed p\u0159evody, Moneybookers, Ukash atd.).<\/p>\n<p>Dal\u0161\u00ed krok: RedFoxLotto za v\u00e1s koup\u00ed tiket pro tento jackpot, naskenuje ho a za\u0161le v\u00e1m e-mailem. Pokud vyhrajete online bingo, RedFoxLotto v\u00e1m pom\u016f\u017ee obdr\u017eet v\u00e1\u0161 \u0161ek.<br \/>\nRedFoxLotto je mezin\u00e1rodn\u00ed zprost\u0159edkovatelsk\u00e1 slu\u017eba, kter\u00e1 nakupuje loterijn\u00ed tikety po cel\u00e9m sv\u011bt\u011b. Nen\u00ed poskytovatelem loterie a ne\u00fa\u010dtuje si \u017e\u00e1dnou provizi z va\u0161ich v\u00fdher.<\/p>\n<p>Tato slu\u017eba v\u00e1m umo\u017e\u0148uje hr\u00e1t jakoukoli online loterii z jak\u00e9koli zem\u011b sv\u011bta z pohodl\u00ed domova.<\/p>\n","protected":false},"excerpt":{"rendered":"<p>Nejlep\u0161\u00ed loterie sv\u011bta dostupn\u00e9 online Pokud jste fanou\u0161kem loteri\u00ed, pravd\u011bpodobn\u011b v\u00e1s zaj\u00edm\u00e1, jak hr\u00e1t bingo online. Doposud jste pravd\u011bpodobn\u011b hr\u00e1li tradi\u010dn\u00ed m\u00edstn\u00ed bingo a kupovali si tiket u m\u00edstn\u00edho prodejce. Ale pokud \u010dtete zpr\u00e1vy, pravd\u011bpodobn\u011b jste sly\u0161eli o velk\u00fdch v\u00fdhr\u00e1ch z jackpot\u016f v jin\u00fdch zem\u00edch. Tak\u017ee te\u010f si \u0159\u00edk\u00e1te: \u201ePro\u010d nem\u016f\u017eu vyhr\u00e1t jeden z t\u011bch [&hellip;]<\/p>\n","protected":false},"author":2,"featured_media":0,"parent":0,"menu_order":0,"comment_status":"closed","ping_status":"closed","template":"","meta":{"footnotes":""},"class_list":["post-115","page","type-page","status-publish","hentry"],"blocksy_meta":[],"yoast_head":"<!-- This site is optimized with the Yoast SEO plugin v27.4 - https:\/\/yoast.com\/product\/yoast-seo-wordpress\/ -->\n<title>Hrajte loterii online - v\u0161echny hlavn\u00ed loterie na sv\u011bt\u011b dostupn\u00e9 online<\/title>\n<meta name=\"robots\" content=\"index, follow, max-snippet:-1, max-image-preview:large, max-video-preview:-1\" \/>\n<link rel=\"canonical\" href=\"https:\/\/lotoonline.fr\/cs\/\" \/>\n<meta property=\"og:locale\" content=\"cs_CZ\" \/>\n<meta property=\"og:type\" content=\"article\" \/>\n<meta property=\"og:title\" content=\"Hrajte loterii online - v\u0161echny hlavn\u00ed loterie na sv\u011bt\u011b dostupn\u00e9 online\" \/>\n<meta property=\"og:description\" content=\"Nejlep\u0161\u00ed loterie sv\u011bta dostupn\u00e9 online Pokud jste fanou\u0161kem loteri\u00ed, pravd\u011bpodobn\u011b v\u00e1s zaj\u00edm\u00e1, jak hr\u00e1t bingo online. Doposud jste pravd\u011bpodobn\u011b hr\u00e1li tradi\u010dn\u00ed m\u00edstn\u00ed bingo a kupovali si tiket u m\u00edstn\u00edho prodejce. Ale pokud \u010dtete zpr\u00e1vy, pravd\u011bpodobn\u011b jste sly\u0161eli o velk\u00fdch v\u00fdhr\u00e1ch z jackpot\u016f v jin\u00fdch zem\u00edch. Tak\u017ee te\u010f si \u0159\u00edk\u00e1te: \u201ePro\u010d nem\u016f\u017eu vyhr\u00e1t jeden z t\u011bch [&hellip;]\" \/>\n<meta property=\"og:url\" content=\"https:\/\/lotoonline.fr\/cs\/\" \/>\n<meta name=\"twitter:card\" content=\"summary_large_image\" \/>\n<meta name=\"twitter:label1\" content=\"Odhadovan\u00e1 doba \u010dten\u00ed\" \/>\n\t<meta name=\"twitter:data1\" content=\"2 minuty\" \/>\n<script type=\"application\/ld+json\" class=\"yoast-schema-graph\">{\"@context\":\"https:\\\/\\\/schema.org\",\"@graph\":[{\"@type\":\"WebPage\",\"@id\":\"https:\\\/\\\/lotoonline.fr\\\/cs\\\/\",\"url\":\"https:\\\/\\\/lotoonline.fr\\\/cs\\\/\",\"name\":\"Hrajte loterii online - v\u0161echny hlavn\u00ed loterie na sv\u011bt\u011b dostupn\u00e9 online\",\"isPartOf\":{\"@id\":\"https:\\\/\\\/lotoonline.fr\\\/cs\\\/#website\"},\"datePublished\":\"2025-07-23T17:36:44+00:00\",\"breadcrumb\":{\"@id\":\"https:\\\/\\\/lotoonline.fr\\\/cs\\\/#breadcrumb\"},\"inLanguage\":\"cs\",\"potentialAction\":[{\"@type\":\"ReadAction\",\"target\":[\"https:\\\/\\\/lotoonline.fr\\\/cs\\\/\"]}]},{\"@type\":\"BreadcrumbList\",\"@id\":\"https:\\\/\\\/lotoonline.fr\\\/cs\\\/#breadcrumb\",\"itemListElement\":[{\"@type\":\"ListItem\",\"position\":1,\"name\":\"Home\",\"item\":\"https:\\\/\\\/lotoonline.fr\\\/cs\\\/\"},{\"@type\":\"ListItem\",\"position\":2,\"name\":\"Domov\"}]},{\"@type\":\"WebSite\",\"@id\":\"https:\\\/\\\/lotoonline.fr\\\/cs\\\/#website\",\"url\":\"https:\\\/\\\/lotoonline.fr\\\/cs\\\/\",\"name\":\"\",\"description\":\"\",\"potentialAction\":[{\"@type\":\"SearchAction\",\"target\":{\"@type\":\"EntryPoint\",\"urlTemplate\":\"https:\\\/\\\/lotoonline.fr\\\/cs\\\/?s={search_term_string}\"},\"query-input\":{\"@type\":\"PropertyValueSpecification\",\"valueRequired\":true,\"valueName\":\"search_term_string\"}}],\"inLanguage\":\"cs\"}]}<\/script>\n<!-- \/ Yoast SEO plugin. -->","yoast_head_json":{"title":"Hrajte loterii online - v\u0161echny hlavn\u00ed loterie na sv\u011bt\u011b dostupn\u00e9 online","robots":{"index":"index","follow":"follow","max-snippet":"max-snippet:-1","max-image-preview":"max-image-preview:large","max-video-preview":"max-video-preview:-1"},"canonical":"https:\/\/lotoonline.fr\/cs\/","og_locale":"cs_CZ","og_type":"article","og_title":"Hrajte loterii online - v\u0161echny hlavn\u00ed loterie na sv\u011bt\u011b dostupn\u00e9 online","og_description":"Nejlep\u0161\u00ed loterie sv\u011bta dostupn\u00e9 online Pokud jste fanou\u0161kem loteri\u00ed, pravd\u011bpodobn\u011b v\u00e1s zaj\u00edm\u00e1, jak hr\u00e1t bingo online. Doposud jste pravd\u011bpodobn\u011b hr\u00e1li tradi\u010dn\u00ed m\u00edstn\u00ed bingo a kupovali si tiket u m\u00edstn\u00edho prodejce. Ale pokud \u010dtete zpr\u00e1vy, pravd\u011bpodobn\u011b jste sly\u0161eli o velk\u00fdch v\u00fdhr\u00e1ch z jackpot\u016f v jin\u00fdch zem\u00edch. Tak\u017ee te\u010f si \u0159\u00edk\u00e1te: \u201ePro\u010d nem\u016f\u017eu vyhr\u00e1t jeden z t\u011bch [&hellip;]","og_url":"https:\/\/lotoonline.fr\/cs\/","twitter_card":"summary_large_image","twitter_misc":{"Odhadovan\u00e1 doba \u010dten\u00ed":"2 minuty"},"schema":{"@context":"https:\/\/schema.org","@graph":[{"@type":"WebPage","@id":"https:\/\/lotoonline.fr\/cs\/","url":"https:\/\/lotoonline.fr\/cs\/","name":"Hrajte loterii online - v\u0161echny hlavn\u00ed loterie na sv\u011bt\u011b dostupn\u00e9 online","isPartOf":{"@id":"https:\/\/lotoonline.fr\/cs\/#website"},"datePublished":"2025-07-23T17:36:44+00:00","breadcrumb":{"@id":"https:\/\/lotoonline.fr\/cs\/#breadcrumb"},"inLanguage":"cs","potentialAction":[{"@type":"ReadAction","target":["https:\/\/lotoonline.fr\/cs\/"]}]},{"@type":"BreadcrumbList","@id":"https:\/\/lotoonline.fr\/cs\/#breadcrumb","itemListElement":[{"@type":"ListItem","position":1,"name":"Home","item":"https:\/\/lotoonline.fr\/cs\/"},{"@type":"ListItem","position":2,"name":"Domov"}]},{"@type":"WebSite","@id":"https:\/\/lotoonline.fr\/cs\/#website","url":"https:\/\/lotoonline.fr\/cs\/","name":"","description":"","potentialAction":[{"@type":"SearchAction","target":{"@type":"EntryPoint","urlTemplate":"https:\/\/lotoonline.fr\/cs\/?s={search_term_string}"},"query-input":{"@type":"PropertyValueSpecification","valueRequired":true,"valueName":"search_term_string"}}],"inLanguage":"cs"}]}},"_links":{"self":[{"href":"https:\/\/lotoonline.fr\/cs\/wp-json\/wp\/v2\/pages\/115","targetHints":{"allow":["GET"]}}],"collection":[{"href":"https:\/\/lotoonline.fr\/cs\/wp-json\/wp\/v2\/pages"}],"about":[{"href":"https:\/\/lotoonline.fr\/cs\/wp-json\/wp\/v2\/types\/page"}],"author":[{"embeddable":true,"href":"https:\/\/lotoonline.fr\/cs\/wp-json\/wp\/v2\/users\/2"}],"replies":[{"embeddable":true,"href":"https:\/\/lotoonline.fr\/cs\/wp-json\/wp\/v2\/comments?post=115"}],"version-history":[{"count":0,"href":"https:\/\/lotoonline.fr\/cs\/wp-json\/wp\/v2\/pages\/115\/revisions"}],"wp:attachment":[{"href":"https:\/\/lotoonline.fr\/cs\/wp-json\/wp\/v2\/media?parent=115"}],"curies":[{"name":"wp","href":"https:\/\/api.w.org\/{rel}","templated":true}]}}