{"id":116,"date":"2025-07-23T17:36:44","date_gmt":"2025-07-23T17:36:44","guid":{"rendered":"https:\/\/lotoonline.fr\/hjem\/"},"modified":"2025-07-23T17:36:44","modified_gmt":"2025-07-23T17:36:44","slug":"hjem","status":"publish","type":"page","link":"https:\/\/lotoonline.fr\/da\/","title":{"rendered":"Hjem"},"content":{"rendered":"<h2>Verdens bedste lotterier tilg\u00e6ngelige online<\/h2>\n<p>Hvis du er lottofan, spekulerer du sikkert p\u00e5, hvordan man spiller bingo online. Indtil nu har du sikkert spillet lokal, traditionel bingo og k\u00f8bt en kupon hos din lokale forhandler.<br \/>\nMen hvis du l\u00e6ser nyhederne, har du sikkert h\u00f8rt om store gevinster fra jackpots i andre lande. S\u00e5 nu undrer du dig: &#8220;Hvorfor kan jeg ikke vinde en af \u200b\u200bde store jackpots fra internationale lotterier?&#8221;<\/p>\n<p>N\u00e5, her er nogle nyheder: det er muligt, n\u00e5r du spiller bingo online!<\/p>\n<h2>Hvordan \u00f8ger det at spille bingo online dine chancer for at vinde?<\/h2>\n<p>N\u00e5r du spiller din lokale bingo, bestemmes dine chancer for at vinde jackpotten af \u200b\u200bkuponbel\u00f8bet, der beregnes ud fra jackpotbel\u00f8bet. Det betyder, at dine chancer for at vinde er h\u00f8jere, n\u00e5r jackpotten er stor.<\/p>\n<p>Men hvad nu hvis lotterijackpotten ikke er stor nok, fordi den for nylig blev vundet? Vil du vente uger eller endda m\u00e5neder p\u00e5, at jackpotten vokser, for at have en chance for at vinde?<\/p>\n<p>Eller vil du overveje f\u00f8lgende alternativ: at deltage i andre lotterier i andre lande ved at spille bingo online? Denne mulighed er nu tilg\u00e6ngelig. Du kan v\u00e6lge mellem de 20 st\u00f8rste lotterier i verden, som du kan spille online lige nu takket v\u00e6re RedFoxLotto (klik her for at bes\u00f8ge deres hjemmeside).<\/p>\n<p>Med s\u00e5 mange online bettingmuligheder kan du v\u00e6lge at spille lotteriet med den st\u00f8rste jackpot eller det med den t\u00e6tteste tr\u00e6kning (se h\u00f8jre og venstre kolonne for tr\u00e6kningsdatoer). <\/p>\n<h2>Spil internationale jackpots online, uanset hvor du bor<\/h2>\n<p>Normalt skal du bo i den stat eller det land, hvor det afholdes, for at spille lotteriet. S\u00e5 for eksempel, for at spille det ber\u00f8mte El Gordo Jackpot-lotteri, skal du k\u00f8be en kupon i Spanien. Nu kan du spille dette og mange andre lotterispil online.<\/p>\n<p>Det er ekstremt enkelt og bekvemt. Her er hvad du skal g\u00f8re:<\/p>\n<p>V\u00e6lg dit lotteri fra kolonnerne p\u00e5 hver side af siden.<\/p>\n<p>V\u00e6lg dine vindende tal (eller brug en tilf\u00e6ldig talgenerator).<br \/>\nOpret en RedFoxLotto-kundekonto.<br \/>\nBetal online (sikre betalingsmetoder: kreditkort, bankoverf\u00f8rsler, Moneybookers, Ukash osv.).<\/p>\n<p>N\u00e6ste trin: RedFoxLotto k\u00f8ber en lodseddel til denne jackpot p\u00e5 dine vegne, scanner den og sender den til dig via e-mail. Hvis du vinder online bingo, hj\u00e6lper RedFoxLotto dig med at modtage din check.<\/p>\n<p>RedFoxLotto er en international formidlingstjeneste, der k\u00f8ber lotterikuponer over hele verden. Det er ikke en lotteriudbyder og opkr\u00e6ver ingen provision p\u00e5 dine gevinster.<\/p>\n<p>Denne tjeneste giver dig mulighed for at spille ethvert online lotteri, fra ethvert land i verden, fra dit eget hjem.<\/p>\n","protected":false},"excerpt":{"rendered":"<p>Verdens bedste lotterier tilg\u00e6ngelige online Hvis du er lottofan, spekulerer du sikkert p\u00e5, hvordan man spiller bingo online. Indtil nu har du sikkert spillet lokal, traditionel bingo og k\u00f8bt en kupon hos din lokale forhandler. Men hvis du l\u00e6ser nyhederne, har du sikkert h\u00f8rt om store gevinster fra jackpots i andre lande. S\u00e5 nu undrer [&hellip;]<\/p>\n","protected":false},"author":2,"featured_media":0,"parent":0,"menu_order":0,"comment_status":"closed","ping_status":"closed","template":"","meta":{"footnotes":""},"class_list":["post-116","page","type-page","status-publish","hentry"],"blocksy_meta":[],"yoast_head":"<!-- This site is optimized with the Yoast SEO plugin v27.4 - https:\/\/yoast.com\/product\/yoast-seo-wordpress\/ -->\n<title>Spil lotto online - alle st\u00f8rre lotterier i verden er tilg\u00e6ngelige online<\/title>\n<meta name=\"robots\" content=\"index, follow, max-snippet:-1, max-image-preview:large, max-video-preview:-1\" \/>\n<link rel=\"canonical\" href=\"https:\/\/lotoonline.fr\/da\/\" \/>\n<meta property=\"og:locale\" content=\"da_DK\" \/>\n<meta property=\"og:type\" content=\"article\" \/>\n<meta property=\"og:title\" content=\"Spil lotto online - alle st\u00f8rre lotterier i verden er tilg\u00e6ngelige online\" \/>\n<meta property=\"og:description\" content=\"Verdens bedste lotterier tilg\u00e6ngelige online Hvis du er lottofan, spekulerer du sikkert p\u00e5, hvordan man spiller bingo online. Indtil nu har du sikkert spillet lokal, traditionel bingo og k\u00f8bt en kupon hos din lokale forhandler. Men hvis du l\u00e6ser nyhederne, har du sikkert h\u00f8rt om store gevinster fra jackpots i andre lande. S\u00e5 nu undrer [&hellip;]\" \/>\n<meta property=\"og:url\" content=\"https:\/\/lotoonline.fr\/da\/\" \/>\n<meta name=\"twitter:card\" content=\"summary_large_image\" \/>\n<meta name=\"twitter:label1\" content=\"Estimeret l\u00e6setid\" \/>\n\t<meta name=\"twitter:data1\" content=\"2 minutter\" \/>\n<script type=\"application\/ld+json\" class=\"yoast-schema-graph\">{\"@context\":\"https:\\\/\\\/schema.org\",\"@graph\":[{\"@type\":\"WebPage\",\"@id\":\"https:\\\/\\\/lotoonline.fr\\\/da\\\/\",\"url\":\"https:\\\/\\\/lotoonline.fr\\\/da\\\/\",\"name\":\"Spil lotto online - alle st\u00f8rre lotterier i verden er tilg\u00e6ngelige online\",\"isPartOf\":{\"@id\":\"https:\\\/\\\/lotoonline.fr\\\/da\\\/#website\"},\"datePublished\":\"2025-07-23T17:36:44+00:00\",\"breadcrumb\":{\"@id\":\"https:\\\/\\\/lotoonline.fr\\\/da\\\/#breadcrumb\"},\"inLanguage\":\"da-DK\",\"potentialAction\":[{\"@type\":\"ReadAction\",\"target\":[\"https:\\\/\\\/lotoonline.fr\\\/da\\\/\"]}]},{\"@type\":\"BreadcrumbList\",\"@id\":\"https:\\\/\\\/lotoonline.fr\\\/da\\\/#breadcrumb\",\"itemListElement\":[{\"@type\":\"ListItem\",\"position\":1,\"name\":\"Home\",\"item\":\"https:\\\/\\\/lotoonline.fr\\\/da\\\/\"},{\"@type\":\"ListItem\",\"position\":2,\"name\":\"Hjem\"}]},{\"@type\":\"WebSite\",\"@id\":\"https:\\\/\\\/lotoonline.fr\\\/da\\\/#website\",\"url\":\"https:\\\/\\\/lotoonline.fr\\\/da\\\/\",\"name\":\"\",\"description\":\"\",\"potentialAction\":[{\"@type\":\"SearchAction\",\"target\":{\"@type\":\"EntryPoint\",\"urlTemplate\":\"https:\\\/\\\/lotoonline.fr\\\/da\\\/?s={search_term_string}\"},\"query-input\":{\"@type\":\"PropertyValueSpecification\",\"valueRequired\":true,\"valueName\":\"search_term_string\"}}],\"inLanguage\":\"da-DK\"}]}<\/script>\n<!-- \/ Yoast SEO plugin. -->","yoast_head_json":{"title":"Spil lotto online - alle st\u00f8rre lotterier i verden er tilg\u00e6ngelige online","robots":{"index":"index","follow":"follow","max-snippet":"max-snippet:-1","max-image-preview":"max-image-preview:large","max-video-preview":"max-video-preview:-1"},"canonical":"https:\/\/lotoonline.fr\/da\/","og_locale":"da_DK","og_type":"article","og_title":"Spil lotto online - alle st\u00f8rre lotterier i verden er tilg\u00e6ngelige online","og_description":"Verdens bedste lotterier tilg\u00e6ngelige online Hvis du er lottofan, spekulerer du sikkert p\u00e5, hvordan man spiller bingo online. Indtil nu har du sikkert spillet lokal, traditionel bingo og k\u00f8bt en kupon hos din lokale forhandler. Men hvis du l\u00e6ser nyhederne, har du sikkert h\u00f8rt om store gevinster fra jackpots i andre lande. S\u00e5 nu undrer [&hellip;]","og_url":"https:\/\/lotoonline.fr\/da\/","twitter_card":"summary_large_image","twitter_misc":{"Estimeret l\u00e6setid":"2 minutter"},"schema":{"@context":"https:\/\/schema.org","@graph":[{"@type":"WebPage","@id":"https:\/\/lotoonline.fr\/da\/","url":"https:\/\/lotoonline.fr\/da\/","name":"Spil lotto online - alle st\u00f8rre lotterier i verden er tilg\u00e6ngelige online","isPartOf":{"@id":"https:\/\/lotoonline.fr\/da\/#website"},"datePublished":"2025-07-23T17:36:44+00:00","breadcrumb":{"@id":"https:\/\/lotoonline.fr\/da\/#breadcrumb"},"inLanguage":"da-DK","potentialAction":[{"@type":"ReadAction","target":["https:\/\/lotoonline.fr\/da\/"]}]},{"@type":"BreadcrumbList","@id":"https:\/\/lotoonline.fr\/da\/#breadcrumb","itemListElement":[{"@type":"ListItem","position":1,"name":"Home","item":"https:\/\/lotoonline.fr\/da\/"},{"@type":"ListItem","position":2,"name":"Hjem"}]},{"@type":"WebSite","@id":"https:\/\/lotoonline.fr\/da\/#website","url":"https:\/\/lotoonline.fr\/da\/","name":"","description":"","potentialAction":[{"@type":"SearchAction","target":{"@type":"EntryPoint","urlTemplate":"https:\/\/lotoonline.fr\/da\/?s={search_term_string}"},"query-input":{"@type":"PropertyValueSpecification","valueRequired":true,"valueName":"search_term_string"}}],"inLanguage":"da-DK"}]}},"_links":{"self":[{"href":"https:\/\/lotoonline.fr\/da\/wp-json\/wp\/v2\/pages\/116","targetHints":{"allow":["GET"]}}],"collection":[{"href":"https:\/\/lotoonline.fr\/da\/wp-json\/wp\/v2\/pages"}],"about":[{"href":"https:\/\/lotoonline.fr\/da\/wp-json\/wp\/v2\/types\/page"}],"author":[{"embeddable":true,"href":"https:\/\/lotoonline.fr\/da\/wp-json\/wp\/v2\/users\/2"}],"replies":[{"embeddable":true,"href":"https:\/\/lotoonline.fr\/da\/wp-json\/wp\/v2\/comments?post=116"}],"version-history":[{"count":0,"href":"https:\/\/lotoonline.fr\/da\/wp-json\/wp\/v2\/pages\/116\/revisions"}],"wp:attachment":[{"href":"https:\/\/lotoonline.fr\/da\/wp-json\/wp\/v2\/media?parent=116"}],"curies":[{"name":"wp","href":"https:\/\/api.w.org\/{rel}","templated":true}]}}