{"id":46,"date":"2025-07-23T17:36:44","date_gmt":"2025-07-23T17:36:44","guid":{"rendered":"https:\/\/lotoonline.fr\/heim\/"},"modified":"2025-07-23T17:36:44","modified_gmt":"2025-07-23T17:36:44","slug":"heim","status":"publish","type":"page","link":"https:\/\/lotoonline.fr\/de\/","title":{"rendered":"Heim"},"content":{"rendered":"<h1>Die besten Lotterien der Welt online<\/h1>\n<p>Wenn Sie Lotto spielen, fragen Sie sich wahrscheinlich, wie Sie online Bingo spielen k\u00f6nnen. Bisher haben Sie wahrscheinlich traditionell lokal Lotto gespielt und Ihre Lose bei Ihrem \u00f6rtlichen Lottoh\u00e4ndler gekauft.<br \/>Aber wenn Sie die Nachrichten lesen, haben Sie sicher schon von gro\u00dfen Gewinnen durch Jackpot-Gewinne in anderen L\u00e4ndern geh\u00f6rt. Jetzt fragen Sie sich: \u201eWarum kann ich nicht an den gro\u00dfen Jackpots internationaler Lotterien teilnehmen?\u201c<\/p>\n<p>Hier ist eine Neuigkeit f\u00fcr Sie: Online-Lotto ist m\u00f6glich!<\/p>\n<h2>So erh\u00f6hen Sie Ihre Gewinnchancen mit Online-Lotto<\/h2>\n<p>Wenn Sie bei Ihrer lokalen Lotterie spielen, h\u00e4ngen Ihre mathematischen Gewinnchancen vom Betrag ab, den Sie f\u00fcr ein Los entsprechend der Jackpot-Summe bezahlen m\u00fcssen. Das bedeutet, dass Ihre Gewinnchancen h\u00f6her sind, wenn der Jackpot hoch ist.<\/p>\n<p>Aber was tun, wenn der Lotto-Jackpot nicht hoch genug ist, weil er erst k\u00fcrzlich gewonnen wurde? Wollen Sie wochen- oder monatelang warten, bis der Jackpot steigt, um eine Gewinnchance zu haben?<\/p>\n<p>Oder ziehen Sie die folgende Alternative in Betracht: Nehmen Sie an anderen Lotterien in anderen L\u00e4ndern teil und spielen Sie Online-Bingo? Diese M\u00f6glichkeit gibt es jetzt. Sie k\u00f6nnen aus den 20 gr\u00f6\u00dften Lotterien der Welt w\u00e4hlen und jetzt online mit RedFoxLotto spielen (klicken Sie hier, um die Website zu besuchen).<\/p>\n<p>Bei der gro\u00dfen Auswahl an Online-Wetten k\u00f6nnen Sie sich f\u00fcr die Lotterie mit dem h\u00f6chsten Jackpot oder die mit der n\u00e4chsten Ziehung entscheiden (die Spalten rechts und links zeigen die Lotteriegr\u00f6\u00dfen und das Ziehungsdatum an).<\/p>\n<h2>Spielen Sie internationale Jackpots online \u2013 egal wo Sie wohnen<\/h2>\n<p>Normalerweise m\u00fcssen Sie in dem Bundesland oder Land wohnen, in dem die Lotterie stattfindet, um Lotto spielen zu k\u00f6nnen. So m\u00fcssen Sie beispielsweise f\u00fcr den ber\u00fchmten El Gordo Jackpot ein Los in Spanien kaufen. Jetzt k\u00f6nnen Sie diese und viele weitere Lotterien online spielen.<\/p>\n<p>Es ist extrem einfach und bequem. So gehen Sie vor:<\/p>\n<p>W\u00e4hlen Sie Ihr Lotto aus den Spalten auf beiden Seiten der Website.<br \/>W\u00e4hlen Sie Ihre Gewinnzahlen (oder verwenden Sie einen Zufallsgenerator).<br \/>Erstellen Sie ein Kundenkonto bei RedFoxLotto.<br \/>Bezahlen Sie online (sichere Zahlungsmethoden wie Kreditkarte, Bank\u00fcberweisung, Moneybookers, Ukash usw.).<\/p>\n<p>So geht es weiter: RedFoxLotto kauft in Ihrem Namen ein Los f\u00fcr diesen Jackpot, scannt es ein und sendet es Ihnen per E-Mail zu. Wenn Sie beim Online-Bingo gewinnen, erhalten Sie den Scheck.<br \/>RedFoxLotto ist ein internationaler Vermittlungsdienst, der Lottoscheine weltweit ankauft. RedFoxLotto ist kein Lotterieanbieter und erhebt keine Provisionen auf Ihre Gewinne.<\/p>\n<p>Mit diesem Service k\u00f6nnen Sie bequem von zu Hause aus online Lotto spielen \u2013 egal wo auf der Welt.<\/p>\n","protected":false},"excerpt":{"rendered":"<p>Die besten Lotterien der Welt online Wenn Sie Lotto spielen, fragen Sie sich wahrscheinlich, wie Sie online Bingo spielen k\u00f6nnen. Bisher haben Sie wahrscheinlich traditionell lokal Lotto gespielt und Ihre Lose bei Ihrem \u00f6rtlichen Lottoh\u00e4ndler gekauft.Aber wenn Sie die Nachrichten lesen, haben Sie sicher schon von gro\u00dfen Gewinnen durch Jackpot-Gewinne in anderen L\u00e4ndern geh\u00f6rt. Jetzt [&hellip;]<\/p>\n","protected":false},"author":2,"featured_media":0,"parent":0,"menu_order":0,"comment_status":"closed","ping_status":"closed","template":"","meta":{"footnotes":""},"class_list":["post-46","page","type-page","status-publish","hentry"],"blocksy_meta":[],"yoast_head":"<!-- This site is optimized with the Yoast SEO plugin v27.4 - https:\/\/yoast.com\/product\/yoast-seo-wordpress\/ -->\n<title>Spielen Sie Lotto online \u2013 alle gro\u00dfen Lotterien der Welt sind online verf\u00fcgbar<\/title>\n<meta name=\"robots\" content=\"index, follow, max-snippet:-1, max-image-preview:large, max-video-preview:-1\" \/>\n<link rel=\"canonical\" href=\"https:\/\/lotoonline.fr\/de\/\" \/>\n<meta property=\"og:locale\" content=\"de_DE\" \/>\n<meta property=\"og:type\" content=\"article\" \/>\n<meta property=\"og:title\" content=\"Spielen Sie Lotto online \u2013 alle gro\u00dfen Lotterien der Welt sind online verf\u00fcgbar\" \/>\n<meta property=\"og:description\" content=\"Die besten Lotterien der Welt online Wenn Sie Lotto spielen, fragen Sie sich wahrscheinlich, wie Sie online Bingo spielen k\u00f6nnen. Bisher haben Sie wahrscheinlich traditionell lokal Lotto gespielt und Ihre Lose bei Ihrem \u00f6rtlichen Lottoh\u00e4ndler gekauft.Aber wenn Sie die Nachrichten lesen, haben Sie sicher schon von gro\u00dfen Gewinnen durch Jackpot-Gewinne in anderen L\u00e4ndern geh\u00f6rt. Jetzt [&hellip;]\" \/>\n<meta property=\"og:url\" content=\"https:\/\/lotoonline.fr\/de\/\" \/>\n<meta name=\"twitter:card\" content=\"summary_large_image\" \/>\n<meta name=\"twitter:label1\" content=\"Gesch\u00e4tzte Lesezeit\" \/>\n\t<meta name=\"twitter:data1\" content=\"2\u00a0Minuten\" \/>\n<script type=\"application\/ld+json\" class=\"yoast-schema-graph\">{\"@context\":\"https:\\\/\\\/schema.org\",\"@graph\":[{\"@type\":\"WebPage\",\"@id\":\"https:\\\/\\\/lotoonline.fr\\\/de\\\/\",\"url\":\"https:\\\/\\\/lotoonline.fr\\\/de\\\/\",\"name\":\"Spielen Sie Lotto online \u2013 alle gro\u00dfen Lotterien der Welt sind online verf\u00fcgbar\",\"isPartOf\":{\"@id\":\"https:\\\/\\\/lotoonline.fr\\\/de\\\/#website\"},\"datePublished\":\"2025-07-23T17:36:44+00:00\",\"breadcrumb\":{\"@id\":\"https:\\\/\\\/lotoonline.fr\\\/de\\\/#breadcrumb\"},\"inLanguage\":\"de\",\"potentialAction\":[{\"@type\":\"ReadAction\",\"target\":[\"https:\\\/\\\/lotoonline.fr\\\/de\\\/\"]}]},{\"@type\":\"BreadcrumbList\",\"@id\":\"https:\\\/\\\/lotoonline.fr\\\/de\\\/#breadcrumb\",\"itemListElement\":[{\"@type\":\"ListItem\",\"position\":1,\"name\":\"Home\",\"item\":\"https:\\\/\\\/lotoonline.fr\\\/de\\\/\"},{\"@type\":\"ListItem\",\"position\":2,\"name\":\"Heim\"}]},{\"@type\":\"WebSite\",\"@id\":\"https:\\\/\\\/lotoonline.fr\\\/de\\\/#website\",\"url\":\"https:\\\/\\\/lotoonline.fr\\\/de\\\/\",\"name\":\"\",\"description\":\"\",\"potentialAction\":[{\"@type\":\"SearchAction\",\"target\":{\"@type\":\"EntryPoint\",\"urlTemplate\":\"https:\\\/\\\/lotoonline.fr\\\/de\\\/?s={search_term_string}\"},\"query-input\":{\"@type\":\"PropertyValueSpecification\",\"valueRequired\":true,\"valueName\":\"search_term_string\"}}],\"inLanguage\":\"de\"}]}<\/script>\n<!-- \/ Yoast SEO plugin. -->","yoast_head_json":{"title":"Spielen Sie Lotto online \u2013 alle gro\u00dfen Lotterien der Welt sind online verf\u00fcgbar","robots":{"index":"index","follow":"follow","max-snippet":"max-snippet:-1","max-image-preview":"max-image-preview:large","max-video-preview":"max-video-preview:-1"},"canonical":"https:\/\/lotoonline.fr\/de\/","og_locale":"de_DE","og_type":"article","og_title":"Spielen Sie Lotto online \u2013 alle gro\u00dfen Lotterien der Welt sind online verf\u00fcgbar","og_description":"Die besten Lotterien der Welt online Wenn Sie Lotto spielen, fragen Sie sich wahrscheinlich, wie Sie online Bingo spielen k\u00f6nnen. Bisher haben Sie wahrscheinlich traditionell lokal Lotto gespielt und Ihre Lose bei Ihrem \u00f6rtlichen Lottoh\u00e4ndler gekauft.Aber wenn Sie die Nachrichten lesen, haben Sie sicher schon von gro\u00dfen Gewinnen durch Jackpot-Gewinne in anderen L\u00e4ndern geh\u00f6rt. Jetzt [&hellip;]","og_url":"https:\/\/lotoonline.fr\/de\/","twitter_card":"summary_large_image","twitter_misc":{"Gesch\u00e4tzte Lesezeit":"2\u00a0Minuten"},"schema":{"@context":"https:\/\/schema.org","@graph":[{"@type":"WebPage","@id":"https:\/\/lotoonline.fr\/de\/","url":"https:\/\/lotoonline.fr\/de\/","name":"Spielen Sie Lotto online \u2013 alle gro\u00dfen Lotterien der Welt sind online verf\u00fcgbar","isPartOf":{"@id":"https:\/\/lotoonline.fr\/de\/#website"},"datePublished":"2025-07-23T17:36:44+00:00","breadcrumb":{"@id":"https:\/\/lotoonline.fr\/de\/#breadcrumb"},"inLanguage":"de","potentialAction":[{"@type":"ReadAction","target":["https:\/\/lotoonline.fr\/de\/"]}]},{"@type":"BreadcrumbList","@id":"https:\/\/lotoonline.fr\/de\/#breadcrumb","itemListElement":[{"@type":"ListItem","position":1,"name":"Home","item":"https:\/\/lotoonline.fr\/de\/"},{"@type":"ListItem","position":2,"name":"Heim"}]},{"@type":"WebSite","@id":"https:\/\/lotoonline.fr\/de\/#website","url":"https:\/\/lotoonline.fr\/de\/","name":"","description":"","potentialAction":[{"@type":"SearchAction","target":{"@type":"EntryPoint","urlTemplate":"https:\/\/lotoonline.fr\/de\/?s={search_term_string}"},"query-input":{"@type":"PropertyValueSpecification","valueRequired":true,"valueName":"search_term_string"}}],"inLanguage":"de"}]}},"_links":{"self":[{"href":"https:\/\/lotoonline.fr\/de\/wp-json\/wp\/v2\/pages\/46","targetHints":{"allow":["GET"]}}],"collection":[{"href":"https:\/\/lotoonline.fr\/de\/wp-json\/wp\/v2\/pages"}],"about":[{"href":"https:\/\/lotoonline.fr\/de\/wp-json\/wp\/v2\/types\/page"}],"author":[{"embeddable":true,"href":"https:\/\/lotoonline.fr\/de\/wp-json\/wp\/v2\/users\/2"}],"replies":[{"embeddable":true,"href":"https:\/\/lotoonline.fr\/de\/wp-json\/wp\/v2\/comments?post=46"}],"version-history":[{"count":0,"href":"https:\/\/lotoonline.fr\/de\/wp-json\/wp\/v2\/pages\/46\/revisions"}],"wp:attachment":[{"href":"https:\/\/lotoonline.fr\/de\/wp-json\/wp\/v2\/media?parent=46"}],"curies":[{"name":"wp","href":"https:\/\/api.w.org\/{rel}","templated":true}]}}