{"id":50,"date":"2025-07-23T17:41:08","date_gmt":"2025-07-23T17:41:08","guid":{"rendered":"https:\/\/lotoonline.fr\/internationale-lotto-jackpots-online\/"},"modified":"2025-07-23T17:41:08","modified_gmt":"2025-07-23T17:41:08","slug":"internationale-lotto-jackpots-online","status":"publish","type":"page","link":"https:\/\/lotoonline.fr\/de\/internationale-lotto-jackpots-online\/","title":{"rendered":"Internationale Lotto-Jackpots online"},"content":{"rendered":"<h1>Internationale Jackpots gewinnen<\/h1>\n<div>&nbsp;<\/div>\n<h2>In diesem Abschnitt listen wir alle internationalen Lotterie-Jackpots auf, die online verf\u00fcgbar sind.<\/h2>\n<div>&nbsp;<\/div>\n<div>Mit RedFoxLotto k\u00f6nnen Sie an \u00fcber 20 der weltweit gr\u00f6\u00dften Jackpots teilnehmen. Dabei spielt es keine Rolle, ob Sie in dem Land wohnen, in dem die Lotterie gespielt wird. Jeder kann ein Los f\u00fcr eine Ziehung kaufen.<\/div>\n<div>&nbsp;<\/div>\n<div>Um Ihr Los zu erhalten und einen der Jackpots einer internationalen Online-Lotterie zu gewinnen, w\u00e4hlen Sie einfach die gew\u00fcnschte Lotterie aus den Bannern auf unserer Website aus, suchen Sie die Lottozahlen und registrieren Sie sich bei RedFoxLotto. Es stehen verschiedene Zahlungsm\u00f6glichkeiten zur Verf\u00fcgung, darunter Kreditkarte und verschiedene E-Wallets.<\/p>\n<div>&nbsp;<\/div>\n<div>RedFoxLotto kauft dann in Ihrem Namen einen Lottoschein. Der Schein enth\u00e4lt Ihren Namen und nat\u00fcrlich Ihre Lottozahlen. Sie k\u00f6nnen Ihre Scheine jederzeit \u00fcberpr\u00fcfen, nachdem Sie sich in Ihr RedFoxLotto-Konto eingeloggt haben.<\/p>\n<div>&nbsp;<\/div>\n<div>Was passiert, wenn Sie online einen der internationalen Lotto-Jackpots gewinnen?<\/p>\n<div>&nbsp;<\/div>\n<div>RedFoxLotto hilft Ihnen auch, Ihr Geld zu erhalten. Kleine Gewinne bis zu 2500 \u20ac werden Ihrem <a href=\"https:\/\/redfoxlotto.com\/?ref=A8564250A2&#038;medium=lofr\" target=\"_blank\" rel=\"noopener\">RedFoxLotto-Kundenkonto<\/a> gutgeschrieben. Sie k\u00f6nnen diese Gewinne dort einl\u00f6sen oder f\u00fcr den Kauf eines neuen Loses verwenden. Bei einem h\u00f6heren Gewinn erhalten Sie von RedFoxLotto ein Antragsformular, das Sie mit Ihren pers\u00f6nlichen Daten zu Ihrer Identifizierung ausf\u00fcllen m\u00fcssen. Dieses Formular wird dann an die Lotteriekommission weitergeleitet, die Ihnen den Scheck schriftlich zukommen l\u00e4sst.<\/p>\n","protected":false},"excerpt":{"rendered":"<p>Internationale Jackpots gewinnen &nbsp; In diesem Abschnitt listen wir alle internationalen Lotterie-Jackpots auf, die online verf\u00fcgbar sind. &nbsp; Mit RedFoxLotto k\u00f6nnen Sie an \u00fcber 20 der weltweit gr\u00f6\u00dften Jackpots teilnehmen. Dabei spielt es keine Rolle, ob Sie in dem Land wohnen, in dem die Lotterie gespielt wird. Jeder kann ein Los f\u00fcr eine Ziehung kaufen. [&hellip;]<\/p>\n","protected":false},"author":2,"featured_media":0,"parent":0,"menu_order":0,"comment_status":"closed","ping_status":"closed","template":"","meta":{"footnotes":""},"class_list":["post-50","page","type-page","status-publish","hentry"],"blocksy_meta":[],"yoast_head":"<!-- This site is optimized with the Yoast SEO plugin v27.4 - https:\/\/yoast.com\/product\/yoast-seo-wordpress\/ -->\n<title>Internationale Lotto-Jackpots online<\/title>\n<meta name=\"robots\" content=\"index, follow, max-snippet:-1, max-image-preview:large, max-video-preview:-1\" \/>\n<link rel=\"canonical\" href=\"https:\/\/lotoonline.fr\/de\/internationale-lotto-jackpots-online\/\" \/>\n<meta property=\"og:locale\" content=\"de_DE\" \/>\n<meta property=\"og:type\" content=\"article\" \/>\n<meta property=\"og:title\" content=\"Internationale Lotto-Jackpots online\" \/>\n<meta property=\"og:description\" content=\"Internationale Jackpots gewinnen &nbsp; In diesem Abschnitt listen wir alle internationalen Lotterie-Jackpots auf, die online verf\u00fcgbar sind. &nbsp; Mit RedFoxLotto k\u00f6nnen Sie an \u00fcber 20 der weltweit gr\u00f6\u00dften Jackpots teilnehmen. Dabei spielt es keine Rolle, ob Sie in dem Land wohnen, in dem die Lotterie gespielt wird. Jeder kann ein Los f\u00fcr eine Ziehung kaufen. [&hellip;]\" \/>\n<meta property=\"og:url\" content=\"https:\/\/lotoonline.fr\/de\/internationale-lotto-jackpots-online\/\" \/>\n<meta name=\"twitter:card\" content=\"summary_large_image\" \/>\n<meta name=\"twitter:label1\" content=\"Gesch\u00e4tzte Lesezeit\" \/>\n\t<meta name=\"twitter:data1\" content=\"1\u00a0Minute\" \/>\n<script type=\"application\/ld+json\" class=\"yoast-schema-graph\">{\"@context\":\"https:\\\/\\\/schema.org\",\"@graph\":[{\"@type\":\"WebPage\",\"@id\":\"https:\\\/\\\/lotoonline.fr\\\/de\\\/internationale-lotto-jackpots-online\\\/\",\"url\":\"https:\\\/\\\/lotoonline.fr\\\/de\\\/internationale-lotto-jackpots-online\\\/\",\"name\":\"Internationale Lotto-Jackpots online\",\"isPartOf\":{\"@id\":\"https:\\\/\\\/lotoonline.fr\\\/de\\\/#website\"},\"datePublished\":\"2025-07-23T17:41:08+00:00\",\"breadcrumb\":{\"@id\":\"https:\\\/\\\/lotoonline.fr\\\/de\\\/internationale-lotto-jackpots-online\\\/#breadcrumb\"},\"inLanguage\":\"de\",\"potentialAction\":[{\"@type\":\"ReadAction\",\"target\":[\"https:\\\/\\\/lotoonline.fr\\\/de\\\/internationale-lotto-jackpots-online\\\/\"]}]},{\"@type\":\"BreadcrumbList\",\"@id\":\"https:\\\/\\\/lotoonline.fr\\\/de\\\/internationale-lotto-jackpots-online\\\/#breadcrumb\",\"itemListElement\":[{\"@type\":\"ListItem\",\"position\":1,\"name\":\"Home\",\"item\":\"https:\\\/\\\/lotoonline.fr\\\/de\\\/\"},{\"@type\":\"ListItem\",\"position\":2,\"name\":\"Internationale Lotto-Jackpots online\"}]},{\"@type\":\"WebSite\",\"@id\":\"https:\\\/\\\/lotoonline.fr\\\/de\\\/#website\",\"url\":\"https:\\\/\\\/lotoonline.fr\\\/de\\\/\",\"name\":\"\",\"description\":\"\",\"potentialAction\":[{\"@type\":\"SearchAction\",\"target\":{\"@type\":\"EntryPoint\",\"urlTemplate\":\"https:\\\/\\\/lotoonline.fr\\\/de\\\/?s={search_term_string}\"},\"query-input\":{\"@type\":\"PropertyValueSpecification\",\"valueRequired\":true,\"valueName\":\"search_term_string\"}}],\"inLanguage\":\"de\"}]}<\/script>\n<!-- \/ Yoast SEO plugin. -->","yoast_head_json":{"title":"Internationale Lotto-Jackpots online","robots":{"index":"index","follow":"follow","max-snippet":"max-snippet:-1","max-image-preview":"max-image-preview:large","max-video-preview":"max-video-preview:-1"},"canonical":"https:\/\/lotoonline.fr\/de\/internationale-lotto-jackpots-online\/","og_locale":"de_DE","og_type":"article","og_title":"Internationale Lotto-Jackpots online","og_description":"Internationale Jackpots gewinnen &nbsp; In diesem Abschnitt listen wir alle internationalen Lotterie-Jackpots auf, die online verf\u00fcgbar sind. &nbsp; Mit RedFoxLotto k\u00f6nnen Sie an \u00fcber 20 der weltweit gr\u00f6\u00dften Jackpots teilnehmen. Dabei spielt es keine Rolle, ob Sie in dem Land wohnen, in dem die Lotterie gespielt wird. Jeder kann ein Los f\u00fcr eine Ziehung kaufen. [&hellip;]","og_url":"https:\/\/lotoonline.fr\/de\/internationale-lotto-jackpots-online\/","twitter_card":"summary_large_image","twitter_misc":{"Gesch\u00e4tzte Lesezeit":"1\u00a0Minute"},"schema":{"@context":"https:\/\/schema.org","@graph":[{"@type":"WebPage","@id":"https:\/\/lotoonline.fr\/de\/internationale-lotto-jackpots-online\/","url":"https:\/\/lotoonline.fr\/de\/internationale-lotto-jackpots-online\/","name":"Internationale Lotto-Jackpots online","isPartOf":{"@id":"https:\/\/lotoonline.fr\/de\/#website"},"datePublished":"2025-07-23T17:41:08+00:00","breadcrumb":{"@id":"https:\/\/lotoonline.fr\/de\/internationale-lotto-jackpots-online\/#breadcrumb"},"inLanguage":"de","potentialAction":[{"@type":"ReadAction","target":["https:\/\/lotoonline.fr\/de\/internationale-lotto-jackpots-online\/"]}]},{"@type":"BreadcrumbList","@id":"https:\/\/lotoonline.fr\/de\/internationale-lotto-jackpots-online\/#breadcrumb","itemListElement":[{"@type":"ListItem","position":1,"name":"Home","item":"https:\/\/lotoonline.fr\/de\/"},{"@type":"ListItem","position":2,"name":"Internationale Lotto-Jackpots online"}]},{"@type":"WebSite","@id":"https:\/\/lotoonline.fr\/de\/#website","url":"https:\/\/lotoonline.fr\/de\/","name":"","description":"","potentialAction":[{"@type":"SearchAction","target":{"@type":"EntryPoint","urlTemplate":"https:\/\/lotoonline.fr\/de\/?s={search_term_string}"},"query-input":{"@type":"PropertyValueSpecification","valueRequired":true,"valueName":"search_term_string"}}],"inLanguage":"de"}]}},"_links":{"self":[{"href":"https:\/\/lotoonline.fr\/de\/wp-json\/wp\/v2\/pages\/50","targetHints":{"allow":["GET"]}}],"collection":[{"href":"https:\/\/lotoonline.fr\/de\/wp-json\/wp\/v2\/pages"}],"about":[{"href":"https:\/\/lotoonline.fr\/de\/wp-json\/wp\/v2\/types\/page"}],"author":[{"embeddable":true,"href":"https:\/\/lotoonline.fr\/de\/wp-json\/wp\/v2\/users\/2"}],"replies":[{"embeddable":true,"href":"https:\/\/lotoonline.fr\/de\/wp-json\/wp\/v2\/comments?post=50"}],"version-history":[{"count":0,"href":"https:\/\/lotoonline.fr\/de\/wp-json\/wp\/v2\/pages\/50\/revisions"}],"wp:attachment":[{"href":"https:\/\/lotoonline.fr\/de\/wp-json\/wp\/v2\/media?parent=50"}],"curies":[{"name":"wp","href":"https:\/\/api.w.org\/{rel}","templated":true}]}}