{"id":52,"date":"2025-07-23T19:28:00","date_gmt":"2025-07-23T19:28:00","guid":{"rendered":"https:\/\/lotoonline.fr\/internationale-lotto-jackpots-online\/el-gordo\/"},"modified":"2025-07-23T19:28:00","modified_gmt":"2025-07-23T19:28:00","slug":"el-gordo","status":"publish","type":"page","link":"https:\/\/lotoonline.fr\/de\/internationale-lotto-jackpots-online\/el-gordo\/","title":{"rendered":"El Gordo"},"content":{"rendered":"<h1>Spielen Sie El Gordo noch heute \u2013 versuchen Sie Ihr Gl\u00fcck und vergessen Sie nie, Ihre Gewinnlinie zu setzen, wenn Sie El Gordo de La Primitiva online spielen.<\/h1>\n<p>&nbsp;<\/p>\n<h2>Wie spielt man El Gordo online?<\/h2>\n<p>Wenn Sie El Gordo online spielen m\u00f6chten, schauen Sie sich am besten fr\u00fchere Spiele an und pr\u00fcfen Sie, ob Zahlen regelm\u00e4\u00dfig gezogen werden. So k\u00f6nnen Sie fast erraten, welche Zahlen wahrscheinlicher sind und Sie zum Million\u00e4r machen k\u00f6nnten. W\u00e4hlen Sie die f\u00fcnf Zahlen von 1 bis 54 und eine weitere Zahl, die \u201eSchl\u00fcsselzahl\u201c von 0 bis 9, und haben Sie m\u00f6glicherweise eine Gewinnchance. Mit einer Gewinnquote von 1:19 und Preisen f\u00fcr 9 verschiedene Kombinationen verschiedener Kugeln ist es eine der einfachsten Lotterien, um mit wenig Einsatz gro\u00df abzur\u00e4umen.<\/p>\n<p>Die Lotterie wurde 1985 gegr\u00fcndet und erfreut sich seitdem gro\u00dfer Beliebtheit. Die spanische Regierung organisiert die Lotterie und stellt so sicher, dass ein Teil der Einnahmen wohlt\u00e4tigen Zwecken zugutekommt. Dar\u00fcber hinaus tr\u00e4gt sie hervorragend zur Gesundheit der spanischen Wirtschaft bei. Mit Preisen ab einem garantierten Mindestbetrag und manchmal \u00fcber 200 Millionen Euro lohnt sich der Aufwand wirklich. Der Eintritt ist niedrig und bietet Ihnen die Chance, Millionen zu gewinnen.<\/p>\n<p>Nat\u00fcrlich gibt es in Spanien Lottoannahmestellen, in denen Sie Lose kaufen k\u00f6nnen, aber einfacher ist es, El Gordo de La Primitiva online zu spielen. So k\u00f6nnen Sie Ihre Zahlen schnell und einfach tippen, egal ob Sie mobil oder im B\u00fcro sind, ohne jemals zu vergessen, eine oder zwei Reihen zu setzen. Sie k\u00f6nnen Lose von Montag bis Samstag online kaufen, die Ziehung findet sonntags um 13 Uhr statt, ohne ungeduldig auf die Zahlen warten zu m\u00fcssen. Wenn Sie gewinnen, sollten Sie einige Dinge beachten, die wir unten n\u00e4her erl\u00e4utern.<\/p>\n<h2>El Gordo online spielen und Bargeld erhalten<\/h2>\n<p>Wenn Sie Gl\u00fcck haben und mit einem online gekauften Los das El Gordo de La Primitiva Lotto gewinnen, erhalten Sie eine E-Mail. Bei einem Gewinn von mehr als 2500 Euro k\u00f6nnen Sie Ihr Los abholen und Ihren Gewinn einfordern. <a href=\"https:\/\/redfoxlotto.com\/?ref=A8564250A2&#038;medium=lofr\" target=\"_blank\" rel=\"noopener\">Oder Sie \u00fcberlassen die Auszahlung RedFoxLotto<\/a>, ohne dass Ihnen daf\u00fcr eine Provision berechnet wird. Dies ist einer der sch\u00f6nsten Momente Ihres Lebens, und es ist so sch\u00f6n, eine E-Mail zu erhalten, die Sie genau \u00fcber Ihren Gewinn informiert. Wenn Sie kein Los online kaufen, k\u00f6nnen Sie die Zahlen nicht automatisch \u00fcberpr\u00fcfen, um zu sehen, ob Sie gewonnen haben.<\/p>\n<p>Bei Gewinnen unter 2500 Euro wird Ihr Gewinn einfach auf Ihr RedFoxLotto-Konto \u00fcberwiesen. Sie k\u00f6nnen das Geld auszahlen oder f\u00fcr weitere Lose verwenden. Genau das ist der Sinn des El Gordo Online-Lottos: Es ist so viel einfacher, Geld zu gewinnen. Mit geringem Einsatz k\u00f6nnen Sie eine der h\u00f6chsten Renditen erzielen. Stellen Sie sich vor, was Sie sich alles kaufen k\u00f6nnten: ein neues Auto, ein neues Zuhause, Ihre Hypothek abbezahlen, schuldenfrei sein, die Welt bereisen, eine Villa kaufen, eine Safari \u2013 die Welt geh\u00f6rt Ihnen!<\/p>\n","protected":false},"excerpt":{"rendered":"<p>Spielen Sie El Gordo noch heute \u2013 versuchen Sie Ihr Gl\u00fcck und vergessen Sie nie, Ihre Gewinnlinie zu setzen, wenn Sie El Gordo de La Primitiva online spielen. &nbsp; Wie spielt man El Gordo online? Wenn Sie El Gordo online spielen m\u00f6chten, schauen Sie sich am besten fr\u00fchere Spiele an und pr\u00fcfen Sie, ob Zahlen [&hellip;]<\/p>\n","protected":false},"author":2,"featured_media":0,"parent":50,"menu_order":0,"comment_status":"closed","ping_status":"closed","template":"","meta":{"footnotes":""},"class_list":["post-52","page","type-page","status-publish","hentry"],"blocksy_meta":[],"yoast_head":"<!-- This site is optimized with the Yoast SEO plugin v27.4 - https:\/\/yoast.com\/product\/yoast-seo-wordpress\/ -->\n<title>El Gordo<\/title>\n<meta name=\"robots\" content=\"index, follow, max-snippet:-1, max-image-preview:large, max-video-preview:-1\" \/>\n<link rel=\"canonical\" href=\"https:\/\/lotoonline.fr\/de\/internationale-lotto-jackpots-online\/el-gordo\/\" \/>\n<meta property=\"og:locale\" content=\"de_DE\" \/>\n<meta property=\"og:type\" content=\"article\" \/>\n<meta property=\"og:title\" content=\"El Gordo\" \/>\n<meta property=\"og:description\" content=\"Spielen Sie El Gordo noch heute \u2013 versuchen Sie Ihr Gl\u00fcck und vergessen Sie nie, Ihre Gewinnlinie zu setzen, wenn Sie El Gordo de La Primitiva online spielen. &nbsp; Wie spielt man El Gordo online? Wenn Sie El Gordo online spielen m\u00f6chten, schauen Sie sich am besten fr\u00fchere Spiele an und pr\u00fcfen Sie, ob Zahlen [&hellip;]\" \/>\n<meta property=\"og:url\" content=\"https:\/\/lotoonline.fr\/de\/internationale-lotto-jackpots-online\/el-gordo\/\" \/>\n<meta name=\"twitter:card\" content=\"summary_large_image\" \/>\n<meta name=\"twitter:label1\" content=\"Gesch\u00e4tzte Lesezeit\" \/>\n\t<meta name=\"twitter:data1\" content=\"2\u00a0Minuten\" \/>\n<script type=\"application\/ld+json\" class=\"yoast-schema-graph\">{\"@context\":\"https:\\\/\\\/schema.org\",\"@graph\":[{\"@type\":\"WebPage\",\"@id\":\"https:\\\/\\\/lotoonline.fr\\\/de\\\/internationale-lotto-jackpots-online\\\/el-gordo\\\/\",\"url\":\"https:\\\/\\\/lotoonline.fr\\\/de\\\/internationale-lotto-jackpots-online\\\/el-gordo\\\/\",\"name\":\"El Gordo\",\"isPartOf\":{\"@id\":\"https:\\\/\\\/lotoonline.fr\\\/de\\\/#website\"},\"datePublished\":\"2025-07-23T19:28:00+00:00\",\"breadcrumb\":{\"@id\":\"https:\\\/\\\/lotoonline.fr\\\/de\\\/internationale-lotto-jackpots-online\\\/el-gordo\\\/#breadcrumb\"},\"inLanguage\":\"de\",\"potentialAction\":[{\"@type\":\"ReadAction\",\"target\":[\"https:\\\/\\\/lotoonline.fr\\\/de\\\/internationale-lotto-jackpots-online\\\/el-gordo\\\/\"]}]},{\"@type\":\"BreadcrumbList\",\"@id\":\"https:\\\/\\\/lotoonline.fr\\\/de\\\/internationale-lotto-jackpots-online\\\/el-gordo\\\/#breadcrumb\",\"itemListElement\":[{\"@type\":\"ListItem\",\"position\":1,\"name\":\"Home\",\"item\":\"https:\\\/\\\/lotoonline.fr\\\/de\\\/\"},{\"@type\":\"ListItem\",\"position\":2,\"name\":\"Internationale Lotto-Jackpots online\",\"item\":\"https:\\\/\\\/lotoonline.fr\\\/de\\\/internationale-lotto-jackpots-online\\\/\"},{\"@type\":\"ListItem\",\"position\":3,\"name\":\"El Gordo\"}]},{\"@type\":\"WebSite\",\"@id\":\"https:\\\/\\\/lotoonline.fr\\\/de\\\/#website\",\"url\":\"https:\\\/\\\/lotoonline.fr\\\/de\\\/\",\"name\":\"\",\"description\":\"\",\"potentialAction\":[{\"@type\":\"SearchAction\",\"target\":{\"@type\":\"EntryPoint\",\"urlTemplate\":\"https:\\\/\\\/lotoonline.fr\\\/de\\\/?s={search_term_string}\"},\"query-input\":{\"@type\":\"PropertyValueSpecification\",\"valueRequired\":true,\"valueName\":\"search_term_string\"}}],\"inLanguage\":\"de\"}]}<\/script>\n<!-- \/ Yoast SEO plugin. -->","yoast_head_json":{"title":"El Gordo","robots":{"index":"index","follow":"follow","max-snippet":"max-snippet:-1","max-image-preview":"max-image-preview:large","max-video-preview":"max-video-preview:-1"},"canonical":"https:\/\/lotoonline.fr\/de\/internationale-lotto-jackpots-online\/el-gordo\/","og_locale":"de_DE","og_type":"article","og_title":"El Gordo","og_description":"Spielen Sie El Gordo noch heute \u2013 versuchen Sie Ihr Gl\u00fcck und vergessen Sie nie, Ihre Gewinnlinie zu setzen, wenn Sie El Gordo de La Primitiva online spielen. &nbsp; Wie spielt man El Gordo online? Wenn Sie El Gordo online spielen m\u00f6chten, schauen Sie sich am besten fr\u00fchere Spiele an und pr\u00fcfen Sie, ob Zahlen [&hellip;]","og_url":"https:\/\/lotoonline.fr\/de\/internationale-lotto-jackpots-online\/el-gordo\/","twitter_card":"summary_large_image","twitter_misc":{"Gesch\u00e4tzte Lesezeit":"2\u00a0Minuten"},"schema":{"@context":"https:\/\/schema.org","@graph":[{"@type":"WebPage","@id":"https:\/\/lotoonline.fr\/de\/internationale-lotto-jackpots-online\/el-gordo\/","url":"https:\/\/lotoonline.fr\/de\/internationale-lotto-jackpots-online\/el-gordo\/","name":"El Gordo","isPartOf":{"@id":"https:\/\/lotoonline.fr\/de\/#website"},"datePublished":"2025-07-23T19:28:00+00:00","breadcrumb":{"@id":"https:\/\/lotoonline.fr\/de\/internationale-lotto-jackpots-online\/el-gordo\/#breadcrumb"},"inLanguage":"de","potentialAction":[{"@type":"ReadAction","target":["https:\/\/lotoonline.fr\/de\/internationale-lotto-jackpots-online\/el-gordo\/"]}]},{"@type":"BreadcrumbList","@id":"https:\/\/lotoonline.fr\/de\/internationale-lotto-jackpots-online\/el-gordo\/#breadcrumb","itemListElement":[{"@type":"ListItem","position":1,"name":"Home","item":"https:\/\/lotoonline.fr\/de\/"},{"@type":"ListItem","position":2,"name":"Internationale Lotto-Jackpots online","item":"https:\/\/lotoonline.fr\/de\/internationale-lotto-jackpots-online\/"},{"@type":"ListItem","position":3,"name":"El Gordo"}]},{"@type":"WebSite","@id":"https:\/\/lotoonline.fr\/de\/#website","url":"https:\/\/lotoonline.fr\/de\/","name":"","description":"","potentialAction":[{"@type":"SearchAction","target":{"@type":"EntryPoint","urlTemplate":"https:\/\/lotoonline.fr\/de\/?s={search_term_string}"},"query-input":{"@type":"PropertyValueSpecification","valueRequired":true,"valueName":"search_term_string"}}],"inLanguage":"de"}]}},"_links":{"self":[{"href":"https:\/\/lotoonline.fr\/de\/wp-json\/wp\/v2\/pages\/52","targetHints":{"allow":["GET"]}}],"collection":[{"href":"https:\/\/lotoonline.fr\/de\/wp-json\/wp\/v2\/pages"}],"about":[{"href":"https:\/\/lotoonline.fr\/de\/wp-json\/wp\/v2\/types\/page"}],"author":[{"embeddable":true,"href":"https:\/\/lotoonline.fr\/de\/wp-json\/wp\/v2\/users\/2"}],"replies":[{"embeddable":true,"href":"https:\/\/lotoonline.fr\/de\/wp-json\/wp\/v2\/comments?post=52"}],"version-history":[{"count":0,"href":"https:\/\/lotoonline.fr\/de\/wp-json\/wp\/v2\/pages\/52\/revisions"}],"up":[{"embeddable":true,"href":"https:\/\/lotoonline.fr\/de\/wp-json\/wp\/v2\/pages\/50"}],"wp:attachment":[{"href":"https:\/\/lotoonline.fr\/de\/wp-json\/wp\/v2\/media?parent=52"}],"curies":[{"name":"wp","href":"https:\/\/api.w.org\/{rel}","templated":true}]}}