{"id":56,"date":"2025-07-23T18:09:24","date_gmt":"2025-07-23T18:09:24","guid":{"rendered":"https:\/\/lotoonline.fr\/internationale-lotto-jackpots-online\/spielen-sie-superenalotto-online-lotto\/"},"modified":"2025-07-23T18:09:24","modified_gmt":"2025-07-23T18:09:24","slug":"spielen-sie-superenalotto-online-lotto","status":"publish","type":"page","link":"https:\/\/lotoonline.fr\/de\/internationale-lotto-jackpots-online\/spielen-sie-superenalotto-online-lotto\/","title":{"rendered":"Spielen Sie Superenalotto Online Lotto"},"content":{"rendered":"<h1>Spielen Sie SuperEnaLotto Online und gewinnen Sie hohe Gewinne. Wir zeigen Ihnen die einfachsten M\u00f6glichkeiten, SuperEnalotto online zu spielen.<\/h1>\n<p>&nbsp;<\/p>\n<h2>Nutzen Sie Ihre Chance und spielen Sie SuperEnaLotto online.<\/h2>\n<p>Dies ist der einfachste Weg zu einer hohen Rendite: Spielen Sie SuperEnalotto online. Tippen Sie einfach sechs Zahlen zwischen 1 und 90. Die Ziehungen finden dienstags, samstags und donnerstags statt. Zus\u00e4tzlich gibt es eine Bonusrunde, die sogenannte Jolly-Zahl. Die Jolly-Zahl wird nach der Hauptziehung gezogen. Wenn Sie nicht alle sechs Zahlen in der Haupttabelle haben, k\u00f6nnen Sie trotzdem den zweiten Preis mit f\u00fcnf Zahlen und der Jolly-Zahl gewinnen.<\/p>\n<p>Gewinne werden ab sechs bis drei Zahlen ausgezahlt. Es ist wichtig zu verstehen, dass Sie mit Millionen von Spielern, nicht nur Italienern, sondern auch Ausl\u00e4ndern, leicht Million\u00e4r werden k\u00f6nnen. Der Startgewinn betr\u00e4gt 1,3 Millionen Euro. Manchmal wird der Jackpot jedoch nicht geknackt, sodass die Auszahlung auf die n\u00e4chste Woche verschoben werden muss. Mit einem solchen Mechanismus k\u00f6nnen Betr\u00e4ge von \u00fcber 100 Millionen Euro erreicht werden! Stellen Sie sich vor, was Sie mit diesem Geldbetrag alles erreichen k\u00f6nnten!<\/p>\n<p>Wenn Sie lieber Zeit sparen und SuperEnalotto online spielen m\u00f6chten, k\u00f6nnen Sie den QuickPick-Selektor auf der Website nutzen. Er w\u00e4hlt Ihre Zahlen nach dem Zufallsprinzip aus, und etwa 57 % der Gewinne werden auf diese Weise erzielt. Wenn Sie gewinnen, wird Ihnen das Geld auf Ihr Konto \u00fcberwiesen. Bei Gewinnen \u00fcber 2500 \u20ac k\u00f6nnen Sie sich den Gewinn auch per Scheck auszahlen lassen \u2013 mit Unterst\u00fctzung von <a href=\"https:\/\/redfoxlotto.com\/?ref=A8564250A2&#038;medium=lofr\" target=\"_blank\" rel=\"noopener\">RedFoxLotto.<\/a><\/p>\n<h2>Spielen Sie SuperEnaLotto noch heute online<\/h2>\n<p>Wenn Sie den Jackpot oder einen hohen Betrag gewinnen, k\u00f6nnen Sie sich Ihr Gewinnlos auch zusenden lassen und den Gewinn anschlie\u00dfend in der italienischen Zentrale abheben. Stellen Sie sich vor: Sie k\u00f6nnen anschlie\u00dfend die Ferrari- und Lamborghini-Werke besichtigen, ein Auto bestellen, den Gardasee oder den Comer See besuchen und die besten Weine von Florenz probieren. Italien ist der ideale Ort f\u00fcr Lottogewinner \u2013 und wie k\u00f6nnte man besser in den Luxuslebensstil starten als hier?<\/p>\n<p>Um Lotto zu spielen, m\u00fcssen Sie \u00fcber 18 Jahre alt sein. Aber keine Sorge, auch Nicht-Italiener k\u00f6nnen mitspielen. Wer SuperEnalotto online spielt, hat die h\u00f6chsten Gewinnchancen, denn die italienische Lotterie z\u00e4hlt zu den gro\u00dfz\u00fcgigsten. Seit ihrer Gr\u00fcndung 1997 wurde die Lotterie in Italien schnell zu einem bekannten Namen. Die Ziehungen finden in den pr\u00e4chtigen St\u00e4dten Rom, Neapel, Mailand, Bari, Florenz und Palermo statt. Die dreimal w\u00f6chentlich gezogenen Jolly-Zahlen stammen von der venezianischen Lotterie.<\/p>\n<p>Z\u00f6gern Sie nicht l\u00e4nger und spielen Sie SuperEnalotto online \u2013 so sparen Sie Zeit. Au\u00dferdem k\u00f6nnen Sie Ihren Lottoschein nicht verlieren. So bewahren Sie ihn sicher auf. Im Gewinnfall erhalten Sie eine SMS oder E-Mail. Dank des Internets ist es viel einfacher geworden, Million\u00e4r zu werden.<\/p>\n","protected":false},"excerpt":{"rendered":"<p>Spielen Sie SuperEnaLotto Online und gewinnen Sie hohe Gewinne. Wir zeigen Ihnen die einfachsten M\u00f6glichkeiten, SuperEnalotto online zu spielen. &nbsp; Nutzen Sie Ihre Chance und spielen Sie SuperEnaLotto online. Dies ist der einfachste Weg zu einer hohen Rendite: Spielen Sie SuperEnalotto online. Tippen Sie einfach sechs Zahlen zwischen 1 und 90. Die Ziehungen finden dienstags, [&hellip;]<\/p>\n","protected":false},"author":2,"featured_media":0,"parent":50,"menu_order":0,"comment_status":"closed","ping_status":"closed","template":"","meta":{"footnotes":""},"class_list":["post-56","page","type-page","status-publish","hentry"],"blocksy_meta":[],"yoast_head":"<!-- This site is optimized with the Yoast SEO plugin v27.4 - https:\/\/yoast.com\/product\/yoast-seo-wordpress\/ -->\n<title>Spielen Sie Superenalotto Online Lotto<\/title>\n<meta name=\"robots\" content=\"index, follow, max-snippet:-1, max-image-preview:large, max-video-preview:-1\" \/>\n<link rel=\"canonical\" href=\"https:\/\/lotoonline.fr\/de\/internationale-lotto-jackpots-online\/spielen-sie-superenalotto-online-lotto\/\" \/>\n<meta property=\"og:locale\" content=\"de_DE\" \/>\n<meta property=\"og:type\" content=\"article\" \/>\n<meta property=\"og:title\" content=\"Spielen Sie Superenalotto Online Lotto\" \/>\n<meta property=\"og:description\" content=\"Spielen Sie SuperEnaLotto Online und gewinnen Sie hohe Gewinne. Wir zeigen Ihnen die einfachsten M\u00f6glichkeiten, SuperEnalotto online zu spielen. &nbsp; Nutzen Sie Ihre Chance und spielen Sie SuperEnaLotto online. Dies ist der einfachste Weg zu einer hohen Rendite: Spielen Sie SuperEnalotto online. Tippen Sie einfach sechs Zahlen zwischen 1 und 90. Die Ziehungen finden dienstags, [&hellip;]\" \/>\n<meta property=\"og:url\" content=\"https:\/\/lotoonline.fr\/de\/internationale-lotto-jackpots-online\/spielen-sie-superenalotto-online-lotto\/\" \/>\n<meta name=\"twitter:card\" content=\"summary_large_image\" \/>\n<meta name=\"twitter:label1\" content=\"Gesch\u00e4tzte Lesezeit\" \/>\n\t<meta name=\"twitter:data1\" content=\"2\u00a0Minuten\" \/>\n<script type=\"application\/ld+json\" class=\"yoast-schema-graph\">{\"@context\":\"https:\\\/\\\/schema.org\",\"@graph\":[{\"@type\":\"WebPage\",\"@id\":\"https:\\\/\\\/lotoonline.fr\\\/de\\\/internationale-lotto-jackpots-online\\\/spielen-sie-superenalotto-online-lotto\\\/\",\"url\":\"https:\\\/\\\/lotoonline.fr\\\/de\\\/internationale-lotto-jackpots-online\\\/spielen-sie-superenalotto-online-lotto\\\/\",\"name\":\"Spielen Sie Superenalotto Online Lotto\",\"isPartOf\":{\"@id\":\"https:\\\/\\\/lotoonline.fr\\\/de\\\/#website\"},\"datePublished\":\"2025-07-23T18:09:24+00:00\",\"breadcrumb\":{\"@id\":\"https:\\\/\\\/lotoonline.fr\\\/de\\\/internationale-lotto-jackpots-online\\\/spielen-sie-superenalotto-online-lotto\\\/#breadcrumb\"},\"inLanguage\":\"de\",\"potentialAction\":[{\"@type\":\"ReadAction\",\"target\":[\"https:\\\/\\\/lotoonline.fr\\\/de\\\/internationale-lotto-jackpots-online\\\/spielen-sie-superenalotto-online-lotto\\\/\"]}]},{\"@type\":\"BreadcrumbList\",\"@id\":\"https:\\\/\\\/lotoonline.fr\\\/de\\\/internationale-lotto-jackpots-online\\\/spielen-sie-superenalotto-online-lotto\\\/#breadcrumb\",\"itemListElement\":[{\"@type\":\"ListItem\",\"position\":1,\"name\":\"Home\",\"item\":\"https:\\\/\\\/lotoonline.fr\\\/de\\\/\"},{\"@type\":\"ListItem\",\"position\":2,\"name\":\"Internationale Lotto-Jackpots online\",\"item\":\"https:\\\/\\\/lotoonline.fr\\\/de\\\/internationale-lotto-jackpots-online\\\/\"},{\"@type\":\"ListItem\",\"position\":3,\"name\":\"Spielen Sie Superenalotto Online Lotto\"}]},{\"@type\":\"WebSite\",\"@id\":\"https:\\\/\\\/lotoonline.fr\\\/de\\\/#website\",\"url\":\"https:\\\/\\\/lotoonline.fr\\\/de\\\/\",\"name\":\"\",\"description\":\"\",\"potentialAction\":[{\"@type\":\"SearchAction\",\"target\":{\"@type\":\"EntryPoint\",\"urlTemplate\":\"https:\\\/\\\/lotoonline.fr\\\/de\\\/?s={search_term_string}\"},\"query-input\":{\"@type\":\"PropertyValueSpecification\",\"valueRequired\":true,\"valueName\":\"search_term_string\"}}],\"inLanguage\":\"de\"}]}<\/script>\n<!-- \/ Yoast SEO plugin. -->","yoast_head_json":{"title":"Spielen Sie Superenalotto Online Lotto","robots":{"index":"index","follow":"follow","max-snippet":"max-snippet:-1","max-image-preview":"max-image-preview:large","max-video-preview":"max-video-preview:-1"},"canonical":"https:\/\/lotoonline.fr\/de\/internationale-lotto-jackpots-online\/spielen-sie-superenalotto-online-lotto\/","og_locale":"de_DE","og_type":"article","og_title":"Spielen Sie Superenalotto Online Lotto","og_description":"Spielen Sie SuperEnaLotto Online und gewinnen Sie hohe Gewinne. Wir zeigen Ihnen die einfachsten M\u00f6glichkeiten, SuperEnalotto online zu spielen. &nbsp; Nutzen Sie Ihre Chance und spielen Sie SuperEnaLotto online. Dies ist der einfachste Weg zu einer hohen Rendite: Spielen Sie SuperEnalotto online. Tippen Sie einfach sechs Zahlen zwischen 1 und 90. Die Ziehungen finden dienstags, [&hellip;]","og_url":"https:\/\/lotoonline.fr\/de\/internationale-lotto-jackpots-online\/spielen-sie-superenalotto-online-lotto\/","twitter_card":"summary_large_image","twitter_misc":{"Gesch\u00e4tzte Lesezeit":"2\u00a0Minuten"},"schema":{"@context":"https:\/\/schema.org","@graph":[{"@type":"WebPage","@id":"https:\/\/lotoonline.fr\/de\/internationale-lotto-jackpots-online\/spielen-sie-superenalotto-online-lotto\/","url":"https:\/\/lotoonline.fr\/de\/internationale-lotto-jackpots-online\/spielen-sie-superenalotto-online-lotto\/","name":"Spielen Sie Superenalotto Online Lotto","isPartOf":{"@id":"https:\/\/lotoonline.fr\/de\/#website"},"datePublished":"2025-07-23T18:09:24+00:00","breadcrumb":{"@id":"https:\/\/lotoonline.fr\/de\/internationale-lotto-jackpots-online\/spielen-sie-superenalotto-online-lotto\/#breadcrumb"},"inLanguage":"de","potentialAction":[{"@type":"ReadAction","target":["https:\/\/lotoonline.fr\/de\/internationale-lotto-jackpots-online\/spielen-sie-superenalotto-online-lotto\/"]}]},{"@type":"BreadcrumbList","@id":"https:\/\/lotoonline.fr\/de\/internationale-lotto-jackpots-online\/spielen-sie-superenalotto-online-lotto\/#breadcrumb","itemListElement":[{"@type":"ListItem","position":1,"name":"Home","item":"https:\/\/lotoonline.fr\/de\/"},{"@type":"ListItem","position":2,"name":"Internationale Lotto-Jackpots online","item":"https:\/\/lotoonline.fr\/de\/internationale-lotto-jackpots-online\/"},{"@type":"ListItem","position":3,"name":"Spielen Sie Superenalotto Online Lotto"}]},{"@type":"WebSite","@id":"https:\/\/lotoonline.fr\/de\/#website","url":"https:\/\/lotoonline.fr\/de\/","name":"","description":"","potentialAction":[{"@type":"SearchAction","target":{"@type":"EntryPoint","urlTemplate":"https:\/\/lotoonline.fr\/de\/?s={search_term_string}"},"query-input":{"@type":"PropertyValueSpecification","valueRequired":true,"valueName":"search_term_string"}}],"inLanguage":"de"}]}},"_links":{"self":[{"href":"https:\/\/lotoonline.fr\/de\/wp-json\/wp\/v2\/pages\/56","targetHints":{"allow":["GET"]}}],"collection":[{"href":"https:\/\/lotoonline.fr\/de\/wp-json\/wp\/v2\/pages"}],"about":[{"href":"https:\/\/lotoonline.fr\/de\/wp-json\/wp\/v2\/types\/page"}],"author":[{"embeddable":true,"href":"https:\/\/lotoonline.fr\/de\/wp-json\/wp\/v2\/users\/2"}],"replies":[{"embeddable":true,"href":"https:\/\/lotoonline.fr\/de\/wp-json\/wp\/v2\/comments?post=56"}],"version-history":[{"count":0,"href":"https:\/\/lotoonline.fr\/de\/wp-json\/wp\/v2\/pages\/56\/revisions"}],"up":[{"embeddable":true,"href":"https:\/\/lotoonline.fr\/de\/wp-json\/wp\/v2\/pages\/50"}],"wp:attachment":[{"href":"https:\/\/lotoonline.fr\/de\/wp-json\/wp\/v2\/media?parent=56"}],"curies":[{"name":"wp","href":"https:\/\/api.w.org\/{rel}","templated":true}]}}