{"id":58,"date":"2025-07-23T18:01:22","date_gmt":"2025-07-23T18:01:22","guid":{"rendered":"https:\/\/lotoonline.fr\/internationale-lotto-jackpots-online\/eurojackpot-online-spielen\/"},"modified":"2025-07-23T18:01:22","modified_gmt":"2025-07-23T18:01:22","slug":"eurojackpot-online-spielen","status":"publish","type":"page","link":"https:\/\/lotoonline.fr\/de\/internationale-lotto-jackpots-online\/eurojackpot-online-spielen\/","title":{"rendered":"Eurojackpot online spielen"},"content":{"rendered":"<h1>Eurojackpot ist eine der vielen Lotterien, die Sie \u00fcber RedFoxLotto erhalten k\u00f6nnen.<\/h1>\n<p>&nbsp;<\/p>\n<h2>Ihr Wohnsitzland spielt keine Rolle.<\/h2>\n<p>Wenn Sie Eurojackpot-Lose nicht auf herk\u00f6mmliche Weise kaufen k\u00f6nnten, w\u00fcrden Sie wahrscheinlich \u00fcberhaupt kein Los f\u00fcr diese prestigetr\u00e4chtige Lotterie erhalten. Eurojackpot ist nur in Lottoannahmestellen in einigen ausgew\u00e4hlten europ\u00e4ischen L\u00e4ndern erh\u00e4ltlich.<\/p>\n<p>Aber dar\u00fcber m\u00fcssen Sie sich keine Sorgen mehr machen. Bestellen Sie Ihr Los jetzt einfach online. <a href=\"https:\/\/redfoxlotto.com\/?ref=A8564250A2&#038;medium=lofr\" target=\"_blank\" rel=\"noopener\">Genau darum geht es bei RedFoxLotto.<\/a> Klicken Sie hier, um die Website jetzt zu besuchen.<\/p>\n<p>Das Unternehmen betreibt einen Kurierdienst mit Vertretern in allen L\u00e4ndern, in denen gro\u00dfe Lotterien stattfinden. Sie tippen Ihre Zahlen f\u00fcr eine der verf\u00fcgbaren Lotterien (einschlie\u00dflich Eurojackpot und Euromillionen), bezahlen online und Ihr Tippschein wird Ihnen besorgt. Minuten sp\u00e4ter ist Ihr Tippschein in Ihrem Konto verf\u00fcgbar.<\/p>\n<p>Wie funktioniert Eurojackpot?<\/p>\n<p>Eurojackpot hat einige Besonderheiten, die diese Lotterie sehr interessant machen. Erstens sind die Gewinnchancen nicht so schlecht (im Vergleich zu anderen Lotterien wie Superenalotto, Powerball oder Mega Millions). Der Mindestjackpot betr\u00e4gt 10 Millionen Euro, der H\u00f6chstjackpot 90 Millionen Euro. Sobald der H\u00f6chstbetrag von 90 Millionen Euro erreicht wird, wird der zweite Gewinnbetrag aufgestockt. Das bedeutet, dass Sie in diesem Fall einen hohen Gewinn erzielen k\u00f6nnen, ohne alle Zahlen richtig zu haben. Anstatt alle f\u00fcnf Hauptzahlen und die zwei Zusatzzahlen richtig zu haben, k\u00f6nnen Sie mit f\u00fcnf Hauptzahlen und nur einer Zusatzzahl einen gro\u00dfen Gewinn erzielen. Da die Zusatzzahl zwischen 1 und 10 liegen muss, ist Ihre Chance, den zweiten Gewinn zu gewinnen, zehnmal h\u00f6her!<\/p>\n<p>Besuchen Sie jetzt RedFoxLotto und holen Sie sich Ihre Online-Tickets f\u00fcr den Eurojackpot!<\/p>\n","protected":false},"excerpt":{"rendered":"<p>Eurojackpot ist eine der vielen Lotterien, die Sie \u00fcber RedFoxLotto erhalten k\u00f6nnen. &nbsp; Ihr Wohnsitzland spielt keine Rolle. Wenn Sie Eurojackpot-Lose nicht auf herk\u00f6mmliche Weise kaufen k\u00f6nnten, w\u00fcrden Sie wahrscheinlich \u00fcberhaupt kein Los f\u00fcr diese prestigetr\u00e4chtige Lotterie erhalten. Eurojackpot ist nur in Lottoannahmestellen in einigen ausgew\u00e4hlten europ\u00e4ischen L\u00e4ndern erh\u00e4ltlich. Aber dar\u00fcber m\u00fcssen Sie sich keine [&hellip;]<\/p>\n","protected":false},"author":2,"featured_media":0,"parent":50,"menu_order":0,"comment_status":"closed","ping_status":"closed","template":"","meta":{"footnotes":""},"class_list":["post-58","page","type-page","status-publish","hentry"],"blocksy_meta":[],"yoast_head":"<!-- This site is optimized with the Yoast SEO plugin v27.4 - https:\/\/yoast.com\/product\/yoast-seo-wordpress\/ -->\n<title>Eurojackpot online spielen<\/title>\n<meta name=\"robots\" content=\"index, follow, max-snippet:-1, max-image-preview:large, max-video-preview:-1\" \/>\n<link rel=\"canonical\" href=\"https:\/\/lotoonline.fr\/de\/internationale-lotto-jackpots-online\/eurojackpot-online-spielen\/\" \/>\n<meta property=\"og:locale\" content=\"de_DE\" \/>\n<meta property=\"og:type\" content=\"article\" \/>\n<meta property=\"og:title\" content=\"Eurojackpot online spielen\" \/>\n<meta property=\"og:description\" content=\"Eurojackpot ist eine der vielen Lotterien, die Sie \u00fcber RedFoxLotto erhalten k\u00f6nnen. &nbsp; Ihr Wohnsitzland spielt keine Rolle. Wenn Sie Eurojackpot-Lose nicht auf herk\u00f6mmliche Weise kaufen k\u00f6nnten, w\u00fcrden Sie wahrscheinlich \u00fcberhaupt kein Los f\u00fcr diese prestigetr\u00e4chtige Lotterie erhalten. Eurojackpot ist nur in Lottoannahmestellen in einigen ausgew\u00e4hlten europ\u00e4ischen L\u00e4ndern erh\u00e4ltlich. Aber dar\u00fcber m\u00fcssen Sie sich keine [&hellip;]\" \/>\n<meta property=\"og:url\" content=\"https:\/\/lotoonline.fr\/de\/internationale-lotto-jackpots-online\/eurojackpot-online-spielen\/\" \/>\n<meta name=\"twitter:card\" content=\"summary_large_image\" \/>\n<meta name=\"twitter:label1\" content=\"Gesch\u00e4tzte Lesezeit\" \/>\n\t<meta name=\"twitter:data1\" content=\"1\u00a0Minute\" \/>\n<script type=\"application\/ld+json\" class=\"yoast-schema-graph\">{\"@context\":\"https:\\\/\\\/schema.org\",\"@graph\":[{\"@type\":\"WebPage\",\"@id\":\"https:\\\/\\\/lotoonline.fr\\\/de\\\/internationale-lotto-jackpots-online\\\/eurojackpot-online-spielen\\\/\",\"url\":\"https:\\\/\\\/lotoonline.fr\\\/de\\\/internationale-lotto-jackpots-online\\\/eurojackpot-online-spielen\\\/\",\"name\":\"Eurojackpot online spielen\",\"isPartOf\":{\"@id\":\"https:\\\/\\\/lotoonline.fr\\\/de\\\/#website\"},\"datePublished\":\"2025-07-23T18:01:22+00:00\",\"breadcrumb\":{\"@id\":\"https:\\\/\\\/lotoonline.fr\\\/de\\\/internationale-lotto-jackpots-online\\\/eurojackpot-online-spielen\\\/#breadcrumb\"},\"inLanguage\":\"de\",\"potentialAction\":[{\"@type\":\"ReadAction\",\"target\":[\"https:\\\/\\\/lotoonline.fr\\\/de\\\/internationale-lotto-jackpots-online\\\/eurojackpot-online-spielen\\\/\"]}]},{\"@type\":\"BreadcrumbList\",\"@id\":\"https:\\\/\\\/lotoonline.fr\\\/de\\\/internationale-lotto-jackpots-online\\\/eurojackpot-online-spielen\\\/#breadcrumb\",\"itemListElement\":[{\"@type\":\"ListItem\",\"position\":1,\"name\":\"Home\",\"item\":\"https:\\\/\\\/lotoonline.fr\\\/de\\\/\"},{\"@type\":\"ListItem\",\"position\":2,\"name\":\"Internationale Lotto-Jackpots online\",\"item\":\"https:\\\/\\\/lotoonline.fr\\\/de\\\/internationale-lotto-jackpots-online\\\/\"},{\"@type\":\"ListItem\",\"position\":3,\"name\":\"Eurojackpot online spielen\"}]},{\"@type\":\"WebSite\",\"@id\":\"https:\\\/\\\/lotoonline.fr\\\/de\\\/#website\",\"url\":\"https:\\\/\\\/lotoonline.fr\\\/de\\\/\",\"name\":\"\",\"description\":\"\",\"potentialAction\":[{\"@type\":\"SearchAction\",\"target\":{\"@type\":\"EntryPoint\",\"urlTemplate\":\"https:\\\/\\\/lotoonline.fr\\\/de\\\/?s={search_term_string}\"},\"query-input\":{\"@type\":\"PropertyValueSpecification\",\"valueRequired\":true,\"valueName\":\"search_term_string\"}}],\"inLanguage\":\"de\"}]}<\/script>\n<!-- \/ Yoast SEO plugin. -->","yoast_head_json":{"title":"Eurojackpot online spielen","robots":{"index":"index","follow":"follow","max-snippet":"max-snippet:-1","max-image-preview":"max-image-preview:large","max-video-preview":"max-video-preview:-1"},"canonical":"https:\/\/lotoonline.fr\/de\/internationale-lotto-jackpots-online\/eurojackpot-online-spielen\/","og_locale":"de_DE","og_type":"article","og_title":"Eurojackpot online spielen","og_description":"Eurojackpot ist eine der vielen Lotterien, die Sie \u00fcber RedFoxLotto erhalten k\u00f6nnen. &nbsp; Ihr Wohnsitzland spielt keine Rolle. Wenn Sie Eurojackpot-Lose nicht auf herk\u00f6mmliche Weise kaufen k\u00f6nnten, w\u00fcrden Sie wahrscheinlich \u00fcberhaupt kein Los f\u00fcr diese prestigetr\u00e4chtige Lotterie erhalten. Eurojackpot ist nur in Lottoannahmestellen in einigen ausgew\u00e4hlten europ\u00e4ischen L\u00e4ndern erh\u00e4ltlich. Aber dar\u00fcber m\u00fcssen Sie sich keine [&hellip;]","og_url":"https:\/\/lotoonline.fr\/de\/internationale-lotto-jackpots-online\/eurojackpot-online-spielen\/","twitter_card":"summary_large_image","twitter_misc":{"Gesch\u00e4tzte Lesezeit":"1\u00a0Minute"},"schema":{"@context":"https:\/\/schema.org","@graph":[{"@type":"WebPage","@id":"https:\/\/lotoonline.fr\/de\/internationale-lotto-jackpots-online\/eurojackpot-online-spielen\/","url":"https:\/\/lotoonline.fr\/de\/internationale-lotto-jackpots-online\/eurojackpot-online-spielen\/","name":"Eurojackpot online spielen","isPartOf":{"@id":"https:\/\/lotoonline.fr\/de\/#website"},"datePublished":"2025-07-23T18:01:22+00:00","breadcrumb":{"@id":"https:\/\/lotoonline.fr\/de\/internationale-lotto-jackpots-online\/eurojackpot-online-spielen\/#breadcrumb"},"inLanguage":"de","potentialAction":[{"@type":"ReadAction","target":["https:\/\/lotoonline.fr\/de\/internationale-lotto-jackpots-online\/eurojackpot-online-spielen\/"]}]},{"@type":"BreadcrumbList","@id":"https:\/\/lotoonline.fr\/de\/internationale-lotto-jackpots-online\/eurojackpot-online-spielen\/#breadcrumb","itemListElement":[{"@type":"ListItem","position":1,"name":"Home","item":"https:\/\/lotoonline.fr\/de\/"},{"@type":"ListItem","position":2,"name":"Internationale Lotto-Jackpots online","item":"https:\/\/lotoonline.fr\/de\/internationale-lotto-jackpots-online\/"},{"@type":"ListItem","position":3,"name":"Eurojackpot online spielen"}]},{"@type":"WebSite","@id":"https:\/\/lotoonline.fr\/de\/#website","url":"https:\/\/lotoonline.fr\/de\/","name":"","description":"","potentialAction":[{"@type":"SearchAction","target":{"@type":"EntryPoint","urlTemplate":"https:\/\/lotoonline.fr\/de\/?s={search_term_string}"},"query-input":{"@type":"PropertyValueSpecification","valueRequired":true,"valueName":"search_term_string"}}],"inLanguage":"de"}]}},"_links":{"self":[{"href":"https:\/\/lotoonline.fr\/de\/wp-json\/wp\/v2\/pages\/58","targetHints":{"allow":["GET"]}}],"collection":[{"href":"https:\/\/lotoonline.fr\/de\/wp-json\/wp\/v2\/pages"}],"about":[{"href":"https:\/\/lotoonline.fr\/de\/wp-json\/wp\/v2\/types\/page"}],"author":[{"embeddable":true,"href":"https:\/\/lotoonline.fr\/de\/wp-json\/wp\/v2\/users\/2"}],"replies":[{"embeddable":true,"href":"https:\/\/lotoonline.fr\/de\/wp-json\/wp\/v2\/comments?post=58"}],"version-history":[{"count":0,"href":"https:\/\/lotoonline.fr\/de\/wp-json\/wp\/v2\/pages\/58\/revisions"}],"up":[{"embeddable":true,"href":"https:\/\/lotoonline.fr\/de\/wp-json\/wp\/v2\/pages\/50"}],"wp:attachment":[{"href":"https:\/\/lotoonline.fr\/de\/wp-json\/wp\/v2\/media?parent=58"}],"curies":[{"name":"wp","href":"https:\/\/api.w.org\/{rel}","templated":true}]}}