{"id":62,"date":"2025-07-23T18:07:04","date_gmt":"2025-07-23T18:07:04","guid":{"rendered":"https:\/\/lotoonline.fr\/internationale-lotto-jackpots-online\/spielen-sie-powerball-lotto-online\/"},"modified":"2025-07-23T18:07:04","modified_gmt":"2025-07-23T18:07:04","slug":"spielen-sie-powerball-lotto-online","status":"publish","type":"page","link":"https:\/\/lotoonline.fr\/de\/internationale-lotto-jackpots-online\/spielen-sie-powerball-lotto-online\/","title":{"rendered":"Spielen Sie Powerball Lotto online"},"content":{"rendered":"<h1>Spielen Sie noch heute Powerball online und gewinnen Sie<\/h1>\n<p>Es gibt Ger\u00fcchte, dass sich Amerikas gr\u00f6\u00dfte Lotterie den Euromillions anschlie\u00dfen und so eine Weltlotterie schaffen k\u00f6nnte. Dies w\u00e4re m\u00f6glich, wenn Sie Powerball online spielen. Da die Preise bereits hoch sind (der h\u00f6chste jemals ausgezahlte Jackpot lag bei \u00fcber 1,5 Milliarden Dollar), k\u00f6nnte ein Lotteriepool noch mehr Geld zu gewinnen bieten. Powerball wurde 1988 eingef\u00fchrt, und die Ziehung findet samstags und mittwochs statt und erfolgt in einer Art Doppeltrommellotterie.<\/p>\n<p>Die Spieler w\u00e4hlen zun\u00e4chst Zahlen zwischen 1 und 59 und dann zwischen 1 und 39 f\u00fcr die Powerball-Zahl. Mit einem Jackpot ab 40 Millionen Dollar werden Sie garantiert nicht entt\u00e4uscht sein. Wird der Jackpot nicht geknackt, wird das Geld auf die n\u00e4chste Woche \u00fcbertragen und kann in vielen F\u00e4llen monatelang bestehen bleiben, was erkl\u00e4rt, warum Jackpots mit astronomischen Summen gewonnen werden k\u00f6nnen. Jack Whittaker gewann am Weihnachtstag 2002 unglaubliche 314 Millionen Dollar, w\u00e4hrend sich 2006 in Nebraska acht Arbeiter einer Fleischfabrik einen Jackpot von 365 Millionen Dollar teilten.<\/p>\n<p>Es gab viele weitere Gewinne, wie zum Beispiel den einer Familie aus dem Westen, die 2005 den Jackpot knackte und 340 Millionen Dollar erhielt. Man sollte jedoch bedenken, dass man beim Powerball Online-Lotto besser dran ist, da man kein physisches Los in der Hand hat, das verloren gehen k\u00f6nnte. Hier erfahren Sie, wie der Gewinner aus Indiana die Chance verpasste, seinen Gewinn von 51 Millionen Dollar einzustreichen!<\/p>\n<h2>\u00c4ndern Sie Ihr Leben und spielen Sie noch heute Powerball Online-Lotto<\/h2>\n<p>Wenn Sie Powerball Online-Lotto spielen, k\u00f6nnen Sie Lose im Voraus kaufen oder ein Monatsabonnement abschlie\u00dfen, sodass Sie sich nicht zweimal pro Woche anmelden m\u00fcssen. So vergessen Sie nie wieder, Ihre Lieblingszahlen einzugeben. Stellen Sie sich vor, wie katastrophal es w\u00e4re, wenn die Ziehung genau in der Woche erfolgen w\u00fcrde, in der Sie vergessen haben, zu spielen. Powerball ist in 41 Bundesstaaten und mittlerweile auch online verf\u00fcgbar. Das bedeutet, dass Menschen weltweit die Chance haben, den Jackpot zu knacken und Million\u00e4re zu werden.&nbsp;<\/p>\n<p>Beim Kauf eines Loses k\u00f6nnen Sie die Zahlungen auf 29 Jahre verteilen (mit 30 Einzahlungen), sodass Sie nie arbeiten m\u00fcssen \u2013 Sie k\u00f6nnen sich jederzeit auf eine hohe Geldreserve verlassen, die auf Ihrem Konto oder als Einmalzahlung gutgeschrieben wird. Ein hohes Einkommen ist eine gro\u00dfe Verantwortung, und es kann sinnvoll sein, die Zahlungen \u00fcber mehrere Jahre zu verteilen.<\/p>\n<p>Um an der Powerball-Online-Lotterie teilzunehmen, m\u00fcssen Sie lediglich ein oder mehrere Lose kaufen und die w\u00f6chentlichen Ziehungen am Mittwoch und Samstag im Fernsehen oder Live-Stream verfolgen. So k\u00f6nnen Sie bereits nach dem Gewinn dar\u00fcber nachdenken, wie Sie Ihren Gewinn verwenden.&nbsp;<\/p>\n","protected":false},"excerpt":{"rendered":"<p>Spielen Sie noch heute Powerball online und gewinnen Sie Es gibt Ger\u00fcchte, dass sich Amerikas gr\u00f6\u00dfte Lotterie den Euromillions anschlie\u00dfen und so eine Weltlotterie schaffen k\u00f6nnte. Dies w\u00e4re m\u00f6glich, wenn Sie Powerball online spielen. Da die Preise bereits hoch sind (der h\u00f6chste jemals ausgezahlte Jackpot lag bei \u00fcber 1,5 Milliarden Dollar), k\u00f6nnte ein Lotteriepool noch [&hellip;]<\/p>\n","protected":false},"author":2,"featured_media":0,"parent":50,"menu_order":0,"comment_status":"closed","ping_status":"closed","template":"","meta":{"footnotes":""},"class_list":["post-62","page","type-page","status-publish","hentry"],"blocksy_meta":[],"yoast_head":"<!-- This site is optimized with the Yoast SEO plugin v27.4 - https:\/\/yoast.com\/product\/yoast-seo-wordpress\/ -->\n<title>Spielen Sie Powerball Lotto online<\/title>\n<meta name=\"robots\" content=\"index, follow, max-snippet:-1, max-image-preview:large, max-video-preview:-1\" \/>\n<link rel=\"canonical\" href=\"https:\/\/lotoonline.fr\/de\/internationale-lotto-jackpots-online\/spielen-sie-powerball-lotto-online\/\" \/>\n<meta property=\"og:locale\" content=\"de_DE\" \/>\n<meta property=\"og:type\" content=\"article\" \/>\n<meta property=\"og:title\" content=\"Spielen Sie Powerball Lotto online\" \/>\n<meta property=\"og:description\" content=\"Spielen Sie noch heute Powerball online und gewinnen Sie Es gibt Ger\u00fcchte, dass sich Amerikas gr\u00f6\u00dfte Lotterie den Euromillions anschlie\u00dfen und so eine Weltlotterie schaffen k\u00f6nnte. Dies w\u00e4re m\u00f6glich, wenn Sie Powerball online spielen. Da die Preise bereits hoch sind (der h\u00f6chste jemals ausgezahlte Jackpot lag bei \u00fcber 1,5 Milliarden Dollar), k\u00f6nnte ein Lotteriepool noch [&hellip;]\" \/>\n<meta property=\"og:url\" content=\"https:\/\/lotoonline.fr\/de\/internationale-lotto-jackpots-online\/spielen-sie-powerball-lotto-online\/\" \/>\n<meta name=\"twitter:card\" content=\"summary_large_image\" \/>\n<meta name=\"twitter:label1\" content=\"Gesch\u00e4tzte Lesezeit\" \/>\n\t<meta name=\"twitter:data1\" content=\"2\u00a0Minuten\" \/>\n<script type=\"application\/ld+json\" class=\"yoast-schema-graph\">{\"@context\":\"https:\\\/\\\/schema.org\",\"@graph\":[{\"@type\":\"WebPage\",\"@id\":\"https:\\\/\\\/lotoonline.fr\\\/de\\\/internationale-lotto-jackpots-online\\\/spielen-sie-powerball-lotto-online\\\/\",\"url\":\"https:\\\/\\\/lotoonline.fr\\\/de\\\/internationale-lotto-jackpots-online\\\/spielen-sie-powerball-lotto-online\\\/\",\"name\":\"Spielen Sie Powerball Lotto online\",\"isPartOf\":{\"@id\":\"https:\\\/\\\/lotoonline.fr\\\/de\\\/#website\"},\"datePublished\":\"2025-07-23T18:07:04+00:00\",\"breadcrumb\":{\"@id\":\"https:\\\/\\\/lotoonline.fr\\\/de\\\/internationale-lotto-jackpots-online\\\/spielen-sie-powerball-lotto-online\\\/#breadcrumb\"},\"inLanguage\":\"de\",\"potentialAction\":[{\"@type\":\"ReadAction\",\"target\":[\"https:\\\/\\\/lotoonline.fr\\\/de\\\/internationale-lotto-jackpots-online\\\/spielen-sie-powerball-lotto-online\\\/\"]}]},{\"@type\":\"BreadcrumbList\",\"@id\":\"https:\\\/\\\/lotoonline.fr\\\/de\\\/internationale-lotto-jackpots-online\\\/spielen-sie-powerball-lotto-online\\\/#breadcrumb\",\"itemListElement\":[{\"@type\":\"ListItem\",\"position\":1,\"name\":\"Home\",\"item\":\"https:\\\/\\\/lotoonline.fr\\\/de\\\/\"},{\"@type\":\"ListItem\",\"position\":2,\"name\":\"Internationale Lotto-Jackpots online\",\"item\":\"https:\\\/\\\/lotoonline.fr\\\/de\\\/internationale-lotto-jackpots-online\\\/\"},{\"@type\":\"ListItem\",\"position\":3,\"name\":\"Spielen Sie Powerball Lotto online\"}]},{\"@type\":\"WebSite\",\"@id\":\"https:\\\/\\\/lotoonline.fr\\\/de\\\/#website\",\"url\":\"https:\\\/\\\/lotoonline.fr\\\/de\\\/\",\"name\":\"\",\"description\":\"\",\"potentialAction\":[{\"@type\":\"SearchAction\",\"target\":{\"@type\":\"EntryPoint\",\"urlTemplate\":\"https:\\\/\\\/lotoonline.fr\\\/de\\\/?s={search_term_string}\"},\"query-input\":{\"@type\":\"PropertyValueSpecification\",\"valueRequired\":true,\"valueName\":\"search_term_string\"}}],\"inLanguage\":\"de\"}]}<\/script>\n<!-- \/ Yoast SEO plugin. -->","yoast_head_json":{"title":"Spielen Sie Powerball Lotto online","robots":{"index":"index","follow":"follow","max-snippet":"max-snippet:-1","max-image-preview":"max-image-preview:large","max-video-preview":"max-video-preview:-1"},"canonical":"https:\/\/lotoonline.fr\/de\/internationale-lotto-jackpots-online\/spielen-sie-powerball-lotto-online\/","og_locale":"de_DE","og_type":"article","og_title":"Spielen Sie Powerball Lotto online","og_description":"Spielen Sie noch heute Powerball online und gewinnen Sie Es gibt Ger\u00fcchte, dass sich Amerikas gr\u00f6\u00dfte Lotterie den Euromillions anschlie\u00dfen und so eine Weltlotterie schaffen k\u00f6nnte. Dies w\u00e4re m\u00f6glich, wenn Sie Powerball online spielen. Da die Preise bereits hoch sind (der h\u00f6chste jemals ausgezahlte Jackpot lag bei \u00fcber 1,5 Milliarden Dollar), k\u00f6nnte ein Lotteriepool noch [&hellip;]","og_url":"https:\/\/lotoonline.fr\/de\/internationale-lotto-jackpots-online\/spielen-sie-powerball-lotto-online\/","twitter_card":"summary_large_image","twitter_misc":{"Gesch\u00e4tzte Lesezeit":"2\u00a0Minuten"},"schema":{"@context":"https:\/\/schema.org","@graph":[{"@type":"WebPage","@id":"https:\/\/lotoonline.fr\/de\/internationale-lotto-jackpots-online\/spielen-sie-powerball-lotto-online\/","url":"https:\/\/lotoonline.fr\/de\/internationale-lotto-jackpots-online\/spielen-sie-powerball-lotto-online\/","name":"Spielen Sie Powerball Lotto online","isPartOf":{"@id":"https:\/\/lotoonline.fr\/de\/#website"},"datePublished":"2025-07-23T18:07:04+00:00","breadcrumb":{"@id":"https:\/\/lotoonline.fr\/de\/internationale-lotto-jackpots-online\/spielen-sie-powerball-lotto-online\/#breadcrumb"},"inLanguage":"de","potentialAction":[{"@type":"ReadAction","target":["https:\/\/lotoonline.fr\/de\/internationale-lotto-jackpots-online\/spielen-sie-powerball-lotto-online\/"]}]},{"@type":"BreadcrumbList","@id":"https:\/\/lotoonline.fr\/de\/internationale-lotto-jackpots-online\/spielen-sie-powerball-lotto-online\/#breadcrumb","itemListElement":[{"@type":"ListItem","position":1,"name":"Home","item":"https:\/\/lotoonline.fr\/de\/"},{"@type":"ListItem","position":2,"name":"Internationale Lotto-Jackpots online","item":"https:\/\/lotoonline.fr\/de\/internationale-lotto-jackpots-online\/"},{"@type":"ListItem","position":3,"name":"Spielen Sie Powerball Lotto online"}]},{"@type":"WebSite","@id":"https:\/\/lotoonline.fr\/de\/#website","url":"https:\/\/lotoonline.fr\/de\/","name":"","description":"","potentialAction":[{"@type":"SearchAction","target":{"@type":"EntryPoint","urlTemplate":"https:\/\/lotoonline.fr\/de\/?s={search_term_string}"},"query-input":{"@type":"PropertyValueSpecification","valueRequired":true,"valueName":"search_term_string"}}],"inLanguage":"de"}]}},"_links":{"self":[{"href":"https:\/\/lotoonline.fr\/de\/wp-json\/wp\/v2\/pages\/62","targetHints":{"allow":["GET"]}}],"collection":[{"href":"https:\/\/lotoonline.fr\/de\/wp-json\/wp\/v2\/pages"}],"about":[{"href":"https:\/\/lotoonline.fr\/de\/wp-json\/wp\/v2\/types\/page"}],"author":[{"embeddable":true,"href":"https:\/\/lotoonline.fr\/de\/wp-json\/wp\/v2\/users\/2"}],"replies":[{"embeddable":true,"href":"https:\/\/lotoonline.fr\/de\/wp-json\/wp\/v2\/comments?post=62"}],"version-history":[{"count":0,"href":"https:\/\/lotoonline.fr\/de\/wp-json\/wp\/v2\/pages\/62\/revisions"}],"up":[{"embeddable":true,"href":"https:\/\/lotoonline.fr\/de\/wp-json\/wp\/v2\/pages\/50"}],"wp:attachment":[{"href":"https:\/\/lotoonline.fr\/de\/wp-json\/wp\/v2\/media?parent=62"}],"curies":[{"name":"wp","href":"https:\/\/api.w.org\/{rel}","templated":true}]}}