{"id":66,"date":"2025-07-23T17:55:12","date_gmt":"2025-07-23T17:55:12","guid":{"rendered":"https:\/\/lotoonline.fr\/internationale-lotto-jackpots-online\/la-primitiva\/"},"modified":"2025-07-23T17:55:12","modified_gmt":"2025-07-23T17:55:12","slug":"la-primitiva","status":"publish","type":"page","link":"https:\/\/lotoonline.fr\/de\/internationale-lotto-jackpots-online\/la-primitiva\/","title":{"rendered":"La Primitiva"},"content":{"rendered":"<h1>Wollen Sie Millionen gewinnen? Dann spielen Sie Lotto La Primitiva online.<\/h1>\n<p>&nbsp;<\/p>\n<h2>Warum Lotto La Primitiva online spielen?<\/h2>\n<p>Die Ziehung der La Primitiva Lotterie findet jeden Donnerstag und Samstag um 21:30 Uhr statt und wird jede Woche von Millionen Menschen in Spanien gespielt. Dieses beliebte spanische Lottospiel wurde 1985 eingef\u00fchrt. Sie k\u00f6nnen Ihre Lose nicht nur im Einzelhandel kaufen, sondern jetzt auch online von \u00fcberall aus spielen.&nbsp;<\/p>\n<p>Eine der einfachsten M\u00f6glichkeiten, diese spanische Lotterie zu genie\u00dfen, ist die Teilnahme an der La Primitiva Online-Lotterie. Der Online-Kauf eines Loses bietet viele Vorteile, z. B. die schnelle Abwicklung. Die Zahlen sind einfach zu w\u00e4hlen, und Sie k\u00f6nnen die Ergebnisse nach Abschluss der Ziehung schnell \u00fcberpr\u00fcfen.<\/p>\n<p>Wenn Sie Ihre Lose online kaufen, entf\u00e4llt die Angst vor dem Verlust. Sollten Sie bei La Primitiva gewinnen, k\u00f6nnen Sie beruhigt sein, denn der Vorgang ist sicher und gesch\u00fctzt.<\/p>\n<p>Ein weiterer Vorteil von La Primitiva Online-Lotto ist, dass das Spiel sowohl f\u00fcr Einwohner Spaniens als auch f\u00fcr Nicht-Einwohner Spaniens zug\u00e4nglich ist. Sie m\u00fcssen also weder in Spanien wohnen noch dort geboren sein, um spielen zu k\u00f6nnen.<\/p>\n<h2>Wie spielt man La Primitiva online?<\/h2>\n<p>La Primitiva Online-Lotto kann zweimal pro Woche gespielt werden. Sie k\u00f6nnen w\u00e4hlen, ob Sie jeden Donnerstag oder Samstag mitmachen m\u00f6chten. Wenn Sie Ihre Gewinnchancen bei dieser spanischen Lotterie wirklich erh\u00f6hen m\u00f6chten, empfehlen wir Ihnen, zweimal pro Woche zu spielen! Sie sollten sich wirklich jede Gewinnchance sichern.<\/p>\n<p>Die Ziehung dieser beiden Spiele wird ab 21:30 Uhr im spanischen Fernsehen \u00fcbertragen. Diese Uhrzeit wurde gew\u00e4hlt, da die Lottogewinner zu dieser Zeit meist zu Hause sind. Sollten Sie kein spanisches Fernsehen empfangen k\u00f6nnen, k\u00f6nnen Sie versuchen, einen Livestream auf YouTube zu finden. Eine wichtige Voraussetzung ist, dass Sie \u00fcber 18 Jahre alt sind, um die lokalen Gesetze einzuhalten.<\/p>\n<p>Die Regeln von La Primitiva sind eigentlich ganz einfach. Sie tippen 6 Zahlen Ihrer Wahl zwischen 1 und 49. Wenn Sie die richtigen 6 Zahlen basierend auf den Ziehungen des Tages w\u00e4hlen, gewinnen Sie den Jackpot!<\/p>\n<p>Es gibt jedoch auch andere Gewinnm\u00f6glichkeiten. Wenn Sie beispielsweise die richtigen drei Ziffern tippen, erhalten Sie einen Preis, bei vier richtigen Zahlen ebenfalls. Zus\u00e4tzlich zu den sechs Standardzahlen k\u00f6nnen Sie einen Bonus w\u00e4hlen. Diese Zahl kann zwischen 0 und 9 liegen. Wenn Sie die richtige Zahl tippen, erhalten Sie eine R\u00fcckerstattung Ihres Tickets.<\/p>\n","protected":false},"excerpt":{"rendered":"<p>Wollen Sie Millionen gewinnen? Dann spielen Sie Lotto La Primitiva online. &nbsp; Warum Lotto La Primitiva online spielen? Die Ziehung der La Primitiva Lotterie findet jeden Donnerstag und Samstag um 21:30 Uhr statt und wird jede Woche von Millionen Menschen in Spanien gespielt. Dieses beliebte spanische Lottospiel wurde 1985 eingef\u00fchrt. Sie k\u00f6nnen Ihre Lose nicht [&hellip;]<\/p>\n","protected":false},"author":2,"featured_media":0,"parent":50,"menu_order":0,"comment_status":"closed","ping_status":"closed","template":"","meta":{"footnotes":""},"class_list":["post-66","page","type-page","status-publish","hentry"],"blocksy_meta":[],"yoast_head":"<!-- This site is optimized with the Yoast SEO plugin v27.4 - https:\/\/yoast.com\/product\/yoast-seo-wordpress\/ -->\n<title>La Primitiva<\/title>\n<meta name=\"robots\" content=\"index, follow, max-snippet:-1, max-image-preview:large, max-video-preview:-1\" \/>\n<link rel=\"canonical\" href=\"https:\/\/lotoonline.fr\/de\/internationale-lotto-jackpots-online\/la-primitiva\/\" \/>\n<meta property=\"og:locale\" content=\"de_DE\" \/>\n<meta property=\"og:type\" content=\"article\" \/>\n<meta property=\"og:title\" content=\"La Primitiva\" \/>\n<meta property=\"og:description\" content=\"Wollen Sie Millionen gewinnen? Dann spielen Sie Lotto La Primitiva online. &nbsp; Warum Lotto La Primitiva online spielen? Die Ziehung der La Primitiva Lotterie findet jeden Donnerstag und Samstag um 21:30 Uhr statt und wird jede Woche von Millionen Menschen in Spanien gespielt. Dieses beliebte spanische Lottospiel wurde 1985 eingef\u00fchrt. Sie k\u00f6nnen Ihre Lose nicht [&hellip;]\" \/>\n<meta property=\"og:url\" content=\"https:\/\/lotoonline.fr\/de\/internationale-lotto-jackpots-online\/la-primitiva\/\" \/>\n<meta name=\"twitter:card\" content=\"summary_large_image\" \/>\n<meta name=\"twitter:label1\" content=\"Gesch\u00e4tzte Lesezeit\" \/>\n\t<meta name=\"twitter:data1\" content=\"2\u00a0Minuten\" \/>\n<script type=\"application\/ld+json\" class=\"yoast-schema-graph\">{\"@context\":\"https:\\\/\\\/schema.org\",\"@graph\":[{\"@type\":\"WebPage\",\"@id\":\"https:\\\/\\\/lotoonline.fr\\\/de\\\/internationale-lotto-jackpots-online\\\/la-primitiva\\\/\",\"url\":\"https:\\\/\\\/lotoonline.fr\\\/de\\\/internationale-lotto-jackpots-online\\\/la-primitiva\\\/\",\"name\":\"La Primitiva\",\"isPartOf\":{\"@id\":\"https:\\\/\\\/lotoonline.fr\\\/de\\\/#website\"},\"datePublished\":\"2025-07-23T17:55:12+00:00\",\"breadcrumb\":{\"@id\":\"https:\\\/\\\/lotoonline.fr\\\/de\\\/internationale-lotto-jackpots-online\\\/la-primitiva\\\/#breadcrumb\"},\"inLanguage\":\"de\",\"potentialAction\":[{\"@type\":\"ReadAction\",\"target\":[\"https:\\\/\\\/lotoonline.fr\\\/de\\\/internationale-lotto-jackpots-online\\\/la-primitiva\\\/\"]}]},{\"@type\":\"BreadcrumbList\",\"@id\":\"https:\\\/\\\/lotoonline.fr\\\/de\\\/internationale-lotto-jackpots-online\\\/la-primitiva\\\/#breadcrumb\",\"itemListElement\":[{\"@type\":\"ListItem\",\"position\":1,\"name\":\"Home\",\"item\":\"https:\\\/\\\/lotoonline.fr\\\/de\\\/\"},{\"@type\":\"ListItem\",\"position\":2,\"name\":\"Internationale Lotto-Jackpots online\",\"item\":\"https:\\\/\\\/lotoonline.fr\\\/de\\\/internationale-lotto-jackpots-online\\\/\"},{\"@type\":\"ListItem\",\"position\":3,\"name\":\"La Primitiva\"}]},{\"@type\":\"WebSite\",\"@id\":\"https:\\\/\\\/lotoonline.fr\\\/de\\\/#website\",\"url\":\"https:\\\/\\\/lotoonline.fr\\\/de\\\/\",\"name\":\"\",\"description\":\"\",\"potentialAction\":[{\"@type\":\"SearchAction\",\"target\":{\"@type\":\"EntryPoint\",\"urlTemplate\":\"https:\\\/\\\/lotoonline.fr\\\/de\\\/?s={search_term_string}\"},\"query-input\":{\"@type\":\"PropertyValueSpecification\",\"valueRequired\":true,\"valueName\":\"search_term_string\"}}],\"inLanguage\":\"de\"}]}<\/script>\n<!-- \/ Yoast SEO plugin. -->","yoast_head_json":{"title":"La Primitiva","robots":{"index":"index","follow":"follow","max-snippet":"max-snippet:-1","max-image-preview":"max-image-preview:large","max-video-preview":"max-video-preview:-1"},"canonical":"https:\/\/lotoonline.fr\/de\/internationale-lotto-jackpots-online\/la-primitiva\/","og_locale":"de_DE","og_type":"article","og_title":"La Primitiva","og_description":"Wollen Sie Millionen gewinnen? Dann spielen Sie Lotto La Primitiva online. &nbsp; Warum Lotto La Primitiva online spielen? Die Ziehung der La Primitiva Lotterie findet jeden Donnerstag und Samstag um 21:30 Uhr statt und wird jede Woche von Millionen Menschen in Spanien gespielt. Dieses beliebte spanische Lottospiel wurde 1985 eingef\u00fchrt. Sie k\u00f6nnen Ihre Lose nicht [&hellip;]","og_url":"https:\/\/lotoonline.fr\/de\/internationale-lotto-jackpots-online\/la-primitiva\/","twitter_card":"summary_large_image","twitter_misc":{"Gesch\u00e4tzte Lesezeit":"2\u00a0Minuten"},"schema":{"@context":"https:\/\/schema.org","@graph":[{"@type":"WebPage","@id":"https:\/\/lotoonline.fr\/de\/internationale-lotto-jackpots-online\/la-primitiva\/","url":"https:\/\/lotoonline.fr\/de\/internationale-lotto-jackpots-online\/la-primitiva\/","name":"La Primitiva","isPartOf":{"@id":"https:\/\/lotoonline.fr\/de\/#website"},"datePublished":"2025-07-23T17:55:12+00:00","breadcrumb":{"@id":"https:\/\/lotoonline.fr\/de\/internationale-lotto-jackpots-online\/la-primitiva\/#breadcrumb"},"inLanguage":"de","potentialAction":[{"@type":"ReadAction","target":["https:\/\/lotoonline.fr\/de\/internationale-lotto-jackpots-online\/la-primitiva\/"]}]},{"@type":"BreadcrumbList","@id":"https:\/\/lotoonline.fr\/de\/internationale-lotto-jackpots-online\/la-primitiva\/#breadcrumb","itemListElement":[{"@type":"ListItem","position":1,"name":"Home","item":"https:\/\/lotoonline.fr\/de\/"},{"@type":"ListItem","position":2,"name":"Internationale Lotto-Jackpots online","item":"https:\/\/lotoonline.fr\/de\/internationale-lotto-jackpots-online\/"},{"@type":"ListItem","position":3,"name":"La Primitiva"}]},{"@type":"WebSite","@id":"https:\/\/lotoonline.fr\/de\/#website","url":"https:\/\/lotoonline.fr\/de\/","name":"","description":"","potentialAction":[{"@type":"SearchAction","target":{"@type":"EntryPoint","urlTemplate":"https:\/\/lotoonline.fr\/de\/?s={search_term_string}"},"query-input":{"@type":"PropertyValueSpecification","valueRequired":true,"valueName":"search_term_string"}}],"inLanguage":"de"}]}},"_links":{"self":[{"href":"https:\/\/lotoonline.fr\/de\/wp-json\/wp\/v2\/pages\/66","targetHints":{"allow":["GET"]}}],"collection":[{"href":"https:\/\/lotoonline.fr\/de\/wp-json\/wp\/v2\/pages"}],"about":[{"href":"https:\/\/lotoonline.fr\/de\/wp-json\/wp\/v2\/types\/page"}],"author":[{"embeddable":true,"href":"https:\/\/lotoonline.fr\/de\/wp-json\/wp\/v2\/users\/2"}],"replies":[{"embeddable":true,"href":"https:\/\/lotoonline.fr\/de\/wp-json\/wp\/v2\/comments?post=66"}],"version-history":[{"count":0,"href":"https:\/\/lotoonline.fr\/de\/wp-json\/wp\/v2\/pages\/66\/revisions"}],"up":[{"embeddable":true,"href":"https:\/\/lotoonline.fr\/de\/wp-json\/wp\/v2\/pages\/50"}],"wp:attachment":[{"href":"https:\/\/lotoonline.fr\/de\/wp-json\/wp\/v2\/media?parent=66"}],"curies":[{"name":"wp","href":"https:\/\/api.w.org\/{rel}","templated":true}]}}