{"id":68,"date":"2025-07-23T18:54:39","date_gmt":"2025-07-23T18:54:39","guid":{"rendered":"https:\/\/lotoonline.fr\/internationale-lotto-jackpots-online\/frankreich-lotto-online\/"},"modified":"2025-07-23T18:54:39","modified_gmt":"2025-07-23T18:54:39","slug":"frankreich-lotto-online","status":"publish","type":"page","link":"https:\/\/lotoonline.fr\/de\/internationale-lotto-jackpots-online\/frankreich-lotto-online\/","title":{"rendered":"Frankreich Lotto online"},"content":{"rendered":"<h1>Spielen Sie Lotto Frankreich online und entdecken Sie die Welt<\/h1>\n<p>&nbsp;<\/p>\n<h2>Die franz\u00f6sische Lotterie ist \u00e4u\u00dferst attraktiv.<\/h2>\n<p>Mit bisher \u00fcber 4,4 Millionen Gewinnern st\u00fcrmen viele Menschen ins Internet, um Lotto Frankreich online zu spielen. Da die Ziehung jeden Mittwoch und Samstag stattfindet, haben Sie zwei Chancen, den Superjackpot zu knacken. Und da die Gewinne bei 2 Millionen Euro beginnen und schnell steigen, steht im Vergleich zu dem geringen Betrag, den Sie f\u00fcr ein Los ausgeben m\u00fcssen, viel Geld auf dem Spiel.&nbsp;<\/p>\n<p>Das Besondere am Online-Lotto Frankreich: Sie k\u00f6nnen ein Abonnement abschlie\u00dfen, sodass Sie nie wieder eine Ziehung verpassen. Stellen Sie sich vor, Sie haben Ihre Lieblingszahlen und sie werden in der Woche gezogen, in der Sie vergessen haben, ein Los zu kaufen? Mit einem Online-Abonnement ist dies unwahrscheinlich.<\/p>\n<p>Um im franz\u00f6sischen Lotto zu gewinnen, m\u00fcssen Sie f\u00fcnf Zahlen und die Gl\u00fcckszahl von 1 bis 10 ziehen. Die Hauptzahlen reichen von 1 bis 49. Insgesamt liegt die Chance, den Jackpot zu knacken, bei 1 zu 19 Millionen, aber es gab in der Vergangenheit so viele Gewinner, dass es einen Versuch wert ist. La Fran\u00e7aise des Jeux ist die Organisation, die die Lotterie seit 1976 betreibt und Million\u00e4re hervorgebracht hat.<\/p>\n<h2>Spielen Sie Frankreich Lotto online und nutzen Sie Ihre Gewinnchance.<\/h2>\n<p>Die Lotterie wird an beiden Tagen um 20:40 Uhr im franz\u00f6sischen Fernsehen \u00fcbertragen. Wenn Sie mehr als 2500 Euro gewinnen, erhalten Sie <a href=\"https:\/\/redfoxlotto.com\/?ref=A8564250A2&#038;medium=lofr\" target=\"_blank\" rel=\"noopener\">Unterst\u00fctzung von RedFoxLotto<\/a>, um Ihren Gewinn auszuzahlen. Gewinnen Sie weniger als 2500 Euro, k\u00f6nnen Sie Ihren Gewinn von Ihrem RedFoxLotto-Kundenkonto abheben. Gewinner haben 70 Tage Zeit, ihre Gewinne einzufordern. Das bedeutet, dass Sie bei Verlust Ihres Loses Ihren Gewinn nicht erhalten. Dies ist jedoch beim Online-Lotto France mit seinen elektronischen Losen nicht der Fall. Als gl\u00fccklicher Gewinner m\u00fcssen Sie keine Steuern auf Ihren Gewinn zahlen. Und das Beste: Sie m\u00fcssen keine franz\u00f6sische Staatsb\u00fcrgerschaft besitzen, um mitzuspielen und zu gewinnen.<\/p>\n<p>Ob Sie nur die Gl\u00fcckszahl, zwei, drei, vier, f\u00fcnf oder f\u00fcnf Richtige und die Gl\u00fcckszahl ziehen \u2013 Sie k\u00f6nnen sich als Lotto France-Gewinner betrachten. Wie bei allen Lotterien ist der Einsatz gering, die Gewinne jedoch hoch. Wenn Sie die Welt bereisen, ein neues Zuhause kaufen, die Hypothek Ihrer Familie abbezahlen, Ihr Geld f\u00fcr eine Reise nach Mailand, New York oder an einen exotischen Ort ausgeben und Luxusautos fahren m\u00f6chten, dann ist Lotto France Online die beste Gelegenheit.<\/p>\n","protected":false},"excerpt":{"rendered":"<p>Spielen Sie Lotto Frankreich online und entdecken Sie die Welt &nbsp; Die franz\u00f6sische Lotterie ist \u00e4u\u00dferst attraktiv. Mit bisher \u00fcber 4,4 Millionen Gewinnern st\u00fcrmen viele Menschen ins Internet, um Lotto Frankreich online zu spielen. Da die Ziehung jeden Mittwoch und Samstag stattfindet, haben Sie zwei Chancen, den Superjackpot zu knacken. Und da die Gewinne bei [&hellip;]<\/p>\n","protected":false},"author":2,"featured_media":0,"parent":50,"menu_order":0,"comment_status":"closed","ping_status":"closed","template":"","meta":{"footnotes":""},"class_list":["post-68","page","type-page","status-publish","hentry"],"blocksy_meta":[],"yoast_head":"<!-- This site is optimized with the Yoast SEO plugin v27.4 - https:\/\/yoast.com\/product\/yoast-seo-wordpress\/ -->\n<title>Frankreich Lotto online<\/title>\n<meta name=\"robots\" content=\"index, follow, max-snippet:-1, max-image-preview:large, max-video-preview:-1\" \/>\n<link rel=\"canonical\" href=\"https:\/\/lotoonline.fr\/de\/internationale-lotto-jackpots-online\/frankreich-lotto-online\/\" \/>\n<meta property=\"og:locale\" content=\"de_DE\" \/>\n<meta property=\"og:type\" content=\"article\" \/>\n<meta property=\"og:title\" content=\"Frankreich Lotto online\" \/>\n<meta property=\"og:description\" content=\"Spielen Sie Lotto Frankreich online und entdecken Sie die Welt &nbsp; Die franz\u00f6sische Lotterie ist \u00e4u\u00dferst attraktiv. Mit bisher \u00fcber 4,4 Millionen Gewinnern st\u00fcrmen viele Menschen ins Internet, um Lotto Frankreich online zu spielen. Da die Ziehung jeden Mittwoch und Samstag stattfindet, haben Sie zwei Chancen, den Superjackpot zu knacken. Und da die Gewinne bei [&hellip;]\" \/>\n<meta property=\"og:url\" content=\"https:\/\/lotoonline.fr\/de\/internationale-lotto-jackpots-online\/frankreich-lotto-online\/\" \/>\n<meta name=\"twitter:card\" content=\"summary_large_image\" \/>\n<meta name=\"twitter:label1\" content=\"Gesch\u00e4tzte Lesezeit\" \/>\n\t<meta name=\"twitter:data1\" content=\"2\u00a0Minuten\" \/>\n<script type=\"application\/ld+json\" class=\"yoast-schema-graph\">{\"@context\":\"https:\\\/\\\/schema.org\",\"@graph\":[{\"@type\":\"WebPage\",\"@id\":\"https:\\\/\\\/lotoonline.fr\\\/de\\\/internationale-lotto-jackpots-online\\\/frankreich-lotto-online\\\/\",\"url\":\"https:\\\/\\\/lotoonline.fr\\\/de\\\/internationale-lotto-jackpots-online\\\/frankreich-lotto-online\\\/\",\"name\":\"Frankreich Lotto online\",\"isPartOf\":{\"@id\":\"https:\\\/\\\/lotoonline.fr\\\/de\\\/#website\"},\"datePublished\":\"2025-07-23T18:54:39+00:00\",\"breadcrumb\":{\"@id\":\"https:\\\/\\\/lotoonline.fr\\\/de\\\/internationale-lotto-jackpots-online\\\/frankreich-lotto-online\\\/#breadcrumb\"},\"inLanguage\":\"de\",\"potentialAction\":[{\"@type\":\"ReadAction\",\"target\":[\"https:\\\/\\\/lotoonline.fr\\\/de\\\/internationale-lotto-jackpots-online\\\/frankreich-lotto-online\\\/\"]}]},{\"@type\":\"BreadcrumbList\",\"@id\":\"https:\\\/\\\/lotoonline.fr\\\/de\\\/internationale-lotto-jackpots-online\\\/frankreich-lotto-online\\\/#breadcrumb\",\"itemListElement\":[{\"@type\":\"ListItem\",\"position\":1,\"name\":\"Home\",\"item\":\"https:\\\/\\\/lotoonline.fr\\\/de\\\/\"},{\"@type\":\"ListItem\",\"position\":2,\"name\":\"Internationale Lotto-Jackpots online\",\"item\":\"https:\\\/\\\/lotoonline.fr\\\/de\\\/internationale-lotto-jackpots-online\\\/\"},{\"@type\":\"ListItem\",\"position\":3,\"name\":\"Frankreich Lotto online\"}]},{\"@type\":\"WebSite\",\"@id\":\"https:\\\/\\\/lotoonline.fr\\\/de\\\/#website\",\"url\":\"https:\\\/\\\/lotoonline.fr\\\/de\\\/\",\"name\":\"\",\"description\":\"\",\"potentialAction\":[{\"@type\":\"SearchAction\",\"target\":{\"@type\":\"EntryPoint\",\"urlTemplate\":\"https:\\\/\\\/lotoonline.fr\\\/de\\\/?s={search_term_string}\"},\"query-input\":{\"@type\":\"PropertyValueSpecification\",\"valueRequired\":true,\"valueName\":\"search_term_string\"}}],\"inLanguage\":\"de\"}]}<\/script>\n<!-- \/ Yoast SEO plugin. -->","yoast_head_json":{"title":"Frankreich Lotto online","robots":{"index":"index","follow":"follow","max-snippet":"max-snippet:-1","max-image-preview":"max-image-preview:large","max-video-preview":"max-video-preview:-1"},"canonical":"https:\/\/lotoonline.fr\/de\/internationale-lotto-jackpots-online\/frankreich-lotto-online\/","og_locale":"de_DE","og_type":"article","og_title":"Frankreich Lotto online","og_description":"Spielen Sie Lotto Frankreich online und entdecken Sie die Welt &nbsp; Die franz\u00f6sische Lotterie ist \u00e4u\u00dferst attraktiv. Mit bisher \u00fcber 4,4 Millionen Gewinnern st\u00fcrmen viele Menschen ins Internet, um Lotto Frankreich online zu spielen. Da die Ziehung jeden Mittwoch und Samstag stattfindet, haben Sie zwei Chancen, den Superjackpot zu knacken. Und da die Gewinne bei [&hellip;]","og_url":"https:\/\/lotoonline.fr\/de\/internationale-lotto-jackpots-online\/frankreich-lotto-online\/","twitter_card":"summary_large_image","twitter_misc":{"Gesch\u00e4tzte Lesezeit":"2\u00a0Minuten"},"schema":{"@context":"https:\/\/schema.org","@graph":[{"@type":"WebPage","@id":"https:\/\/lotoonline.fr\/de\/internationale-lotto-jackpots-online\/frankreich-lotto-online\/","url":"https:\/\/lotoonline.fr\/de\/internationale-lotto-jackpots-online\/frankreich-lotto-online\/","name":"Frankreich Lotto online","isPartOf":{"@id":"https:\/\/lotoonline.fr\/de\/#website"},"datePublished":"2025-07-23T18:54:39+00:00","breadcrumb":{"@id":"https:\/\/lotoonline.fr\/de\/internationale-lotto-jackpots-online\/frankreich-lotto-online\/#breadcrumb"},"inLanguage":"de","potentialAction":[{"@type":"ReadAction","target":["https:\/\/lotoonline.fr\/de\/internationale-lotto-jackpots-online\/frankreich-lotto-online\/"]}]},{"@type":"BreadcrumbList","@id":"https:\/\/lotoonline.fr\/de\/internationale-lotto-jackpots-online\/frankreich-lotto-online\/#breadcrumb","itemListElement":[{"@type":"ListItem","position":1,"name":"Home","item":"https:\/\/lotoonline.fr\/de\/"},{"@type":"ListItem","position":2,"name":"Internationale Lotto-Jackpots online","item":"https:\/\/lotoonline.fr\/de\/internationale-lotto-jackpots-online\/"},{"@type":"ListItem","position":3,"name":"Frankreich Lotto online"}]},{"@type":"WebSite","@id":"https:\/\/lotoonline.fr\/de\/#website","url":"https:\/\/lotoonline.fr\/de\/","name":"","description":"","potentialAction":[{"@type":"SearchAction","target":{"@type":"EntryPoint","urlTemplate":"https:\/\/lotoonline.fr\/de\/?s={search_term_string}"},"query-input":{"@type":"PropertyValueSpecification","valueRequired":true,"valueName":"search_term_string"}}],"inLanguage":"de"}]}},"_links":{"self":[{"href":"https:\/\/lotoonline.fr\/de\/wp-json\/wp\/v2\/pages\/68","targetHints":{"allow":["GET"]}}],"collection":[{"href":"https:\/\/lotoonline.fr\/de\/wp-json\/wp\/v2\/pages"}],"about":[{"href":"https:\/\/lotoonline.fr\/de\/wp-json\/wp\/v2\/types\/page"}],"author":[{"embeddable":true,"href":"https:\/\/lotoonline.fr\/de\/wp-json\/wp\/v2\/users\/2"}],"replies":[{"embeddable":true,"href":"https:\/\/lotoonline.fr\/de\/wp-json\/wp\/v2\/comments?post=68"}],"version-history":[{"count":0,"href":"https:\/\/lotoonline.fr\/de\/wp-json\/wp\/v2\/pages\/68\/revisions"}],"up":[{"embeddable":true,"href":"https:\/\/lotoonline.fr\/de\/wp-json\/wp\/v2\/pages\/50"}],"wp:attachment":[{"href":"https:\/\/lotoonline.fr\/de\/wp-json\/wp\/v2\/media?parent=68"}],"curies":[{"name":"wp","href":"https:\/\/api.w.org\/{rel}","templated":true}]}}