{"id":134,"date":"2025-07-23T17:36:44","date_gmt":"2025-07-23T17:36:44","guid":{"rendered":"https:\/\/lotoonline.fr\/hogar\/"},"modified":"2025-07-23T17:36:44","modified_gmt":"2025-07-23T17:36:44","slug":"hogar","status":"publish","type":"page","link":"https:\/\/lotoonline.fr\/es\/","title":{"rendered":"Hogar"},"content":{"rendered":"<p>Las mejores loter\u00edas del mundo disponibles en l\u00ednea<br \/>\nSi eres aficionado a la loter\u00eda, probablemente te preguntes c\u00f3mo jugar al bingo en l\u00ednea. Hasta ahora, probablemente has jugado al bingo local tradicional, comprando un cart\u00f3n en tu tienda habitual.<br \/>\nPero si lees las noticias, seguramente has o\u00eddo hablar de grandes premios en otros pa\u00edses. As\u00ed que ahora te preguntas: \u00ab\u00bfPor qu\u00e9 no puedo ganar uno de esos grandes premios de loter\u00edas internacionales?\u00bb.<\/p>\n<p>\u00a1Pues aqu\u00ed tienes una noticia! \u00a1Es posible jugando al bingo en l\u00ednea!<br \/>\n\u00bfC\u00f3mo aumenta tus posibilidades de ganar el bingo en l\u00ednea?<\/p>\n<p>Cuando juegas al bingo local, tus posibilidades de ganar el premio mayor se determinan por el importe del cart\u00f3n, calculado a partir del importe del premio mayor. Esto significa que tus posibilidades de ganar son mayores cuando el premio mayor es grande.<\/p>\n<p>\u00bfPero qu\u00e9 pasa si el premio mayor de la loter\u00eda no es lo suficientemente grande porque se gan\u00f3 recientemente? \u00bfEsperar\u00e1s semanas, o incluso meses, a que el bote aumente para tener la oportunidad de ganar?<\/p>\n<p>\u00bfO consideras la siguiente alternativa: participar en otras loter\u00edas de otros pa\u00edses jugando al bingo online? Esta opci\u00f3n ya est\u00e1 disponible. Puedes elegir entre las 20 loter\u00edas m\u00e1s grandes del mundo, a las que puedes jugar online ahora mismo gracias a RedFoxLotto (haz clic aqu\u00ed para visitar su sitio web).<\/p>\n<p>Con tantas opciones de apuestas online, puedes elegir jugar a la loter\u00eda con el bote m\u00e1s grande o al sorteo m\u00e1s cercano (consulta las columnas derecha e izquierda para ver las fechas de los sorteos). <\/p>\n<h2>Juega a botes internacionales online, vivas donde vivas<\/h2>\n<p>Normalmente, para jugar a la loter\u00eda, debes residir en el estado o pa\u00eds donde se celebra. Por ejemplo, para jugar al famoso bote de El Gordo, necesitar\u00e1s comprar un boleto en Espa\u00f1a. Ahora puedes jugar a este y a muchos otros juegos de loter\u00eda online.<\/p>\n<p>Es extremadamente sencillo y c\u00f3modo. Esto es lo que debe hacer:<\/p>\n<p>Elija su loter\u00eda en las columnas a ambos lados del sitio.<br \/>\nSeleccione sus n\u00fameros ganadores (o use un generador de n\u00fameros aleatorios).<br \/>\nCree una cuenta de cliente de RedFoxLotto.<br \/>\nPague en l\u00ednea (m\u00e9todos de pago seguros: tarjetas de cr\u00e9dito, transferencias bancarias, Moneybookers, Ukash, etc.).<\/p>\n<p>Siguiente paso: RedFoxLotto compra un boleto para este premio mayor en su nombre, lo escanea y se lo env\u00eda por correo electr\u00f3nico. Si gana el bingo en l\u00ednea, RedFoxLotto le ayudar\u00e1 a recibir su cheque.<br \/>\nRedFoxLotto es un servicio intermediario internacional que compra boletos de loter\u00eda en todo el mundo. No es un proveedor de loter\u00eda y no cobra ninguna comisi\u00f3n por sus ganancias.<\/p>\n<p>Este servicio le permite jugar a cualquier loter\u00eda en l\u00ednea, desde cualquier pa\u00eds del mundo, desde la comodidad de su hogar.<\/p>\n","protected":false},"excerpt":{"rendered":"<p>Las mejores loter\u00edas del mundo disponibles en l\u00ednea Si eres aficionado a la loter\u00eda, probablemente te preguntes c\u00f3mo jugar al bingo en l\u00ednea. Hasta ahora, probablemente has jugado al bingo local tradicional, comprando un cart\u00f3n en tu tienda habitual. Pero si lees las noticias, seguramente has o\u00eddo hablar de grandes premios en otros pa\u00edses. As\u00ed [&hellip;]<\/p>\n","protected":false},"author":2,"featured_media":0,"parent":0,"menu_order":0,"comment_status":"closed","ping_status":"closed","template":"","meta":{"footnotes":""},"class_list":["post-134","page","type-page","status-publish","hentry"],"blocksy_meta":[],"yoast_head":"<!-- This site is optimized with the Yoast SEO plugin v27.4 - https:\/\/yoast.com\/product\/yoast-seo-wordpress\/ -->\n<title>Juega a la loter\u00eda en l\u00ednea: todas las loter\u00edas principales del mundo disponibles en l\u00ednea<\/title>\n<meta name=\"robots\" content=\"index, follow, max-snippet:-1, max-image-preview:large, max-video-preview:-1\" \/>\n<link rel=\"canonical\" href=\"https:\/\/lotoonline.fr\/es\/\" \/>\n<meta property=\"og:locale\" content=\"es_ES\" \/>\n<meta property=\"og:type\" content=\"article\" \/>\n<meta property=\"og:title\" content=\"Juega a la loter\u00eda en l\u00ednea: todas las loter\u00edas principales del mundo disponibles en l\u00ednea\" \/>\n<meta property=\"og:description\" content=\"Las mejores loter\u00edas del mundo disponibles en l\u00ednea Si eres aficionado a la loter\u00eda, probablemente te preguntes c\u00f3mo jugar al bingo en l\u00ednea. Hasta ahora, probablemente has jugado al bingo local tradicional, comprando un cart\u00f3n en tu tienda habitual. Pero si lees las noticias, seguramente has o\u00eddo hablar de grandes premios en otros pa\u00edses. As\u00ed [&hellip;]\" \/>\n<meta property=\"og:url\" content=\"https:\/\/lotoonline.fr\/es\/\" \/>\n<meta name=\"twitter:card\" content=\"summary_large_image\" \/>\n<meta name=\"twitter:label1\" content=\"Tiempo de lectura\" \/>\n\t<meta name=\"twitter:data1\" content=\"2 minutos\" \/>\n<script type=\"application\/ld+json\" class=\"yoast-schema-graph\">{\"@context\":\"https:\\\/\\\/schema.org\",\"@graph\":[{\"@type\":\"WebPage\",\"@id\":\"https:\\\/\\\/lotoonline.fr\\\/es\\\/\",\"url\":\"https:\\\/\\\/lotoonline.fr\\\/es\\\/\",\"name\":\"Juega a la loter\u00eda en l\u00ednea: todas las loter\u00edas principales del mundo disponibles en l\u00ednea\",\"isPartOf\":{\"@id\":\"https:\\\/\\\/lotoonline.fr\\\/es\\\/#website\"},\"datePublished\":\"2025-07-23T17:36:44+00:00\",\"breadcrumb\":{\"@id\":\"https:\\\/\\\/lotoonline.fr\\\/es\\\/#breadcrumb\"},\"inLanguage\":\"es\",\"potentialAction\":[{\"@type\":\"ReadAction\",\"target\":[\"https:\\\/\\\/lotoonline.fr\\\/es\\\/\"]}]},{\"@type\":\"BreadcrumbList\",\"@id\":\"https:\\\/\\\/lotoonline.fr\\\/es\\\/#breadcrumb\",\"itemListElement\":[{\"@type\":\"ListItem\",\"position\":1,\"name\":\"Home\",\"item\":\"https:\\\/\\\/lotoonline.fr\\\/es\\\/\"},{\"@type\":\"ListItem\",\"position\":2,\"name\":\"Hogar\"}]},{\"@type\":\"WebSite\",\"@id\":\"https:\\\/\\\/lotoonline.fr\\\/es\\\/#website\",\"url\":\"https:\\\/\\\/lotoonline.fr\\\/es\\\/\",\"name\":\"\",\"description\":\"\",\"potentialAction\":[{\"@type\":\"SearchAction\",\"target\":{\"@type\":\"EntryPoint\",\"urlTemplate\":\"https:\\\/\\\/lotoonline.fr\\\/es\\\/?s={search_term_string}\"},\"query-input\":{\"@type\":\"PropertyValueSpecification\",\"valueRequired\":true,\"valueName\":\"search_term_string\"}}],\"inLanguage\":\"es\"}]}<\/script>\n<!-- \/ Yoast SEO plugin. -->","yoast_head_json":{"title":"Juega a la loter\u00eda en l\u00ednea: todas las loter\u00edas principales del mundo disponibles en l\u00ednea","robots":{"index":"index","follow":"follow","max-snippet":"max-snippet:-1","max-image-preview":"max-image-preview:large","max-video-preview":"max-video-preview:-1"},"canonical":"https:\/\/lotoonline.fr\/es\/","og_locale":"es_ES","og_type":"article","og_title":"Juega a la loter\u00eda en l\u00ednea: todas las loter\u00edas principales del mundo disponibles en l\u00ednea","og_description":"Las mejores loter\u00edas del mundo disponibles en l\u00ednea Si eres aficionado a la loter\u00eda, probablemente te preguntes c\u00f3mo jugar al bingo en l\u00ednea. Hasta ahora, probablemente has jugado al bingo local tradicional, comprando un cart\u00f3n en tu tienda habitual. Pero si lees las noticias, seguramente has o\u00eddo hablar de grandes premios en otros pa\u00edses. As\u00ed [&hellip;]","og_url":"https:\/\/lotoonline.fr\/es\/","twitter_card":"summary_large_image","twitter_misc":{"Tiempo de lectura":"2 minutos"},"schema":{"@context":"https:\/\/schema.org","@graph":[{"@type":"WebPage","@id":"https:\/\/lotoonline.fr\/es\/","url":"https:\/\/lotoonline.fr\/es\/","name":"Juega a la loter\u00eda en l\u00ednea: todas las loter\u00edas principales del mundo disponibles en l\u00ednea","isPartOf":{"@id":"https:\/\/lotoonline.fr\/es\/#website"},"datePublished":"2025-07-23T17:36:44+00:00","breadcrumb":{"@id":"https:\/\/lotoonline.fr\/es\/#breadcrumb"},"inLanguage":"es","potentialAction":[{"@type":"ReadAction","target":["https:\/\/lotoonline.fr\/es\/"]}]},{"@type":"BreadcrumbList","@id":"https:\/\/lotoonline.fr\/es\/#breadcrumb","itemListElement":[{"@type":"ListItem","position":1,"name":"Home","item":"https:\/\/lotoonline.fr\/es\/"},{"@type":"ListItem","position":2,"name":"Hogar"}]},{"@type":"WebSite","@id":"https:\/\/lotoonline.fr\/es\/#website","url":"https:\/\/lotoonline.fr\/es\/","name":"","description":"","potentialAction":[{"@type":"SearchAction","target":{"@type":"EntryPoint","urlTemplate":"https:\/\/lotoonline.fr\/es\/?s={search_term_string}"},"query-input":{"@type":"PropertyValueSpecification","valueRequired":true,"valueName":"search_term_string"}}],"inLanguage":"es"}]}},"_links":{"self":[{"href":"https:\/\/lotoonline.fr\/es\/wp-json\/wp\/v2\/pages\/134","targetHints":{"allow":["GET"]}}],"collection":[{"href":"https:\/\/lotoonline.fr\/es\/wp-json\/wp\/v2\/pages"}],"about":[{"href":"https:\/\/lotoonline.fr\/es\/wp-json\/wp\/v2\/types\/page"}],"author":[{"embeddable":true,"href":"https:\/\/lotoonline.fr\/es\/wp-json\/wp\/v2\/users\/2"}],"replies":[{"embeddable":true,"href":"https:\/\/lotoonline.fr\/es\/wp-json\/wp\/v2\/comments?post=134"}],"version-history":[{"count":0,"href":"https:\/\/lotoonline.fr\/es\/wp-json\/wp\/v2\/pages\/134\/revisions"}],"wp:attachment":[{"href":"https:\/\/lotoonline.fr\/es\/wp-json\/wp\/v2\/media?parent=134"}],"curies":[{"name":"wp","href":"https:\/\/api.w.org\/{rel}","templated":true}]}}