{"id":117,"date":"2025-07-23T17:36:44","date_gmt":"2025-07-23T17:36:44","guid":{"rendered":"https:\/\/lotoonline.fr\/avaleht\/"},"modified":"2025-07-23T17:36:44","modified_gmt":"2025-07-23T17:36:44","slug":"avaleht","status":"publish","type":"page","link":"https:\/\/lotoonline.fr\/et\/","title":{"rendered":"Avaleht"},"content":{"rendered":"<h2>Maailma parimad veebis saadaolevad loteriid<\/h2>\n<p>Kui oled loteriif\u00e4nn, m\u00f5tled ilmselt, kuidas veebis bingot m\u00e4ngida. Seni oled ilmselt m\u00e4nginud kohalikku, traditsioonilist bingot, ostes pileti oma kohalikust poest.<br \/>\nAga kui loed uudiseid, oled ilmselt kuulnud suurtest v\u00f5itudest teiste riikide jackpotidelt. N\u00fc\u00fcd m\u00f5tled: &#8220;Miks ma ei saa v\u00f5ita \u00fchte neist suurtest jackpotidest rahvusvahelistelt loteriidelt?&#8221;<\/p>\n<p>Noh, siin on uudis: see on v\u00f5imalik, kui m\u00e4ngid bingot veebis!<\/p>\n<h2>Kuidas suurendab veebibingo m\u00e4ngimine sinu v\u00f5iduv\u00f5imalusi?<\/h2>\n<p>Kui m\u00e4ngid oma kohalikku bingot, m\u00e4\u00e4ratakse sinu jackpoti v\u00f5itmise v\u00f5imalused pileti summa j\u00e4rgi, mis arvutatakse jackpoti summa p\u00f5hjal. See t\u00e4hendab, et sinu v\u00f5iduv\u00f5imalused on suuremad, kui jackpot on suur.<\/p>\n<p>Aga mis siis, kui loteriijackpot pole piisavalt suur, kuna see v\u00f5ideti hiljuti? Kas ootad n\u00e4dalaid v\u00f5i isegi kuid, kuni jackpot kasvab, et sul oleks v\u00f5imalus v\u00f5ita?<\/p>\n<p>V\u00f5i kaalute j\u00e4rgmist alternatiivi: osaleda teiste riikide loteriides, m\u00e4ngides veebibingot? See v\u00f5imalus on n\u00fc\u00fcd saadaval. Saate valida 20 maailma suurima loterii hulgast, mida saate t\u00e4nu RedFoxLottole kohe veebis m\u00e4ngida (kl\u00f5psake siin, et k\u00fclastada nende veebisaiti).<\/p>\n<p>Nii paljude veebip\u00f5histe panustamisv\u00f5imaluste hulgast saate valida, kas m\u00e4ngida loteriid suurima jackpotiga v\u00f5i l\u00e4hima loosimisega (loosimiskuup\u00e4evade ja -kuup\u00e4evade kohta vaadake parempoolseid ja vasakpoolseid veerge). <\/p>\n<h2>M\u00e4ngige rahvusvahelisi jackpotte veebis, kus iganes te elate<\/h2>\n<p>Tavaliselt peate loterii m\u00e4ngimiseks elama osariigis v\u00f5i riigis, kus see toimub. N\u00e4iteks kuulsa El Gordo jackpoti loterii m\u00e4ngimiseks peate ostma pileti Hispaanias. N\u00fc\u00fcd saate seda ja paljusid teisi loteriim\u00e4nge veebis m\u00e4ngida.<\/p>\n<p>See on \u00e4\u00e4rmiselt lihtne ja mugav. Siin on, mida peate tegema:<\/p>\n<p>Valige oma loterii saidi m\u00f5lemal k\u00fcljel olevatest veergudest.<br \/>\nValige oma v\u00f5idunumbrid (v\u00f5i kasutage juhuslike arvude generaatorit).<br \/>\nLoo RedFoxLotto kliendikonto.<br \/>\nMaksa internetis (turvalised makseviisid: krediitkaardid, panga\u00fclekanded, Moneybookers, Ukash jne).<\/p>\n<p>J\u00e4rgmine samm: RedFoxLotto ostab sinu nimel selle jackpoti pileti, skannib selle ja saadab sulle e-postiga. Kui v\u00f5idad internetibingos, aitab RedFoxLotto sul t\u0161eki k\u00e4tte saada.<\/p>\n<p>RedFoxLotto on rahvusvaheline vahendusteenus, mis ostab loteriipileteid \u00fcle maailma. See ei ole loteriipakkuja ega v\u00f5ta sinu v\u00f5itude pealt vahendustasu.<\/p>\n<p>See teenus v\u00f5imaldab sul m\u00e4ngida mis tahes internetiloteriid mis tahes riigist maailmas, mugavalt oma kodust lahkumata.<\/p>\n","protected":false},"excerpt":{"rendered":"<p>Maailma parimad veebis saadaolevad loteriid Kui oled loteriif\u00e4nn, m\u00f5tled ilmselt, kuidas veebis bingot m\u00e4ngida. Seni oled ilmselt m\u00e4nginud kohalikku, traditsioonilist bingot, ostes pileti oma kohalikust poest. Aga kui loed uudiseid, oled ilmselt kuulnud suurtest v\u00f5itudest teiste riikide jackpotidelt. N\u00fc\u00fcd m\u00f5tled: &#8220;Miks ma ei saa v\u00f5ita \u00fchte neist suurtest jackpotidest rahvusvahelistelt loteriidelt?&#8221; Noh, siin on uudis: [&hellip;]<\/p>\n","protected":false},"author":2,"featured_media":0,"parent":0,"menu_order":0,"comment_status":"closed","ping_status":"closed","template":"","meta":{"footnotes":""},"class_list":["post-117","page","type-page","status-publish","hentry"],"blocksy_meta":[],"yoast_head":"<!-- This site is optimized with the Yoast SEO plugin v27.4 - https:\/\/yoast.com\/product\/yoast-seo-wordpress\/ -->\n<title>M\u00e4ngi loteriid veebis \u2013 k\u00f5ik maailma suuremad loteriid on saadaval veebis<\/title>\n<meta name=\"robots\" content=\"index, follow, max-snippet:-1, max-image-preview:large, max-video-preview:-1\" \/>\n<link rel=\"canonical\" href=\"https:\/\/lotoonline.fr\/et\/\" \/>\n<meta property=\"og:locale\" content=\"et_EE\" \/>\n<meta property=\"og:type\" content=\"article\" \/>\n<meta property=\"og:title\" content=\"M\u00e4ngi loteriid veebis \u2013 k\u00f5ik maailma suuremad loteriid on saadaval veebis\" \/>\n<meta property=\"og:description\" content=\"Maailma parimad veebis saadaolevad loteriid Kui oled loteriif\u00e4nn, m\u00f5tled ilmselt, kuidas veebis bingot m\u00e4ngida. Seni oled ilmselt m\u00e4nginud kohalikku, traditsioonilist bingot, ostes pileti oma kohalikust poest. Aga kui loed uudiseid, oled ilmselt kuulnud suurtest v\u00f5itudest teiste riikide jackpotidelt. N\u00fc\u00fcd m\u00f5tled: &#8220;Miks ma ei saa v\u00f5ita \u00fchte neist suurtest jackpotidest rahvusvahelistelt loteriidelt?&#8221; Noh, siin on uudis: [&hellip;]\" \/>\n<meta property=\"og:url\" content=\"https:\/\/lotoonline.fr\/et\/\" \/>\n<meta name=\"twitter:card\" content=\"summary_large_image\" \/>\n<meta name=\"twitter:label1\" content=\"Est. reading time\" \/>\n\t<meta name=\"twitter:data1\" content=\"2 minutit\" \/>\n<script type=\"application\/ld+json\" class=\"yoast-schema-graph\">{\"@context\":\"https:\\\/\\\/schema.org\",\"@graph\":[{\"@type\":\"WebPage\",\"@id\":\"https:\\\/\\\/lotoonline.fr\\\/et\\\/\",\"url\":\"https:\\\/\\\/lotoonline.fr\\\/et\\\/\",\"name\":\"M\u00e4ngi loteriid veebis \u2013 k\u00f5ik maailma suuremad loteriid on saadaval veebis\",\"isPartOf\":{\"@id\":\"https:\\\/\\\/lotoonline.fr\\\/et\\\/#website\"},\"datePublished\":\"2025-07-23T17:36:44+00:00\",\"breadcrumb\":{\"@id\":\"https:\\\/\\\/lotoonline.fr\\\/et\\\/#breadcrumb\"},\"inLanguage\":\"et\",\"potentialAction\":[{\"@type\":\"ReadAction\",\"target\":[\"https:\\\/\\\/lotoonline.fr\\\/et\\\/\"]}]},{\"@type\":\"BreadcrumbList\",\"@id\":\"https:\\\/\\\/lotoonline.fr\\\/et\\\/#breadcrumb\",\"itemListElement\":[{\"@type\":\"ListItem\",\"position\":1,\"name\":\"Home\",\"item\":\"https:\\\/\\\/lotoonline.fr\\\/et\\\/\"},{\"@type\":\"ListItem\",\"position\":2,\"name\":\"Avaleht\"}]},{\"@type\":\"WebSite\",\"@id\":\"https:\\\/\\\/lotoonline.fr\\\/et\\\/#website\",\"url\":\"https:\\\/\\\/lotoonline.fr\\\/et\\\/\",\"name\":\"\",\"description\":\"\",\"potentialAction\":[{\"@type\":\"SearchAction\",\"target\":{\"@type\":\"EntryPoint\",\"urlTemplate\":\"https:\\\/\\\/lotoonline.fr\\\/et\\\/?s={search_term_string}\"},\"query-input\":{\"@type\":\"PropertyValueSpecification\",\"valueRequired\":true,\"valueName\":\"search_term_string\"}}],\"inLanguage\":\"et\"}]}<\/script>\n<!-- \/ Yoast SEO plugin. -->","yoast_head_json":{"title":"M\u00e4ngi loteriid veebis \u2013 k\u00f5ik maailma suuremad loteriid on saadaval veebis","robots":{"index":"index","follow":"follow","max-snippet":"max-snippet:-1","max-image-preview":"max-image-preview:large","max-video-preview":"max-video-preview:-1"},"canonical":"https:\/\/lotoonline.fr\/et\/","og_locale":"et_EE","og_type":"article","og_title":"M\u00e4ngi loteriid veebis \u2013 k\u00f5ik maailma suuremad loteriid on saadaval veebis","og_description":"Maailma parimad veebis saadaolevad loteriid Kui oled loteriif\u00e4nn, m\u00f5tled ilmselt, kuidas veebis bingot m\u00e4ngida. Seni oled ilmselt m\u00e4nginud kohalikku, traditsioonilist bingot, ostes pileti oma kohalikust poest. Aga kui loed uudiseid, oled ilmselt kuulnud suurtest v\u00f5itudest teiste riikide jackpotidelt. N\u00fc\u00fcd m\u00f5tled: &#8220;Miks ma ei saa v\u00f5ita \u00fchte neist suurtest jackpotidest rahvusvahelistelt loteriidelt?&#8221; Noh, siin on uudis: [&hellip;]","og_url":"https:\/\/lotoonline.fr\/et\/","twitter_card":"summary_large_image","twitter_misc":{"Est. reading time":"2 minutit"},"schema":{"@context":"https:\/\/schema.org","@graph":[{"@type":"WebPage","@id":"https:\/\/lotoonline.fr\/et\/","url":"https:\/\/lotoonline.fr\/et\/","name":"M\u00e4ngi loteriid veebis \u2013 k\u00f5ik maailma suuremad loteriid on saadaval veebis","isPartOf":{"@id":"https:\/\/lotoonline.fr\/et\/#website"},"datePublished":"2025-07-23T17:36:44+00:00","breadcrumb":{"@id":"https:\/\/lotoonline.fr\/et\/#breadcrumb"},"inLanguage":"et","potentialAction":[{"@type":"ReadAction","target":["https:\/\/lotoonline.fr\/et\/"]}]},{"@type":"BreadcrumbList","@id":"https:\/\/lotoonline.fr\/et\/#breadcrumb","itemListElement":[{"@type":"ListItem","position":1,"name":"Home","item":"https:\/\/lotoonline.fr\/et\/"},{"@type":"ListItem","position":2,"name":"Avaleht"}]},{"@type":"WebSite","@id":"https:\/\/lotoonline.fr\/et\/#website","url":"https:\/\/lotoonline.fr\/et\/","name":"","description":"","potentialAction":[{"@type":"SearchAction","target":{"@type":"EntryPoint","urlTemplate":"https:\/\/lotoonline.fr\/et\/?s={search_term_string}"},"query-input":{"@type":"PropertyValueSpecification","valueRequired":true,"valueName":"search_term_string"}}],"inLanguage":"et"}]}},"_links":{"self":[{"href":"https:\/\/lotoonline.fr\/et\/wp-json\/wp\/v2\/pages\/117","targetHints":{"allow":["GET"]}}],"collection":[{"href":"https:\/\/lotoonline.fr\/et\/wp-json\/wp\/v2\/pages"}],"about":[{"href":"https:\/\/lotoonline.fr\/et\/wp-json\/wp\/v2\/types\/page"}],"author":[{"embeddable":true,"href":"https:\/\/lotoonline.fr\/et\/wp-json\/wp\/v2\/users\/2"}],"replies":[{"embeddable":true,"href":"https:\/\/lotoonline.fr\/et\/wp-json\/wp\/v2\/comments?post=117"}],"version-history":[{"count":0,"href":"https:\/\/lotoonline.fr\/et\/wp-json\/wp\/v2\/pages\/117\/revisions"}],"wp:attachment":[{"href":"https:\/\/lotoonline.fr\/et\/wp-json\/wp\/v2\/media?parent=117"}],"curies":[{"name":"wp","href":"https:\/\/api.w.org\/{rel}","templated":true}]}}