{"id":118,"date":"2025-07-23T17:36:44","date_gmt":"2025-07-23T17:36:44","guid":{"rendered":"https:\/\/lotoonline.fr\/kotiin\/"},"modified":"2025-07-23T17:36:44","modified_gmt":"2025-07-23T17:36:44","slug":"kotiin","status":"publish","type":"page","link":"https:\/\/lotoonline.fr\/fi\/","title":{"rendered":"Kotiin"},"content":{"rendered":"<h2>Maailman parhaat nettiarpajaiset<\/h2>\n<p>Jos olet lottofani, mietit luultavasti, miten pelata bingoa netiss\u00e4. T\u00e4h\u00e4n asti olet luultavasti pelannut paikallista, perinteist\u00e4 bingoa ostamalla lipun paikalliselta j\u00e4lleenmyyj\u00e4lt\u00e4.<br \/>\nMutta jos luet uutisia, olet luultavasti kuullut suurista voitoista muiden maiden j\u00e4ttipoteista. Joten nyt mietit: &#8221;Miksi en voi voittaa yht\u00e4 niist\u00e4 suurista j\u00e4ttipoteista kansainv\u00e4lisiss\u00e4 lottoissa?&#8221;<\/p>\n<p>No, t\u00e4ss\u00e4 on uutisia: se on mahdollista, kun pelaat bingoa netiss\u00e4!<\/p>\n<h2>Kuinka nettibingon pelaaminen lis\u00e4\u00e4 voittomahdollisuuksiasi?<\/h2>\n<p>Kun pelaat paikallista bingoa, mahdollisuutesi voittaa j\u00e4ttipotti m\u00e4\u00e4r\u00e4ytyv\u00e4t lipun summan mukaan, joka lasketaan j\u00e4ttipotin summan perusteella. T\u00e4m\u00e4 tarkoittaa, ett\u00e4 voittomahdollisuutesi ovat suuremmat, kun j\u00e4ttipotti on suuri.<\/p>\n<p>Mutta ent\u00e4 jos lottoj\u00e4ttipotti ei ole tarpeeksi suuri, koska se on voitettu \u00e4skett\u00e4in? Odotatko viikkoja tai jopa kuukausia, ett\u00e4 j\u00e4ttipotti kasvaa, jotta sinulla on mahdollisuus voittaa?<\/p>\n<p>Vai harkitsetko seuraavaa vaihtoehtoa: osallistumista muihin lottoihin muissa maissa pelaamalla bingoa verkossa? T\u00e4m\u00e4 vaihtoehto on nyt saatavilla. Voit valita maailman 20 suurimmasta lottopelist\u00e4, joita voit pelata verkossa juuri nyt RedFoxLotton ansiosta (klikkaa t\u00e4st\u00e4 vieraillaksesi heid\u00e4n verkkosivustollaan).<\/p>\n<p>Niin monien verkkovedonly\u00f6ntivaihtoehtojen ansiosta voit valita pelaavasi lottoa, jossa on suurin j\u00e4ttipotti, tai sit\u00e4, jossa on l\u00e4hin arvonta (katso arvontap\u00e4iv\u00e4t ja -p\u00e4iv\u00e4t oikeasta ja vasemmasta sarakkeesta). <\/p>\n<h2>Pelaa kansainv\u00e4lisi\u00e4 j\u00e4ttipotteja verkossa miss\u00e4 tahansa asutkin<\/h2>\n<p>Yleens\u00e4 lottoa pelataksesi sinun on asuttava siin\u00e4 osavaltiossa tai maassa, jossa se j\u00e4rjestet\u00e4\u00e4n. Joten esimerkiksi pelataksesi kuuluisaa El Gordo Jackpot -lottoa sinun on ostettava lippu Espanjassa. Nyt voit pelata t\u00e4t\u00e4 ja monia muita lottopelej\u00e4 verkossa.<\/p>\n<p>Se on eritt\u00e4in yksinkertaista ja k\u00e4tev\u00e4\u00e4. T\u00e4ss\u00e4 on mit\u00e4 sinun tarvitsee tehd\u00e4:<\/p>\n<p>Valitse lottosi sivuston molemmilla puolilla olevista sarakkeista.<\/p>\n<p>Valitse voittonumerosi (tai k\u00e4yt\u00e4 satunnaislukugeneraattoria).<br \/>\nLuo RedFoxLotto-asiakastili.<br \/>\nMaksa verkossa (turvalliset maksutavat: luottokortit, tilisiirrot, Moneybookers, Ukash jne.).<\/p>\n<p>Seuraava vaihe: RedFoxLotto ostaa puolestasi lipun t\u00e4h\u00e4n j\u00e4ttipottiin, skannaa sen ja l\u00e4hett\u00e4\u00e4 sen sinulle s\u00e4hk\u00f6postitse. Jos voitat nettibingossa, RedFoxLotto auttaa sinua saamaan shekkisi.<\/p>\n<p>RedFoxLotto on kansainv\u00e4linen v\u00e4litt\u00e4j\u00e4palvelu, joka ostaa arpalipuja maailmanlaajuisesti. Se ei ole arpajaisten tarjoaja eik\u00e4 veloita palkkioita voitoistasi.<\/p>\n<p>T\u00e4m\u00e4n palvelun avulla voit pelata mit\u00e4 tahansa nettiarpajaisia \u200b\u200bmist\u00e4 tahansa maailman maasta mukavasti omalta kotisohvaltasi.<\/p>\n","protected":false},"excerpt":{"rendered":"<p>Maailman parhaat nettiarpajaiset Jos olet lottofani, mietit luultavasti, miten pelata bingoa netiss\u00e4. T\u00e4h\u00e4n asti olet luultavasti pelannut paikallista, perinteist\u00e4 bingoa ostamalla lipun paikalliselta j\u00e4lleenmyyj\u00e4lt\u00e4. Mutta jos luet uutisia, olet luultavasti kuullut suurista voitoista muiden maiden j\u00e4ttipoteista. Joten nyt mietit: &#8221;Miksi en voi voittaa yht\u00e4 niist\u00e4 suurista j\u00e4ttipoteista kansainv\u00e4lisiss\u00e4 lottoissa?&#8221; No, t\u00e4ss\u00e4 on uutisia: se on [&hellip;]<\/p>\n","protected":false},"author":2,"featured_media":0,"parent":0,"menu_order":0,"comment_status":"closed","ping_status":"closed","template":"","meta":{"footnotes":""},"class_list":["post-118","page","type-page","status-publish","hentry"],"blocksy_meta":[],"yoast_head":"<!-- This site is optimized with the Yoast SEO plugin v27.4 - https:\/\/yoast.com\/product\/yoast-seo-wordpress\/ -->\n<title>Pelaa lottoa verkossa \u2013 kaikki maailman suurimmat lottot saatavilla verkossa<\/title>\n<meta name=\"robots\" content=\"index, follow, max-snippet:-1, max-image-preview:large, max-video-preview:-1\" \/>\n<link rel=\"canonical\" href=\"https:\/\/lotoonline.fr\/fi\/\" \/>\n<meta property=\"og:locale\" content=\"fi_FI\" \/>\n<meta property=\"og:type\" content=\"article\" \/>\n<meta property=\"og:title\" content=\"Pelaa lottoa verkossa \u2013 kaikki maailman suurimmat lottot saatavilla verkossa\" \/>\n<meta property=\"og:description\" content=\"Maailman parhaat nettiarpajaiset Jos olet lottofani, mietit luultavasti, miten pelata bingoa netiss\u00e4. T\u00e4h\u00e4n asti olet luultavasti pelannut paikallista, perinteist\u00e4 bingoa ostamalla lipun paikalliselta j\u00e4lleenmyyj\u00e4lt\u00e4. Mutta jos luet uutisia, olet luultavasti kuullut suurista voitoista muiden maiden j\u00e4ttipoteista. Joten nyt mietit: &#8221;Miksi en voi voittaa yht\u00e4 niist\u00e4 suurista j\u00e4ttipoteista kansainv\u00e4lisiss\u00e4 lottoissa?&#8221; No, t\u00e4ss\u00e4 on uutisia: se on [&hellip;]\" \/>\n<meta property=\"og:url\" content=\"https:\/\/lotoonline.fr\/fi\/\" \/>\n<meta name=\"twitter:card\" content=\"summary_large_image\" \/>\n<meta name=\"twitter:label1\" content=\"Arvioitu lukuaika\" \/>\n\t<meta name=\"twitter:data1\" content=\"2 minuuttia\" \/>\n<script type=\"application\/ld+json\" class=\"yoast-schema-graph\">{\"@context\":\"https:\\\/\\\/schema.org\",\"@graph\":[{\"@type\":\"WebPage\",\"@id\":\"https:\\\/\\\/lotoonline.fr\\\/fi\\\/\",\"url\":\"https:\\\/\\\/lotoonline.fr\\\/fi\\\/\",\"name\":\"Pelaa lottoa verkossa \u2013 kaikki maailman suurimmat lottot saatavilla verkossa\",\"isPartOf\":{\"@id\":\"https:\\\/\\\/lotoonline.fr\\\/fi\\\/#website\"},\"datePublished\":\"2025-07-23T17:36:44+00:00\",\"breadcrumb\":{\"@id\":\"https:\\\/\\\/lotoonline.fr\\\/fi\\\/#breadcrumb\"},\"inLanguage\":\"fi\",\"potentialAction\":[{\"@type\":\"ReadAction\",\"target\":[\"https:\\\/\\\/lotoonline.fr\\\/fi\\\/\"]}]},{\"@type\":\"BreadcrumbList\",\"@id\":\"https:\\\/\\\/lotoonline.fr\\\/fi\\\/#breadcrumb\",\"itemListElement\":[{\"@type\":\"ListItem\",\"position\":1,\"name\":\"Home\",\"item\":\"https:\\\/\\\/lotoonline.fr\\\/fi\\\/\"},{\"@type\":\"ListItem\",\"position\":2,\"name\":\"Kotiin\"}]},{\"@type\":\"WebSite\",\"@id\":\"https:\\\/\\\/lotoonline.fr\\\/fi\\\/#website\",\"url\":\"https:\\\/\\\/lotoonline.fr\\\/fi\\\/\",\"name\":\"\",\"description\":\"\",\"potentialAction\":[{\"@type\":\"SearchAction\",\"target\":{\"@type\":\"EntryPoint\",\"urlTemplate\":\"https:\\\/\\\/lotoonline.fr\\\/fi\\\/?s={search_term_string}\"},\"query-input\":{\"@type\":\"PropertyValueSpecification\",\"valueRequired\":true,\"valueName\":\"search_term_string\"}}],\"inLanguage\":\"fi\"}]}<\/script>\n<!-- \/ Yoast SEO plugin. -->","yoast_head_json":{"title":"Pelaa lottoa verkossa \u2013 kaikki maailman suurimmat lottot saatavilla verkossa","robots":{"index":"index","follow":"follow","max-snippet":"max-snippet:-1","max-image-preview":"max-image-preview:large","max-video-preview":"max-video-preview:-1"},"canonical":"https:\/\/lotoonline.fr\/fi\/","og_locale":"fi_FI","og_type":"article","og_title":"Pelaa lottoa verkossa \u2013 kaikki maailman suurimmat lottot saatavilla verkossa","og_description":"Maailman parhaat nettiarpajaiset Jos olet lottofani, mietit luultavasti, miten pelata bingoa netiss\u00e4. T\u00e4h\u00e4n asti olet luultavasti pelannut paikallista, perinteist\u00e4 bingoa ostamalla lipun paikalliselta j\u00e4lleenmyyj\u00e4lt\u00e4. Mutta jos luet uutisia, olet luultavasti kuullut suurista voitoista muiden maiden j\u00e4ttipoteista. Joten nyt mietit: &#8221;Miksi en voi voittaa yht\u00e4 niist\u00e4 suurista j\u00e4ttipoteista kansainv\u00e4lisiss\u00e4 lottoissa?&#8221; No, t\u00e4ss\u00e4 on uutisia: se on [&hellip;]","og_url":"https:\/\/lotoonline.fr\/fi\/","twitter_card":"summary_large_image","twitter_misc":{"Arvioitu lukuaika":"2 minuuttia"},"schema":{"@context":"https:\/\/schema.org","@graph":[{"@type":"WebPage","@id":"https:\/\/lotoonline.fr\/fi\/","url":"https:\/\/lotoonline.fr\/fi\/","name":"Pelaa lottoa verkossa \u2013 kaikki maailman suurimmat lottot saatavilla verkossa","isPartOf":{"@id":"https:\/\/lotoonline.fr\/fi\/#website"},"datePublished":"2025-07-23T17:36:44+00:00","breadcrumb":{"@id":"https:\/\/lotoonline.fr\/fi\/#breadcrumb"},"inLanguage":"fi","potentialAction":[{"@type":"ReadAction","target":["https:\/\/lotoonline.fr\/fi\/"]}]},{"@type":"BreadcrumbList","@id":"https:\/\/lotoonline.fr\/fi\/#breadcrumb","itemListElement":[{"@type":"ListItem","position":1,"name":"Home","item":"https:\/\/lotoonline.fr\/fi\/"},{"@type":"ListItem","position":2,"name":"Kotiin"}]},{"@type":"WebSite","@id":"https:\/\/lotoonline.fr\/fi\/#website","url":"https:\/\/lotoonline.fr\/fi\/","name":"","description":"","potentialAction":[{"@type":"SearchAction","target":{"@type":"EntryPoint","urlTemplate":"https:\/\/lotoonline.fr\/fi\/?s={search_term_string}"},"query-input":{"@type":"PropertyValueSpecification","valueRequired":true,"valueName":"search_term_string"}}],"inLanguage":"fi"}]}},"_links":{"self":[{"href":"https:\/\/lotoonline.fr\/fi\/wp-json\/wp\/v2\/pages\/118","targetHints":{"allow":["GET"]}}],"collection":[{"href":"https:\/\/lotoonline.fr\/fi\/wp-json\/wp\/v2\/pages"}],"about":[{"href":"https:\/\/lotoonline.fr\/fi\/wp-json\/wp\/v2\/types\/page"}],"author":[{"embeddable":true,"href":"https:\/\/lotoonline.fr\/fi\/wp-json\/wp\/v2\/users\/2"}],"replies":[{"embeddable":true,"href":"https:\/\/lotoonline.fr\/fi\/wp-json\/wp\/v2\/comments?post=118"}],"version-history":[{"count":0,"href":"https:\/\/lotoonline.fr\/fi\/wp-json\/wp\/v2\/pages\/118\/revisions"}],"wp:attachment":[{"href":"https:\/\/lotoonline.fr\/fi\/wp-json\/wp\/v2\/media?parent=118"}],"curies":[{"name":"wp","href":"https:\/\/api.w.org\/{rel}","templated":true}]}}