{"id":114,"date":"2025-07-23T17:36:44","date_gmt":"2025-07-23T17:36:44","guid":{"rendered":"https:\/\/lotoonline.fr\/dom\/"},"modified":"2025-07-23T17:36:44","modified_gmt":"2025-07-23T17:36:44","slug":"dom","status":"publish","type":"page","link":"https:\/\/lotoonline.fr\/hr\/","title":{"rendered":"Dom"},"content":{"rendered":"<h2>Najbolje svjetske lutrije dostupne online<\/h2>\n<p>Ako ste ljubitelj lutrije, vjerojatno se pitate kako igrati bingo online. Do sada ste vjerojatno igrali lokalni, tradicionalni bingo, kupuju\u0107i listi\u0107 u lokalnoj trgovini.<br \/>\nAli ako \u010ditate vijesti, vjerojatno ste \u010duli za velike dobitke od jackpotova u drugim zemljama. Pa se sada pitate: &#8220;Za\u0161to ne mogu osvojiti jedan od tih velikih jackpotova s \u200b\u200bme\u0111unarodnih lutrija?&#8221;<\/p>\n<p>Pa, evo nekoliko vijesti: mogu\u0107e je kada igrate bingo online!<\/p>\n<h2>Kako igranje binga online pove\u0107ava va\u0161e \u0161anse za pobjedu?<\/h2>\n<p>Kada igrate lokalni bingo, va\u0161e \u0161anse za osvajanje jackpota odre\u0111ene su iznosom listi\u0107a, izra\u010dunatim na temelju iznosa jackpota. To zna\u010di da su va\u0161e \u0161anse za pobjedu ve\u0107e kada je jackpot velik.<\/p>\n<p>Ali \u0161to ako jackpot lutrije nije dovoljno velik jer je nedavno osvojen? Ho\u0107ete li \u010dekati tjednima, ili \u010dak mjesecima, da jackpot naraste kako biste imali priliku za pobjedu?<\/p>\n<p>Ili \u0107ete razmotriti sljede\u0107u alternativu: sudjelovanje u drugim lutrijama u drugim zemljama igranjem binga online? Ova opcija je sada dostupna. Mo\u017eete birati izme\u0111u 20 najve\u0107ih lutrija na svijetu, koje mo\u017eete igrati online upravo sada zahvaljuju\u0107i RedFoxLottu (kliknite ovdje da biste posjetili njihovu web stranicu).<\/p>\n<p>S toliko mnogo opcija online kla\u0111enja, mo\u017eete odabrati igranje lutrije s najve\u0107im jackpotom ili one s najbli\u017eim izvla\u010denjem (pogledajte desni i lijevi stupac za datume i datume izvla\u010denja). <\/p>\n<h2>Igrajte me\u0111unarodne jackpotove online, gdje god \u017eivjeli<\/h2>\n<p>Obi\u010dno, da biste igrali lutriju, morate \u017eivjeti u dr\u017eavi ili zemlji u kojoj se odr\u017eava. Tako, na primjer, da biste igrali poznatu lutriju El Gordo Jackpot, morat \u0107ete kupiti listi\u0107 u \u0160panjolskoj. Sada mo\u017eete igrati ovu i mnoge druge lutrijske igre online.<\/p>\n<p>Izuzetno je jednostavno i prakti\u010dno. Evo \u0161to trebate u\u010diniti:<\/p>\n<p>Odaberite svoju lutriju iz stupaca s obje strane stranice.<br \/>\nOdaberite svoje dobitne brojeve (ili upotrijebite generator slu\u010dajnih brojeva).<\/p>\n<p>Izradite RedFoxLotto korisni\u010dki ra\u010dun.<br \/>\nPlatite online (sigurne metode pla\u0107anja: kreditne kartice, bankovni transferi, Moneybookers, Ukash itd.).<\/p>\n<p>Sljede\u0107i korak: RedFoxLotto kupuje listi\u0107 za ovaj jackpot u va\u0161e ime, skenira ga i \u0161alje vam e-po\u0161tom. Ako osvojite online bingo, RedFoxLotto \u0107e vam pomo\u0107i da primite svoj \u010dek.<br \/>\nRedFoxLotto je me\u0111unarodna posredni\u010dka usluga koja kupuje lutrijske listi\u0107e diljem svijeta. Nije pru\u017eatelj lutrijskih usluga i ne napla\u0107uje nikakvu proviziju na va\u0161e dobitke.<\/p>\n<p>Ova usluga vam omogu\u0107uje igranje bilo koje online lutrije, iz bilo koje zemlje svijeta, iz udobnosti vlastitog doma.<\/p>\n","protected":false},"excerpt":{"rendered":"<p>Najbolje svjetske lutrije dostupne online Ako ste ljubitelj lutrije, vjerojatno se pitate kako igrati bingo online. Do sada ste vjerojatno igrali lokalni, tradicionalni bingo, kupuju\u0107i listi\u0107 u lokalnoj trgovini. Ali ako \u010ditate vijesti, vjerojatno ste \u010duli za velike dobitke od jackpotova u drugim zemljama. Pa se sada pitate: &#8220;Za\u0161to ne mogu osvojiti jedan od tih [&hellip;]<\/p>\n","protected":false},"author":2,"featured_media":0,"parent":0,"menu_order":0,"comment_status":"closed","ping_status":"closed","template":"","meta":{"footnotes":""},"class_list":["post-114","page","type-page","status-publish","hentry"],"blocksy_meta":[],"yoast_head":"<!-- This site is optimized with the Yoast SEO plugin v27.4 - https:\/\/yoast.com\/product\/yoast-seo-wordpress\/ -->\n<title>Igrajte lutriju online - sve glavne lutrije na svijetu dostupne su online<\/title>\n<meta name=\"robots\" content=\"index, follow, max-snippet:-1, max-image-preview:large, max-video-preview:-1\" \/>\n<link rel=\"canonical\" href=\"https:\/\/lotoonline.fr\/hr\/\" \/>\n<meta property=\"og:locale\" content=\"hr_HR\" \/>\n<meta property=\"og:type\" content=\"article\" \/>\n<meta property=\"og:title\" content=\"Igrajte lutriju online - sve glavne lutrije na svijetu dostupne su online\" \/>\n<meta property=\"og:description\" content=\"Najbolje svjetske lutrije dostupne online Ako ste ljubitelj lutrije, vjerojatno se pitate kako igrati bingo online. Do sada ste vjerojatno igrali lokalni, tradicionalni bingo, kupuju\u0107i listi\u0107 u lokalnoj trgovini. Ali ako \u010ditate vijesti, vjerojatno ste \u010duli za velike dobitke od jackpotova u drugim zemljama. Pa se sada pitate: &#8220;Za\u0161to ne mogu osvojiti jedan od tih [&hellip;]\" \/>\n<meta property=\"og:url\" content=\"https:\/\/lotoonline.fr\/hr\/\" \/>\n<meta name=\"twitter:card\" content=\"summary_large_image\" \/>\n<meta name=\"twitter:label1\" content=\"Procijenjeno vrijeme \u010ditanja\" \/>\n\t<meta name=\"twitter:data1\" content=\"2 minute\" \/>\n<script type=\"application\/ld+json\" class=\"yoast-schema-graph\">{\"@context\":\"https:\\\/\\\/schema.org\",\"@graph\":[{\"@type\":\"WebPage\",\"@id\":\"https:\\\/\\\/lotoonline.fr\\\/hr\\\/\",\"url\":\"https:\\\/\\\/lotoonline.fr\\\/hr\\\/\",\"name\":\"Igrajte lutriju online - sve glavne lutrije na svijetu dostupne su online\",\"isPartOf\":{\"@id\":\"https:\\\/\\\/lotoonline.fr\\\/hr\\\/#website\"},\"datePublished\":\"2025-07-23T17:36:44+00:00\",\"breadcrumb\":{\"@id\":\"https:\\\/\\\/lotoonline.fr\\\/hr\\\/#breadcrumb\"},\"inLanguage\":\"hr\",\"potentialAction\":[{\"@type\":\"ReadAction\",\"target\":[\"https:\\\/\\\/lotoonline.fr\\\/hr\\\/\"]}]},{\"@type\":\"BreadcrumbList\",\"@id\":\"https:\\\/\\\/lotoonline.fr\\\/hr\\\/#breadcrumb\",\"itemListElement\":[{\"@type\":\"ListItem\",\"position\":1,\"name\":\"Home\",\"item\":\"https:\\\/\\\/lotoonline.fr\\\/hr\\\/\"},{\"@type\":\"ListItem\",\"position\":2,\"name\":\"Dom\"}]},{\"@type\":\"WebSite\",\"@id\":\"https:\\\/\\\/lotoonline.fr\\\/hr\\\/#website\",\"url\":\"https:\\\/\\\/lotoonline.fr\\\/hr\\\/\",\"name\":\"\",\"description\":\"\",\"potentialAction\":[{\"@type\":\"SearchAction\",\"target\":{\"@type\":\"EntryPoint\",\"urlTemplate\":\"https:\\\/\\\/lotoonline.fr\\\/hr\\\/?s={search_term_string}\"},\"query-input\":{\"@type\":\"PropertyValueSpecification\",\"valueRequired\":true,\"valueName\":\"search_term_string\"}}],\"inLanguage\":\"hr\"}]}<\/script>\n<!-- \/ Yoast SEO plugin. -->","yoast_head_json":{"title":"Igrajte lutriju online - sve glavne lutrije na svijetu dostupne su online","robots":{"index":"index","follow":"follow","max-snippet":"max-snippet:-1","max-image-preview":"max-image-preview:large","max-video-preview":"max-video-preview:-1"},"canonical":"https:\/\/lotoonline.fr\/hr\/","og_locale":"hr_HR","og_type":"article","og_title":"Igrajte lutriju online - sve glavne lutrije na svijetu dostupne su online","og_description":"Najbolje svjetske lutrije dostupne online Ako ste ljubitelj lutrije, vjerojatno se pitate kako igrati bingo online. Do sada ste vjerojatno igrali lokalni, tradicionalni bingo, kupuju\u0107i listi\u0107 u lokalnoj trgovini. Ali ako \u010ditate vijesti, vjerojatno ste \u010duli za velike dobitke od jackpotova u drugim zemljama. Pa se sada pitate: &#8220;Za\u0161to ne mogu osvojiti jedan od tih [&hellip;]","og_url":"https:\/\/lotoonline.fr\/hr\/","twitter_card":"summary_large_image","twitter_misc":{"Procijenjeno vrijeme \u010ditanja":"2 minute"},"schema":{"@context":"https:\/\/schema.org","@graph":[{"@type":"WebPage","@id":"https:\/\/lotoonline.fr\/hr\/","url":"https:\/\/lotoonline.fr\/hr\/","name":"Igrajte lutriju online - sve glavne lutrije na svijetu dostupne su online","isPartOf":{"@id":"https:\/\/lotoonline.fr\/hr\/#website"},"datePublished":"2025-07-23T17:36:44+00:00","breadcrumb":{"@id":"https:\/\/lotoonline.fr\/hr\/#breadcrumb"},"inLanguage":"hr","potentialAction":[{"@type":"ReadAction","target":["https:\/\/lotoonline.fr\/hr\/"]}]},{"@type":"BreadcrumbList","@id":"https:\/\/lotoonline.fr\/hr\/#breadcrumb","itemListElement":[{"@type":"ListItem","position":1,"name":"Home","item":"https:\/\/lotoonline.fr\/hr\/"},{"@type":"ListItem","position":2,"name":"Dom"}]},{"@type":"WebSite","@id":"https:\/\/lotoonline.fr\/hr\/#website","url":"https:\/\/lotoonline.fr\/hr\/","name":"","description":"","potentialAction":[{"@type":"SearchAction","target":{"@type":"EntryPoint","urlTemplate":"https:\/\/lotoonline.fr\/hr\/?s={search_term_string}"},"query-input":{"@type":"PropertyValueSpecification","valueRequired":true,"valueName":"search_term_string"}}],"inLanguage":"hr"}]}},"_links":{"self":[{"href":"https:\/\/lotoonline.fr\/hr\/wp-json\/wp\/v2\/pages\/114","targetHints":{"allow":["GET"]}}],"collection":[{"href":"https:\/\/lotoonline.fr\/hr\/wp-json\/wp\/v2\/pages"}],"about":[{"href":"https:\/\/lotoonline.fr\/hr\/wp-json\/wp\/v2\/types\/page"}],"author":[{"embeddable":true,"href":"https:\/\/lotoonline.fr\/hr\/wp-json\/wp\/v2\/users\/2"}],"replies":[{"embeddable":true,"href":"https:\/\/lotoonline.fr\/hr\/wp-json\/wp\/v2\/comments?post=114"}],"version-history":[{"count":0,"href":"https:\/\/lotoonline.fr\/hr\/wp-json\/wp\/v2\/pages\/114\/revisions"}],"wp:attachment":[{"href":"https:\/\/lotoonline.fr\/hr\/wp-json\/wp\/v2\/media?parent=114"}],"curies":[{"name":"wp","href":"https:\/\/api.w.org\/{rel}","templated":true}]}}