{"id":120,"date":"2025-07-23T17:36:44","date_gmt":"2025-07-23T17:36:44","guid":{"rendered":"https:\/\/lotoonline.fr\/otthon\/"},"modified":"2025-07-23T17:36:44","modified_gmt":"2025-07-23T17:36:44","slug":"otthon","status":"publish","type":"page","link":"https:\/\/lotoonline.fr\/hu\/","title":{"rendered":"Otthon"},"content":{"rendered":"<h2>A vil\u00e1g legjobb online el\u00e9rhet\u0151 lott\u00f3i<\/h2>\n<p>Ha lott\u00f3rajong\u00f3 vagy, val\u00f3sz\u00edn\u0171leg azon t\u0171n\u0151dsz, hogyan kell online bing\u00f3zni. Eddig val\u00f3sz\u00edn\u0171leg helyi, hagyom\u00e1nyos bing\u00f3t j\u00e1tszott\u00e1l, szelv\u00e9nyt a helyi boltban vett\u00e9l.<br \/>\nDe ha olvastad a h\u00edreket, val\u00f3sz\u00edn\u0171leg hallott\u00e1l m\u00e1s orsz\u00e1gok jackpotjainak nagy nyerem\u00e9nyeir\u0151l. Sz\u00f3val most azon t\u0171n\u0151dsz: &#8222;Mi\u00e9rt nem nyerhetek meg egyet a nagy jackpotok k\u00f6z\u00fcl a nemzetk\u00f6zi lott\u00f3kb\u00f3l?&#8221;<\/p>\n<p>Nos, \u00edme egy h\u00edr: lehets\u00e9ges, ha online bing\u00f3zol!<\/p>\n<h2>Hogyan n\u00f6veli az online bing\u00f3 a nyer\u00e9si es\u00e9lyeidet?<\/h2>\n<p>Amikor helyi bing\u00f3t j\u00e1tszol, a jackpot megnyer\u00e9s\u00e9nek es\u00e9lyeit a szelv\u00e9ny \u00f6sszege hat\u00e1rozza meg, amelyet a jackpot \u00f6sszege alapj\u00e1n sz\u00e1m\u00edtanak ki. Ez azt jelenti, hogy a nyer\u00e9si es\u00e9lyeid nagyobbak, ha a jackpot nagy.<\/p>\n<p>De mi van, ha a lott\u00f3 jackpotja nem el\u00e9g nagy, mert nemr\u00e9g nyert\u00e9k? Heteket, vagy ak\u00e1r h\u00f3napokat v\u00e1rsz, hogy a jackpot n\u00f6vekedjen, hogy es\u00e9lyed legyen nyerni?<\/p>\n<p>Vagy fontol\u00f3ra veszi a k\u00f6vetkez\u0151 alternat\u00edv\u00e1t: r\u00e9szt venni m\u00e1s orsz\u00e1gok lott\u00f3in online bing\u00f3z\u00e1ssal? Ez a lehet\u0151s\u00e9g most el\u00e9rhet\u0151. V\u00e1laszthat a vil\u00e1g 20 legnagyobb lott\u00f3ja k\u00f6z\u00fcl, amelyeket a RedFoxLotto j\u00f3volt\u00e1b\u00f3l most online is j\u00e1tszhat (kattintson ide a weboldaluk megl\u00e1togat\u00e1s\u00e1hoz).<\/p>\n<p>A sz\u00e1mos online fogad\u00e1si lehet\u0151s\u00e9g k\u00f6z\u00fcl v\u00e1laszthat, hogy a legnagyobb jackpottal rendelkez\u0151 lott\u00f3n vagy a legk\u00f6zelebbi sorsol\u00e1ssal rendelkez\u0151n j\u00e1tszik (a sorsol\u00e1si d\u00e1tumokat \u00e9s id\u0151pontokat l\u00e1sd a jobb \u00e9s bal oldali oszlopban). <\/p>\n<h2>J\u00e1tsszon nemzetk\u00f6zi jackpotokat online, b\u00e1rhol is \u00e9ljen<\/h2>\n<p>Norm\u00e1lis esetben a lott\u00f3 lej\u00e1tsz\u00e1s\u00e1hoz abban az \u00e1llamban vagy orsz\u00e1gban kell laknia, ahol azt rendezik. Teh\u00e1t p\u00e9ld\u00e1ul a h\u00edres El Gordo Jackpot lott\u00f3 lej\u00e1tsz\u00e1s\u00e1hoz Spanyolorsz\u00e1gban kell szelv\u00e9nyt v\u00e1s\u00e1rolnia. Mostant\u00f3l ezt \u00e9s sok m\u00e1s lott\u00f3j\u00e1t\u00e9kot online is j\u00e1tszhatja.<\/p>\n<p>Rendk\u00edv\u00fcl egyszer\u0171 \u00e9s k\u00e9nyelmes. \u00cdme, mit kell tennie:<\/p>\n<p>V\u00e1lassza ki a lott\u00f3j\u00e1t az oldal mindk\u00e9t oldal\u00e1n tal\u00e1lhat\u00f3 oszlopokb\u00f3l.<\/p>\n<p>V\u00e1lassza ki a nyer\u0151sz\u00e1mait (vagy haszn\u00e1ljon v\u00e9letlensz\u00e1m-gener\u00e1tort).<br \/>\nHozz l\u00e9tre egy RedFoxLotto \u00fcgyf\u00e9lfi\u00f3kot.<br \/>\nFizess online (biztons\u00e1gos fizet\u00e9si m\u00f3dok: hitelk\u00e1rty\u00e1k, banki \u00e1tutal\u00e1sok, Moneybookers, Ukash stb.).<\/p>\n<p>K\u00f6vetkez\u0151 l\u00e9p\u00e9s: A RedFoxLotto v\u00e1s\u00e1rol egy szelv\u00e9nyt erre a jackpotra a nevedben, beszkenneli, \u00e9s elk\u00fcldi neked e-mailben. Ha online bing\u00f3n nyersz, a RedFoxLotto seg\u00edt \u00e1tvenni a csekket.<\/p>\n<p>A RedFoxLotto egy nemzetk\u00f6zi k\u00f6zvet\u00edt\u0151 szolg\u00e1ltat\u00e1s, amely vil\u00e1gszerte v\u00e1s\u00e1rol lott\u00f3szelv\u00e9nyeket. Nem lott\u00f3szolg\u00e1ltat\u00f3, \u00e9s nem sz\u00e1m\u00edt fel jutal\u00e9kot a nyerem\u00e9nyed ut\u00e1n.<\/p>\n<p>Ez a szolg\u00e1ltat\u00e1s lehet\u0151v\u00e9 teszi, hogy b\u00e1rmilyen online lott\u00f3n j\u00e1tssz, a vil\u00e1g b\u00e1rmely orsz\u00e1g\u00e1b\u00f3l, otthonod k\u00e9nyelm\u00e9b\u0151l.<\/p>\n","protected":false},"excerpt":{"rendered":"<p>A vil\u00e1g legjobb online el\u00e9rhet\u0151 lott\u00f3i Ha lott\u00f3rajong\u00f3 vagy, val\u00f3sz\u00edn\u0171leg azon t\u0171n\u0151dsz, hogyan kell online bing\u00f3zni. Eddig val\u00f3sz\u00edn\u0171leg helyi, hagyom\u00e1nyos bing\u00f3t j\u00e1tszott\u00e1l, szelv\u00e9nyt a helyi boltban vett\u00e9l. De ha olvastad a h\u00edreket, val\u00f3sz\u00edn\u0171leg hallott\u00e1l m\u00e1s orsz\u00e1gok jackpotjainak nagy nyerem\u00e9nyeir\u0151l. Sz\u00f3val most azon t\u0171n\u0151dsz: &#8222;Mi\u00e9rt nem nyerhetek meg egyet a nagy jackpotok k\u00f6z\u00fcl a nemzetk\u00f6zi lott\u00f3kb\u00f3l?&#8221; [&hellip;]<\/p>\n","protected":false},"author":2,"featured_media":0,"parent":0,"menu_order":0,"comment_status":"closed","ping_status":"closed","template":"","meta":{"footnotes":""},"class_list":["post-120","page","type-page","status-publish","hentry"],"blocksy_meta":[],"yoast_head":"<!-- This site is optimized with the Yoast SEO plugin v27.4 - https:\/\/yoast.com\/product\/yoast-seo-wordpress\/ -->\n<title>Lott\u00f3zzon online - a vil\u00e1g \u00f6sszes nagyobb lott\u00f3ja el\u00e9rhet\u0151 online<\/title>\n<meta name=\"robots\" content=\"index, follow, max-snippet:-1, max-image-preview:large, max-video-preview:-1\" \/>\n<link rel=\"canonical\" href=\"https:\/\/lotoonline.fr\/hu\/\" \/>\n<meta property=\"og:locale\" content=\"hu_HU\" \/>\n<meta property=\"og:type\" content=\"article\" \/>\n<meta property=\"og:title\" content=\"Lott\u00f3zzon online - a vil\u00e1g \u00f6sszes nagyobb lott\u00f3ja el\u00e9rhet\u0151 online\" \/>\n<meta property=\"og:description\" content=\"A vil\u00e1g legjobb online el\u00e9rhet\u0151 lott\u00f3i Ha lott\u00f3rajong\u00f3 vagy, val\u00f3sz\u00edn\u0171leg azon t\u0171n\u0151dsz, hogyan kell online bing\u00f3zni. Eddig val\u00f3sz\u00edn\u0171leg helyi, hagyom\u00e1nyos bing\u00f3t j\u00e1tszott\u00e1l, szelv\u00e9nyt a helyi boltban vett\u00e9l. De ha olvastad a h\u00edreket, val\u00f3sz\u00edn\u0171leg hallott\u00e1l m\u00e1s orsz\u00e1gok jackpotjainak nagy nyerem\u00e9nyeir\u0151l. Sz\u00f3val most azon t\u0171n\u0151dsz: &#8222;Mi\u00e9rt nem nyerhetek meg egyet a nagy jackpotok k\u00f6z\u00fcl a nemzetk\u00f6zi lott\u00f3kb\u00f3l?&#8221; [&hellip;]\" \/>\n<meta property=\"og:url\" content=\"https:\/\/lotoonline.fr\/hu\/\" \/>\n<meta name=\"twitter:card\" content=\"summary_large_image\" \/>\n<meta name=\"twitter:label1\" content=\"Becs\u00fclt olvas\u00e1si id\u0151\" \/>\n\t<meta name=\"twitter:data1\" content=\"3 perc\" \/>\n<script type=\"application\/ld+json\" class=\"yoast-schema-graph\">{\"@context\":\"https:\\\/\\\/schema.org\",\"@graph\":[{\"@type\":\"WebPage\",\"@id\":\"https:\\\/\\\/lotoonline.fr\\\/hu\\\/\",\"url\":\"https:\\\/\\\/lotoonline.fr\\\/hu\\\/\",\"name\":\"Lott\u00f3zzon online - a vil\u00e1g \u00f6sszes nagyobb lott\u00f3ja el\u00e9rhet\u0151 online\",\"isPartOf\":{\"@id\":\"https:\\\/\\\/lotoonline.fr\\\/hu\\\/#website\"},\"datePublished\":\"2025-07-23T17:36:44+00:00\",\"breadcrumb\":{\"@id\":\"https:\\\/\\\/lotoonline.fr\\\/hu\\\/#breadcrumb\"},\"inLanguage\":\"hu\",\"potentialAction\":[{\"@type\":\"ReadAction\",\"target\":[\"https:\\\/\\\/lotoonline.fr\\\/hu\\\/\"]}]},{\"@type\":\"BreadcrumbList\",\"@id\":\"https:\\\/\\\/lotoonline.fr\\\/hu\\\/#breadcrumb\",\"itemListElement\":[{\"@type\":\"ListItem\",\"position\":1,\"name\":\"Home\",\"item\":\"https:\\\/\\\/lotoonline.fr\\\/hu\\\/\"},{\"@type\":\"ListItem\",\"position\":2,\"name\":\"Otthon\"}]},{\"@type\":\"WebSite\",\"@id\":\"https:\\\/\\\/lotoonline.fr\\\/hu\\\/#website\",\"url\":\"https:\\\/\\\/lotoonline.fr\\\/hu\\\/\",\"name\":\"\",\"description\":\"\",\"potentialAction\":[{\"@type\":\"SearchAction\",\"target\":{\"@type\":\"EntryPoint\",\"urlTemplate\":\"https:\\\/\\\/lotoonline.fr\\\/hu\\\/?s={search_term_string}\"},\"query-input\":{\"@type\":\"PropertyValueSpecification\",\"valueRequired\":true,\"valueName\":\"search_term_string\"}}],\"inLanguage\":\"hu\"}]}<\/script>\n<!-- \/ Yoast SEO plugin. -->","yoast_head_json":{"title":"Lott\u00f3zzon online - a vil\u00e1g \u00f6sszes nagyobb lott\u00f3ja el\u00e9rhet\u0151 online","robots":{"index":"index","follow":"follow","max-snippet":"max-snippet:-1","max-image-preview":"max-image-preview:large","max-video-preview":"max-video-preview:-1"},"canonical":"https:\/\/lotoonline.fr\/hu\/","og_locale":"hu_HU","og_type":"article","og_title":"Lott\u00f3zzon online - a vil\u00e1g \u00f6sszes nagyobb lott\u00f3ja el\u00e9rhet\u0151 online","og_description":"A vil\u00e1g legjobb online el\u00e9rhet\u0151 lott\u00f3i Ha lott\u00f3rajong\u00f3 vagy, val\u00f3sz\u00edn\u0171leg azon t\u0171n\u0151dsz, hogyan kell online bing\u00f3zni. Eddig val\u00f3sz\u00edn\u0171leg helyi, hagyom\u00e1nyos bing\u00f3t j\u00e1tszott\u00e1l, szelv\u00e9nyt a helyi boltban vett\u00e9l. De ha olvastad a h\u00edreket, val\u00f3sz\u00edn\u0171leg hallott\u00e1l m\u00e1s orsz\u00e1gok jackpotjainak nagy nyerem\u00e9nyeir\u0151l. Sz\u00f3val most azon t\u0171n\u0151dsz: &#8222;Mi\u00e9rt nem nyerhetek meg egyet a nagy jackpotok k\u00f6z\u00fcl a nemzetk\u00f6zi lott\u00f3kb\u00f3l?&#8221; [&hellip;]","og_url":"https:\/\/lotoonline.fr\/hu\/","twitter_card":"summary_large_image","twitter_misc":{"Becs\u00fclt olvas\u00e1si id\u0151":"3 perc"},"schema":{"@context":"https:\/\/schema.org","@graph":[{"@type":"WebPage","@id":"https:\/\/lotoonline.fr\/hu\/","url":"https:\/\/lotoonline.fr\/hu\/","name":"Lott\u00f3zzon online - a vil\u00e1g \u00f6sszes nagyobb lott\u00f3ja el\u00e9rhet\u0151 online","isPartOf":{"@id":"https:\/\/lotoonline.fr\/hu\/#website"},"datePublished":"2025-07-23T17:36:44+00:00","breadcrumb":{"@id":"https:\/\/lotoonline.fr\/hu\/#breadcrumb"},"inLanguage":"hu","potentialAction":[{"@type":"ReadAction","target":["https:\/\/lotoonline.fr\/hu\/"]}]},{"@type":"BreadcrumbList","@id":"https:\/\/lotoonline.fr\/hu\/#breadcrumb","itemListElement":[{"@type":"ListItem","position":1,"name":"Home","item":"https:\/\/lotoonline.fr\/hu\/"},{"@type":"ListItem","position":2,"name":"Otthon"}]},{"@type":"WebSite","@id":"https:\/\/lotoonline.fr\/hu\/#website","url":"https:\/\/lotoonline.fr\/hu\/","name":"","description":"","potentialAction":[{"@type":"SearchAction","target":{"@type":"EntryPoint","urlTemplate":"https:\/\/lotoonline.fr\/hu\/?s={search_term_string}"},"query-input":{"@type":"PropertyValueSpecification","valueRequired":true,"valueName":"search_term_string"}}],"inLanguage":"hu"}]}},"_links":{"self":[{"href":"https:\/\/lotoonline.fr\/hu\/wp-json\/wp\/v2\/pages\/120","targetHints":{"allow":["GET"]}}],"collection":[{"href":"https:\/\/lotoonline.fr\/hu\/wp-json\/wp\/v2\/pages"}],"about":[{"href":"https:\/\/lotoonline.fr\/hu\/wp-json\/wp\/v2\/types\/page"}],"author":[{"embeddable":true,"href":"https:\/\/lotoonline.fr\/hu\/wp-json\/wp\/v2\/users\/2"}],"replies":[{"embeddable":true,"href":"https:\/\/lotoonline.fr\/hu\/wp-json\/wp\/v2\/comments?post=120"}],"version-history":[{"count":0,"href":"https:\/\/lotoonline.fr\/hu\/wp-json\/wp\/v2\/pages\/120\/revisions"}],"wp:attachment":[{"href":"https:\/\/lotoonline.fr\/hu\/wp-json\/wp\/v2\/media?parent=120"}],"curies":[{"name":"wp","href":"https:\/\/api.w.org\/{rel}","templated":true}]}}