{"id":121,"date":"2025-07-23T17:36:44","date_gmt":"2025-07-23T17:36:44","guid":{"rendered":"https:\/\/lotoonline.fr\/casa\/"},"modified":"2025-07-23T17:36:44","modified_gmt":"2025-07-23T17:36:44","slug":"casa","status":"publish","type":"page","link":"https:\/\/lotoonline.fr\/it\/","title":{"rendered":"Casa"},"content":{"rendered":"<h2>Le migliori lotterie del mondo disponibili online<\/h2>\n<p>Se sei un appassionato di lotteria, probabilmente ti starai chiedendo come giocare a bingo online. Finora, probabilmente hai giocato al bingo tradizionale locale, acquistando una schedina presso il tuo rivenditore di fiducia.<br \/>\nMa se leggi le notizie, probabilmente hai sentito parlare di grandi vincite con jackpot in altri paesi. Quindi ora ti starai chiedendo: &#8220;Perch\u00e9 non posso vincere uno di quei grandi jackpot delle lotterie internazionali?&#8221;<\/p>\n<p>Bene, ecco una notizia: \u00e8 possibile giocando a bingo online!<\/p>\n<h2>In che modo giocare a bingo online aumenta le tue possibilit\u00e0 di vincita?<\/h2>\n<p>Quando giochi a bingo nel tuo negozio locale, le tue possibilit\u00e0 di vincere il jackpot sono determinate dall&#8217;importo della schedina, calcolato in base all&#8217;importo del jackpot. Questo significa che le tue possibilit\u00e0 di vincita sono maggiori quando il jackpot \u00e8 elevato.<\/p>\n<p>Ma cosa succede se il jackpot della lotteria non \u00e8 abbastanza grande perch\u00e9 \u00e8 stato vinto di recente? Aspetterai settimane, o addirittura mesi, che il jackpot cresca per avere la possibilit\u00e0 di vincere?<\/p>\n<p>Oppure prenderai in considerazione la seguente alternativa: partecipare ad altre lotterie in altri paesi giocando a bingo online? Questa opzione \u00e8 ora disponibile. Puoi scegliere tra le 20 lotterie pi\u00f9 grandi del mondo, a cui puoi giocare online subito grazie a RedFoxLotto (clicca qui per visitare il loro sito web).<\/p>\n<p>Con cos\u00ec tante opzioni di scommesse online, puoi scegliere di giocare alla lotteria con il jackpot pi\u00f9 alto o a quella con l&#8217;estrazione pi\u00f9 vicina (vedi le colonne di destra e di sinistra per le date delle estrazioni). <\/p>\n<h2>Gioca ai jackpot internazionali online, ovunque tu viva<\/h2>\n<p>Normalmente, per giocare alla lotteria, devi risiedere nello stato o nel paese in cui si svolge. Quindi, ad esempio, per giocare alla famosa lotteria El Gordo Jackpot, dovrai acquistare un biglietto in Spagna. Ora puoi giocare a questo e a molti altri giochi della lotteria online.<\/p>\n<p>\u00c8 estremamente semplice e comodo. Ecco cosa devi fare:<\/p>\n<p>Scegli la tua lotteria dalle colonne su entrambi i lati del sito.<br \/>\nSeleziona i tuoi numeri vincenti (o usa un generatore di numeri casuali).<br \/>\nCrea un account cliente RedFoxLotto.<br \/>\nPaga online (metodi di pagamento sicuri: carte di credito, bonifici bancari, Moneybookers, Ukash, ecc.).<\/p>\n<p>Passaggio successivo: RedFoxLotto acquista un biglietto per questo jackpot per tuo conto, lo scansiona e te lo invia via email. Se vinci al bingo online, RedFoxLotto ti aiuter\u00e0 a ricevere l&#8217;assegno.<br \/>\nRedFoxLotto \u00e8 un servizio di intermediazione internazionale che acquista biglietti della lotteria in tutto il mondo. Non \u00e8 un fornitore di lotterie e non addebita alcuna commissione sulle tue vincite.<\/p>\n<p>Questo servizio ti permette di giocare a qualsiasi lotteria online, da qualsiasi paese del mondo, comodamente da casa tua.<\/p>\n","protected":false},"excerpt":{"rendered":"<p>Le migliori lotterie del mondo disponibili online Se sei un appassionato di lotteria, probabilmente ti starai chiedendo come giocare a bingo online. Finora, probabilmente hai giocato al bingo tradizionale locale, acquistando una schedina presso il tuo rivenditore di fiducia. Ma se leggi le notizie, probabilmente hai sentito parlare di grandi vincite con jackpot in altri [&hellip;]<\/p>\n","protected":false},"author":2,"featured_media":0,"parent":0,"menu_order":0,"comment_status":"closed","ping_status":"closed","template":"","meta":{"footnotes":""},"class_list":["post-121","page","type-page","status-publish","hentry"],"blocksy_meta":[],"yoast_head":"<!-- This site is optimized with the Yoast SEO plugin v27.4 - https:\/\/yoast.com\/product\/yoast-seo-wordpress\/ -->\n<title>Gioca alla lotteria online: tutte le principali lotterie del mondo sono disponibili online<\/title>\n<meta name=\"robots\" content=\"index, follow, max-snippet:-1, max-image-preview:large, max-video-preview:-1\" \/>\n<link rel=\"canonical\" href=\"https:\/\/lotoonline.fr\/it\/\" \/>\n<meta property=\"og:locale\" content=\"it_IT\" \/>\n<meta property=\"og:type\" content=\"article\" \/>\n<meta property=\"og:title\" content=\"Gioca alla lotteria online: tutte le principali lotterie del mondo sono disponibili online\" \/>\n<meta property=\"og:description\" content=\"Le migliori lotterie del mondo disponibili online Se sei un appassionato di lotteria, probabilmente ti starai chiedendo come giocare a bingo online. Finora, probabilmente hai giocato al bingo tradizionale locale, acquistando una schedina presso il tuo rivenditore di fiducia. Ma se leggi le notizie, probabilmente hai sentito parlare di grandi vincite con jackpot in altri [&hellip;]\" \/>\n<meta property=\"og:url\" content=\"https:\/\/lotoonline.fr\/it\/\" \/>\n<meta name=\"twitter:card\" content=\"summary_large_image\" \/>\n<meta name=\"twitter:label1\" content=\"Tempo di lettura stimato\" \/>\n\t<meta name=\"twitter:data1\" content=\"2 minuti\" \/>\n<script type=\"application\/ld+json\" class=\"yoast-schema-graph\">{\"@context\":\"https:\\\/\\\/schema.org\",\"@graph\":[{\"@type\":\"WebPage\",\"@id\":\"https:\\\/\\\/lotoonline.fr\\\/it\\\/\",\"url\":\"https:\\\/\\\/lotoonline.fr\\\/it\\\/\",\"name\":\"Gioca alla lotteria online: tutte le principali lotterie del mondo sono disponibili online\",\"isPartOf\":{\"@id\":\"https:\\\/\\\/lotoonline.fr\\\/it\\\/#website\"},\"datePublished\":\"2025-07-23T17:36:44+00:00\",\"breadcrumb\":{\"@id\":\"https:\\\/\\\/lotoonline.fr\\\/it\\\/#breadcrumb\"},\"inLanguage\":\"it-IT\",\"potentialAction\":[{\"@type\":\"ReadAction\",\"target\":[\"https:\\\/\\\/lotoonline.fr\\\/it\\\/\"]}]},{\"@type\":\"BreadcrumbList\",\"@id\":\"https:\\\/\\\/lotoonline.fr\\\/it\\\/#breadcrumb\",\"itemListElement\":[{\"@type\":\"ListItem\",\"position\":1,\"name\":\"Home\",\"item\":\"https:\\\/\\\/lotoonline.fr\\\/it\\\/\"},{\"@type\":\"ListItem\",\"position\":2,\"name\":\"Casa\"}]},{\"@type\":\"WebSite\",\"@id\":\"https:\\\/\\\/lotoonline.fr\\\/it\\\/#website\",\"url\":\"https:\\\/\\\/lotoonline.fr\\\/it\\\/\",\"name\":\"\",\"description\":\"\",\"potentialAction\":[{\"@type\":\"SearchAction\",\"target\":{\"@type\":\"EntryPoint\",\"urlTemplate\":\"https:\\\/\\\/lotoonline.fr\\\/it\\\/?s={search_term_string}\"},\"query-input\":{\"@type\":\"PropertyValueSpecification\",\"valueRequired\":true,\"valueName\":\"search_term_string\"}}],\"inLanguage\":\"it-IT\"}]}<\/script>\n<!-- \/ Yoast SEO plugin. -->","yoast_head_json":{"title":"Gioca alla lotteria online: tutte le principali lotterie del mondo sono disponibili online","robots":{"index":"index","follow":"follow","max-snippet":"max-snippet:-1","max-image-preview":"max-image-preview:large","max-video-preview":"max-video-preview:-1"},"canonical":"https:\/\/lotoonline.fr\/it\/","og_locale":"it_IT","og_type":"article","og_title":"Gioca alla lotteria online: tutte le principali lotterie del mondo sono disponibili online","og_description":"Le migliori lotterie del mondo disponibili online Se sei un appassionato di lotteria, probabilmente ti starai chiedendo come giocare a bingo online. Finora, probabilmente hai giocato al bingo tradizionale locale, acquistando una schedina presso il tuo rivenditore di fiducia. Ma se leggi le notizie, probabilmente hai sentito parlare di grandi vincite con jackpot in altri [&hellip;]","og_url":"https:\/\/lotoonline.fr\/it\/","twitter_card":"summary_large_image","twitter_misc":{"Tempo di lettura stimato":"2 minuti"},"schema":{"@context":"https:\/\/schema.org","@graph":[{"@type":"WebPage","@id":"https:\/\/lotoonline.fr\/it\/","url":"https:\/\/lotoonline.fr\/it\/","name":"Gioca alla lotteria online: tutte le principali lotterie del mondo sono disponibili online","isPartOf":{"@id":"https:\/\/lotoonline.fr\/it\/#website"},"datePublished":"2025-07-23T17:36:44+00:00","breadcrumb":{"@id":"https:\/\/lotoonline.fr\/it\/#breadcrumb"},"inLanguage":"it-IT","potentialAction":[{"@type":"ReadAction","target":["https:\/\/lotoonline.fr\/it\/"]}]},{"@type":"BreadcrumbList","@id":"https:\/\/lotoonline.fr\/it\/#breadcrumb","itemListElement":[{"@type":"ListItem","position":1,"name":"Home","item":"https:\/\/lotoonline.fr\/it\/"},{"@type":"ListItem","position":2,"name":"Casa"}]},{"@type":"WebSite","@id":"https:\/\/lotoonline.fr\/it\/#website","url":"https:\/\/lotoonline.fr\/it\/","name":"","description":"","potentialAction":[{"@type":"SearchAction","target":{"@type":"EntryPoint","urlTemplate":"https:\/\/lotoonline.fr\/it\/?s={search_term_string}"},"query-input":{"@type":"PropertyValueSpecification","valueRequired":true,"valueName":"search_term_string"}}],"inLanguage":"it-IT"}]}},"_links":{"self":[{"href":"https:\/\/lotoonline.fr\/it\/wp-json\/wp\/v2\/pages\/121","targetHints":{"allow":["GET"]}}],"collection":[{"href":"https:\/\/lotoonline.fr\/it\/wp-json\/wp\/v2\/pages"}],"about":[{"href":"https:\/\/lotoonline.fr\/it\/wp-json\/wp\/v2\/types\/page"}],"author":[{"embeddable":true,"href":"https:\/\/lotoonline.fr\/it\/wp-json\/wp\/v2\/users\/2"}],"replies":[{"embeddable":true,"href":"https:\/\/lotoonline.fr\/it\/wp-json\/wp\/v2\/comments?post=121"}],"version-history":[{"count":0,"href":"https:\/\/lotoonline.fr\/it\/wp-json\/wp\/v2\/pages\/121\/revisions"}],"wp:attachment":[{"href":"https:\/\/lotoonline.fr\/it\/wp-json\/wp\/v2\/media?parent=121"}],"curies":[{"name":"wp","href":"https:\/\/api.w.org\/{rel}","templated":true}]}}