{"id":125,"date":"2025-07-23T17:36:44","date_gmt":"2025-07-23T17:36:44","guid":{"rendered":"https:\/\/lotoonline.fr\/pradzia\/"},"modified":"2025-07-23T17:36:44","modified_gmt":"2025-07-23T17:36:44","slug":"pradzia","status":"publish","type":"page","link":"https:\/\/lotoonline.fr\/lt\/","title":{"rendered":"Prad\u017eia"},"content":{"rendered":"<h2>Geriausios pasaulyje loterijos, prieinamos internetu<\/h2>\n<p>Jei esate loterij\u0173 gerb\u0117jas, tikriausiai svarstote, kaip \u017eaisti bingo internetu. Iki \u0161iol tikriausiai \u017eaid\u0117te vietin\u012f, tradicin\u012f bingo, pirkdami biliet\u0105 vietin\u0117je parduotuv\u0117je.<br \/>\nTa\u010diau jei skaitote naujienas, tikriausiai gird\u0117jote apie didelius laim\u0117jimus i\u0161 kit\u0173 \u0161ali\u0173 jackpot\u0173. Taigi dabar svarstote: \u201eKod\u0117l a\u0161 negaliu laim\u0117ti vieno i\u0161 t\u0173 dideli\u0173 jackpot\u0173 i\u0161 tarptautini\u0173 loterij\u0173?\u201c<\/p>\n<p>Na, \u0161tai keletas naujien\u0173: tai \u012fmanoma, kai \u017eaid\u017eiate bingo internetu!<\/p>\n<h2>Kaip \u017eaid\u017eiant bingo internetu padid\u0117ja j\u016bs\u0173 laim\u0117jimo galimyb\u0117s?<\/h2>\n<p>Kai \u017eaid\u017eiate vietin\u012f bingo, j\u016bs\u0173 \u0161ansai laim\u0117ti jackpot\u0105 priklauso nuo bilieto sumos, apskai\u010diuojamos pagal jackpoto sum\u0105. Tai rei\u0161kia, kad j\u016bs\u0173 \u0161ansai laim\u0117ti yra didesni, kai jackpotas yra didelis.<\/p>\n<p>O kas, jei loterijos jackpotas n\u0117ra pakankamai didelis, nes jis buvo laim\u0117tas neseniai? Ar lauksite savaites ar net m\u0117nesius, kol jackpotas i\u0161augs, kad tur\u0117tum\u0117te galimyb\u0119 laim\u0117ti?<\/p>\n<p>Arba apsvarstysite \u0161i\u0105 alternatyv\u0105: dalyvauti kitose loterijose kitose \u0161alyse \u017eaid\u017eiant bingo internetu? \u0160i galimyb\u0117 jau galima. Galite rinktis i\u0161 20 did\u017eiausi\u0173 loterij\u0173 pasaulyje, kurias galite \u017eaisti internetu jau dabar \u201eRedFoxLotto\u201c d\u0117ka (spustel\u0117kite \u010dia, kad apsilankytum\u0117te j\u0173 svetain\u0117je).<\/p>\n<p>Tur\u0117dami tiek daug internetini\u0173 la\u017eyb\u0173 variant\u0173, galite pasirinkti \u017eaisti loterijoje su did\u017eiausiu kaupiamuoju prizu arba toje, kurioje yra artimiausias traukimas (traukimo datas ir datas rasite de\u0161iniajame ir kairiajame stulpeliuose). <\/p>\n<h2>\u017daiskite tarptautinius kaupiamuosius prizus internetu, kad ir kur gyventum\u0117te<\/h2>\n<p>Paprastai, nor\u0117dami \u017eaisti loterijoje, turite gyventi toje valstijoje ar \u0161alyje, kurioje ji vyksta. Pavyzd\u017eiui, nor\u0117dami \u017eaisti garsi\u0105j\u0105 \u201eEl Gordo\u201c kaupiamojo prizo loterij\u0105, tur\u0117site nusipirkti biliet\u0105 Ispanijoje. Dabar galite \u017eaisti \u0161\u012f ir daugel\u012f kit\u0173 loterijos \u017eaidim\u0173 internetu.<\/p>\n<p>Tai labai paprasta ir patogu. \u0160tai k\u0105 jums reikia padaryti:<\/p>\n<p>Pasirinkite savo loterij\u0105 i\u0161 stulpeli\u0173 abiejose svetain\u0117s pus\u0117se.<br \/>\nPasirinkite laim\u0117jusius skai\u010dius (arba naudokite atsitiktini\u0173 skai\u010di\u0173 generatori\u0173).<br \/>\nSukurkite \u201eRedFoxLotto\u201c kliento paskyr\u0105.<br \/>\nMok\u0117kite internetu (saug\u016bs mok\u0117jimo b\u016bdai: kreditin\u0117s kortel\u0117s, banko pavedimai, \u201eMoneybookers\u201c, \u201eUkash\u201c ir kt.).<\/p>\n<p>Kitas \u017eingsnis: \u201eRedFoxLotto\u201c j\u016bs\u0173 vardu nupirks \u0161io prizo biliet\u0105, j\u012f nuskaitys ir i\u0161siun\u010dia jums el. pa\u0161tu. Jei laim\u0117site internetin\u012f bingo, \u201eRedFoxLotto\u201c pad\u0117s jums gauti \u010dek\u012f.<\/p>\n<p>\u201eRedFoxLotto\u201c yra tarptautin\u0117 tarpininkavimo paslauga, perkanti loterijos bilietus visame pasaulyje. Ji n\u0117ra loterij\u0173 teik\u0117ja ir neima jokio komisinio mokes\u010dio u\u017e j\u016bs\u0173 laim\u0117jimus.<\/p>\n<p>\u0160i paslauga leid\u017eia \u017eaisti bet kuri\u0105 internetin\u0119 loterij\u0105 i\u0161 bet kurios pasaulio \u0161alies, patogiai \u012fsitaisius namuose.<\/p>\n","protected":false},"excerpt":{"rendered":"<p>Geriausios pasaulyje loterijos, prieinamos internetu Jei esate loterij\u0173 gerb\u0117jas, tikriausiai svarstote, kaip \u017eaisti bingo internetu. Iki \u0161iol tikriausiai \u017eaid\u0117te vietin\u012f, tradicin\u012f bingo, pirkdami biliet\u0105 vietin\u0117je parduotuv\u0117je. Ta\u010diau jei skaitote naujienas, tikriausiai gird\u0117jote apie didelius laim\u0117jimus i\u0161 kit\u0173 \u0161ali\u0173 jackpot\u0173. Taigi dabar svarstote: \u201eKod\u0117l a\u0161 negaliu laim\u0117ti vieno i\u0161 t\u0173 dideli\u0173 jackpot\u0173 i\u0161 tarptautini\u0173 loterij\u0173?\u201c Na, [&hellip;]<\/p>\n","protected":false},"author":2,"featured_media":0,"parent":0,"menu_order":0,"comment_status":"closed","ping_status":"closed","template":"","meta":{"footnotes":""},"class_list":["post-125","page","type-page","status-publish","hentry"],"blocksy_meta":[],"yoast_head":"<!-- This site is optimized with the Yoast SEO plugin v27.4 - https:\/\/yoast.com\/product\/yoast-seo-wordpress\/ -->\n<title>\u017daiskite loterij\u0105 internetu \u2013 visos pagrindin\u0117s loterijos pasaulyje prieinamos internetu<\/title>\n<meta name=\"robots\" content=\"index, follow, max-snippet:-1, max-image-preview:large, max-video-preview:-1\" \/>\n<link rel=\"canonical\" href=\"https:\/\/lotoonline.fr\/lt\/\" \/>\n<meta property=\"og:locale\" content=\"lt_LT\" \/>\n<meta property=\"og:type\" content=\"article\" \/>\n<meta property=\"og:title\" content=\"\u017daiskite loterij\u0105 internetu \u2013 visos pagrindin\u0117s loterijos pasaulyje prieinamos internetu\" \/>\n<meta property=\"og:description\" content=\"Geriausios pasaulyje loterijos, prieinamos internetu Jei esate loterij\u0173 gerb\u0117jas, tikriausiai svarstote, kaip \u017eaisti bingo internetu. Iki \u0161iol tikriausiai \u017eaid\u0117te vietin\u012f, tradicin\u012f bingo, pirkdami biliet\u0105 vietin\u0117je parduotuv\u0117je. Ta\u010diau jei skaitote naujienas, tikriausiai gird\u0117jote apie didelius laim\u0117jimus i\u0161 kit\u0173 \u0161ali\u0173 jackpot\u0173. Taigi dabar svarstote: \u201eKod\u0117l a\u0161 negaliu laim\u0117ti vieno i\u0161 t\u0173 dideli\u0173 jackpot\u0173 i\u0161 tarptautini\u0173 loterij\u0173?\u201c Na, [&hellip;]\" \/>\n<meta property=\"og:url\" content=\"https:\/\/lotoonline.fr\/lt\/\" \/>\n<meta name=\"twitter:card\" content=\"summary_large_image\" \/>\n<meta name=\"twitter:label1\" content=\"Est. reading time\" \/>\n\t<meta name=\"twitter:data1\" content=\"2 minut\u0117s\" \/>\n<script type=\"application\/ld+json\" class=\"yoast-schema-graph\">{\"@context\":\"https:\\\/\\\/schema.org\",\"@graph\":[{\"@type\":\"WebPage\",\"@id\":\"https:\\\/\\\/lotoonline.fr\\\/lt\\\/\",\"url\":\"https:\\\/\\\/lotoonline.fr\\\/lt\\\/\",\"name\":\"\u017daiskite loterij\u0105 internetu \u2013 visos pagrindin\u0117s loterijos pasaulyje prieinamos internetu\",\"isPartOf\":{\"@id\":\"https:\\\/\\\/lotoonline.fr\\\/lt\\\/#website\"},\"datePublished\":\"2025-07-23T17:36:44+00:00\",\"breadcrumb\":{\"@id\":\"https:\\\/\\\/lotoonline.fr\\\/lt\\\/#breadcrumb\"},\"inLanguage\":\"lt-LT\",\"potentialAction\":[{\"@type\":\"ReadAction\",\"target\":[\"https:\\\/\\\/lotoonline.fr\\\/lt\\\/\"]}]},{\"@type\":\"BreadcrumbList\",\"@id\":\"https:\\\/\\\/lotoonline.fr\\\/lt\\\/#breadcrumb\",\"itemListElement\":[{\"@type\":\"ListItem\",\"position\":1,\"name\":\"Home\",\"item\":\"https:\\\/\\\/lotoonline.fr\\\/lt\\\/\"},{\"@type\":\"ListItem\",\"position\":2,\"name\":\"Prad\u017eia\"}]},{\"@type\":\"WebSite\",\"@id\":\"https:\\\/\\\/lotoonline.fr\\\/lt\\\/#website\",\"url\":\"https:\\\/\\\/lotoonline.fr\\\/lt\\\/\",\"name\":\"\",\"description\":\"\",\"potentialAction\":[{\"@type\":\"SearchAction\",\"target\":{\"@type\":\"EntryPoint\",\"urlTemplate\":\"https:\\\/\\\/lotoonline.fr\\\/lt\\\/?s={search_term_string}\"},\"query-input\":{\"@type\":\"PropertyValueSpecification\",\"valueRequired\":true,\"valueName\":\"search_term_string\"}}],\"inLanguage\":\"lt-LT\"}]}<\/script>\n<!-- \/ Yoast SEO plugin. -->","yoast_head_json":{"title":"\u017daiskite loterij\u0105 internetu \u2013 visos pagrindin\u0117s loterijos pasaulyje prieinamos internetu","robots":{"index":"index","follow":"follow","max-snippet":"max-snippet:-1","max-image-preview":"max-image-preview:large","max-video-preview":"max-video-preview:-1"},"canonical":"https:\/\/lotoonline.fr\/lt\/","og_locale":"lt_LT","og_type":"article","og_title":"\u017daiskite loterij\u0105 internetu \u2013 visos pagrindin\u0117s loterijos pasaulyje prieinamos internetu","og_description":"Geriausios pasaulyje loterijos, prieinamos internetu Jei esate loterij\u0173 gerb\u0117jas, tikriausiai svarstote, kaip \u017eaisti bingo internetu. Iki \u0161iol tikriausiai \u017eaid\u0117te vietin\u012f, tradicin\u012f bingo, pirkdami biliet\u0105 vietin\u0117je parduotuv\u0117je. Ta\u010diau jei skaitote naujienas, tikriausiai gird\u0117jote apie didelius laim\u0117jimus i\u0161 kit\u0173 \u0161ali\u0173 jackpot\u0173. Taigi dabar svarstote: \u201eKod\u0117l a\u0161 negaliu laim\u0117ti vieno i\u0161 t\u0173 dideli\u0173 jackpot\u0173 i\u0161 tarptautini\u0173 loterij\u0173?\u201c Na, [&hellip;]","og_url":"https:\/\/lotoonline.fr\/lt\/","twitter_card":"summary_large_image","twitter_misc":{"Est. reading time":"2 minut\u0117s"},"schema":{"@context":"https:\/\/schema.org","@graph":[{"@type":"WebPage","@id":"https:\/\/lotoonline.fr\/lt\/","url":"https:\/\/lotoonline.fr\/lt\/","name":"\u017daiskite loterij\u0105 internetu \u2013 visos pagrindin\u0117s loterijos pasaulyje prieinamos internetu","isPartOf":{"@id":"https:\/\/lotoonline.fr\/lt\/#website"},"datePublished":"2025-07-23T17:36:44+00:00","breadcrumb":{"@id":"https:\/\/lotoonline.fr\/lt\/#breadcrumb"},"inLanguage":"lt-LT","potentialAction":[{"@type":"ReadAction","target":["https:\/\/lotoonline.fr\/lt\/"]}]},{"@type":"BreadcrumbList","@id":"https:\/\/lotoonline.fr\/lt\/#breadcrumb","itemListElement":[{"@type":"ListItem","position":1,"name":"Home","item":"https:\/\/lotoonline.fr\/lt\/"},{"@type":"ListItem","position":2,"name":"Prad\u017eia"}]},{"@type":"WebSite","@id":"https:\/\/lotoonline.fr\/lt\/#website","url":"https:\/\/lotoonline.fr\/lt\/","name":"","description":"","potentialAction":[{"@type":"SearchAction","target":{"@type":"EntryPoint","urlTemplate":"https:\/\/lotoonline.fr\/lt\/?s={search_term_string}"},"query-input":{"@type":"PropertyValueSpecification","valueRequired":true,"valueName":"search_term_string"}}],"inLanguage":"lt-LT"}]}},"_links":{"self":[{"href":"https:\/\/lotoonline.fr\/lt\/wp-json\/wp\/v2\/pages\/125","targetHints":{"allow":["GET"]}}],"collection":[{"href":"https:\/\/lotoonline.fr\/lt\/wp-json\/wp\/v2\/pages"}],"about":[{"href":"https:\/\/lotoonline.fr\/lt\/wp-json\/wp\/v2\/types\/page"}],"author":[{"embeddable":true,"href":"https:\/\/lotoonline.fr\/lt\/wp-json\/wp\/v2\/users\/2"}],"replies":[{"embeddable":true,"href":"https:\/\/lotoonline.fr\/lt\/wp-json\/wp\/v2\/comments?post=125"}],"version-history":[{"count":0,"href":"https:\/\/lotoonline.fr\/lt\/wp-json\/wp\/v2\/pages\/125\/revisions"}],"wp:attachment":[{"href":"https:\/\/lotoonline.fr\/lt\/wp-json\/wp\/v2\/media?parent=125"}],"curies":[{"name":"wp","href":"https:\/\/api.w.org\/{rel}","templated":true}]}}