{"id":124,"date":"2025-07-23T17:36:44","date_gmt":"2025-07-23T17:36:44","guid":{"rendered":"https:\/\/lotoonline.fr\/sakums\/"},"modified":"2025-07-23T17:36:44","modified_gmt":"2025-07-23T17:36:44","slug":"sakums","status":"publish","type":"page","link":"https:\/\/lotoonline.fr\/lv\/","title":{"rendered":"S\u0101kums"},"content":{"rendered":"<h2>Lab\u0101k\u0101s tie\u0161saist\u0113 pieejam\u0101s loterijas pasaul\u0113<\/h2>\n<p>Ja esat loteriju fans, j\u016bs dro\u0161i vien dom\u0101jat, k\u0101 sp\u0113l\u0113t bingo tie\u0161saist\u0113. L\u012bdz \u0161im j\u016bs, iesp\u0113jams, sp\u0113l\u0113j\u0101t viet\u0113jo, tradicion\u0101lo bingo, ieg\u0101d\u0101joties bi\u013ceti viet\u0113j\u0101 veikal\u0101.<br \/>\nBet, ja las\u0101t zi\u0146as, j\u016bs dro\u0161i vien esat dzird\u0113ju\u0161i par lieliem laimestiem no d\u017eekpotiem cit\u0101s valst\u012bs. T\u0101p\u0113c tagad j\u016bs dom\u0101jat: &#8220;K\u0101p\u0113c es nevaru laim\u0113t vienu no \u0161iem lielajiem d\u017eekpotiem no starptautiskaj\u0101m loterij\u0101m?&#8221;<\/p>\n<p>Nu, l\u016bk, da\u017ei jaunumi: tas ir iesp\u0113jams, sp\u0113l\u0113jot bingo tie\u0161saist\u0113!<\/p>\n<h2>K\u0101 bingo sp\u0113l\u0113\u0161ana tie\u0161saist\u0113 palielina j\u016bsu izredzes uzvar\u0113t?<\/h2>\n<p>Sp\u0113l\u0113jot viet\u0113jo bingo, j\u016bsu izredzes laim\u0113t d\u017eekpotu nosaka bi\u013cetes summa, kas apr\u0113\u0137in\u0101ta, pamatojoties uz d\u017eekpota summu. Tas noz\u012bm\u0113, ka j\u016bsu izredzes laim\u0113t ir liel\u0101kas, ja d\u017eekpots ir liels.<\/p>\n<p>Bet ko dar\u012bt, ja loterijas d\u017eekpots nav pietiekami liels, jo tas nesen tika laim\u0113ts? Vai j\u016bs gaid\u012bsiet ned\u0113\u013cas vai pat m\u0113ne\u0161us, lai d\u017eekpots pieaugtu, lai jums b\u016btu iesp\u0113ja laim\u0113t?<\/p>\n<p>Vai ar\u012b j\u016bs apsv\u0113rsiet \u0161\u0101du alternat\u012bvu: piedal\u012bties cit\u0101s loterij\u0101s cit\u0101s valst\u012bs, sp\u0113l\u0113jot bingo tie\u0161saist\u0113? \u0160\u012b iesp\u0113ja tagad ir pieejama. J\u016bs varat izv\u0113l\u0113ties no 20 liel\u0101kaj\u0101m loterij\u0101m pasaul\u0113, kuras varat sp\u0113l\u0113t tie\u0161saist\u0113 jau tagad, pateicoties RedFoxLotto (noklik\u0161\u0137iniet \u0161eit, lai apmekl\u0113tu vi\u0146u vietni).<\/p>\n<p>Ar tik daudz\u0101m tie\u0161saistes der\u012bbu iesp\u0113j\u0101m j\u016bs varat izv\u0113l\u0113ties sp\u0113l\u0113t loteriju ar liel\u0101ko d\u017eekpotu vai to, kurai ir tuv\u0101k\u0101 izloze (izlozes datumus un datumus skatiet labaj\u0101 un kreisaj\u0101 kolonn\u0101). <\/p>\n<h2>Sp\u0113l\u0113jiet starptautiskos d\u017eekpotus tie\u0161saist\u0113, lai kur j\u016bs dz\u012bvotu<\/h2>\n<p>Parasti, lai sp\u0113l\u0113tu loteriju, jums ir j\u0101dz\u012bvo \u0161tat\u0101 vai valst\u012b, kur\u0101 t\u0101 notiek. Piem\u0113ram, lai sp\u0113l\u0113tu slaveno El Gordo d\u017eekpota loteriju, jums b\u016bs j\u0101ieg\u0101d\u0101jas bi\u013cete Sp\u0101nij\u0101. Tagad j\u016bs varat sp\u0113l\u0113t \u0161o un daudzas citas loterijas sp\u0113les tie\u0161saist\u0113.<\/p>\n<p>Tas ir \u0101rk\u0101rt\u012bgi vienk\u0101r\u0161i un \u0113rti. L\u016bk, kas jums j\u0101dara:<\/p>\n<p>Izv\u0113lieties savu loteriju no kolonn\u0101m ab\u0101s vietnes pus\u0113s.<br \/>\nAtlasiet savus laim\u0113jo\u0161os skait\u013cus (vai izmantojiet nejau\u0161o skait\u013cu \u0123eneratoru).<br \/>\nIzveidojiet RedFoxLotto klienta kontu.<br \/>\nMaks\u0101jiet tie\u0161saist\u0113 (dro\u0161as maks\u0101jumu metodes: kred\u012btkartes, bankas p\u0101rskait\u012bjumi, Moneybookers, Ukash utt.).<\/p>\n<p>N\u0101kamais solis: RedFoxLotto j\u016bsu v\u0101rd\u0101 nop\u0113rk \u0161\u012b d\u017eekpota bi\u013ceti, nosken\u0113 to un nos\u016bta jums pa e-pastu. Ja j\u016bs laim\u0113jat tie\u0161saistes bingo, RedFoxLotto pal\u012bdz\u0113s jums sa\u0146emt \u010deku.<\/p>\n<p>RedFoxLotto ir starptautisks starpniec\u012bbas pakalpojums, kas ieg\u0101d\u0101jas loterijas bi\u013cetes vis\u0101 pasaul\u0113. Tas nav loterijas pakalpojumu sniedz\u0113js un neiekas\u0113 komisijas maksu par j\u016bsu laimestiem.<\/p>\n<p>\u0160is pakalpojums \u013cauj jums sp\u0113l\u0113t jebkuru tie\u0161saistes loteriju no jebkuras pasaules valsts, atrodoties m\u0101j\u0101s.<\/p>\n","protected":false},"excerpt":{"rendered":"<p>Lab\u0101k\u0101s tie\u0161saist\u0113 pieejam\u0101s loterijas pasaul\u0113 Ja esat loteriju fans, j\u016bs dro\u0161i vien dom\u0101jat, k\u0101 sp\u0113l\u0113t bingo tie\u0161saist\u0113. L\u012bdz \u0161im j\u016bs, iesp\u0113jams, sp\u0113l\u0113j\u0101t viet\u0113jo, tradicion\u0101lo bingo, ieg\u0101d\u0101joties bi\u013ceti viet\u0113j\u0101 veikal\u0101. Bet, ja las\u0101t zi\u0146as, j\u016bs dro\u0161i vien esat dzird\u0113ju\u0161i par lieliem laimestiem no d\u017eekpotiem cit\u0101s valst\u012bs. T\u0101p\u0113c tagad j\u016bs dom\u0101jat: &#8220;K\u0101p\u0113c es nevaru laim\u0113t vienu no [&hellip;]<\/p>\n","protected":false},"author":2,"featured_media":0,"parent":0,"menu_order":0,"comment_status":"closed","ping_status":"closed","template":"","meta":{"footnotes":""},"class_list":["post-124","page","type-page","status-publish","hentry"],"blocksy_meta":[],"yoast_head":"<!-- This site is optimized with the Yoast SEO plugin v27.4 - https:\/\/yoast.com\/product\/yoast-seo-wordpress\/ -->\n<title>Sp\u0113l\u0113jiet loteriju tie\u0161saist\u0113 \u2014 visas liel\u0101k\u0101s loterijas pasaul\u0113 ir pieejamas tie\u0161saist\u0113<\/title>\n<meta name=\"robots\" content=\"index, follow, max-snippet:-1, max-image-preview:large, max-video-preview:-1\" \/>\n<link rel=\"canonical\" href=\"https:\/\/lotoonline.fr\/lv\/\" \/>\n<meta property=\"og:locale\" content=\"lv_LV\" \/>\n<meta property=\"og:type\" content=\"article\" \/>\n<meta property=\"og:title\" content=\"Sp\u0113l\u0113jiet loteriju tie\u0161saist\u0113 \u2014 visas liel\u0101k\u0101s loterijas pasaul\u0113 ir pieejamas tie\u0161saist\u0113\" \/>\n<meta property=\"og:description\" content=\"Lab\u0101k\u0101s tie\u0161saist\u0113 pieejam\u0101s loterijas pasaul\u0113 Ja esat loteriju fans, j\u016bs dro\u0161i vien dom\u0101jat, k\u0101 sp\u0113l\u0113t bingo tie\u0161saist\u0113. L\u012bdz \u0161im j\u016bs, iesp\u0113jams, sp\u0113l\u0113j\u0101t viet\u0113jo, tradicion\u0101lo bingo, ieg\u0101d\u0101joties bi\u013ceti viet\u0113j\u0101 veikal\u0101. Bet, ja las\u0101t zi\u0146as, j\u016bs dro\u0161i vien esat dzird\u0113ju\u0161i par lieliem laimestiem no d\u017eekpotiem cit\u0101s valst\u012bs. T\u0101p\u0113c tagad j\u016bs dom\u0101jat: &#8220;K\u0101p\u0113c es nevaru laim\u0113t vienu no [&hellip;]\" \/>\n<meta property=\"og:url\" content=\"https:\/\/lotoonline.fr\/lv\/\" \/>\n<meta name=\"twitter:card\" content=\"summary_large_image\" \/>\n<meta name=\"twitter:label1\" content=\"Est. reading time\" \/>\n\t<meta name=\"twitter:data1\" content=\"3 minutes\" \/>\n<script type=\"application\/ld+json\" class=\"yoast-schema-graph\">{\"@context\":\"https:\\\/\\\/schema.org\",\"@graph\":[{\"@type\":\"WebPage\",\"@id\":\"https:\\\/\\\/lotoonline.fr\\\/lv\\\/\",\"url\":\"https:\\\/\\\/lotoonline.fr\\\/lv\\\/\",\"name\":\"Sp\u0113l\u0113jiet loteriju tie\u0161saist\u0113 \u2014 visas liel\u0101k\u0101s loterijas pasaul\u0113 ir pieejamas tie\u0161saist\u0113\",\"isPartOf\":{\"@id\":\"https:\\\/\\\/lotoonline.fr\\\/lv\\\/#website\"},\"datePublished\":\"2025-07-23T17:36:44+00:00\",\"breadcrumb\":{\"@id\":\"https:\\\/\\\/lotoonline.fr\\\/lv\\\/#breadcrumb\"},\"inLanguage\":\"lv-LV\",\"potentialAction\":[{\"@type\":\"ReadAction\",\"target\":[\"https:\\\/\\\/lotoonline.fr\\\/lv\\\/\"]}]},{\"@type\":\"BreadcrumbList\",\"@id\":\"https:\\\/\\\/lotoonline.fr\\\/lv\\\/#breadcrumb\",\"itemListElement\":[{\"@type\":\"ListItem\",\"position\":1,\"name\":\"Home\",\"item\":\"https:\\\/\\\/lotoonline.fr\\\/lv\\\/\"},{\"@type\":\"ListItem\",\"position\":2,\"name\":\"S\u0101kums\"}]},{\"@type\":\"WebSite\",\"@id\":\"https:\\\/\\\/lotoonline.fr\\\/lv\\\/#website\",\"url\":\"https:\\\/\\\/lotoonline.fr\\\/lv\\\/\",\"name\":\"\",\"description\":\"\",\"potentialAction\":[{\"@type\":\"SearchAction\",\"target\":{\"@type\":\"EntryPoint\",\"urlTemplate\":\"https:\\\/\\\/lotoonline.fr\\\/lv\\\/?s={search_term_string}\"},\"query-input\":{\"@type\":\"PropertyValueSpecification\",\"valueRequired\":true,\"valueName\":\"search_term_string\"}}],\"inLanguage\":\"lv-LV\"}]}<\/script>\n<!-- \/ Yoast SEO plugin. -->","yoast_head_json":{"title":"Sp\u0113l\u0113jiet loteriju tie\u0161saist\u0113 \u2014 visas liel\u0101k\u0101s loterijas pasaul\u0113 ir pieejamas tie\u0161saist\u0113","robots":{"index":"index","follow":"follow","max-snippet":"max-snippet:-1","max-image-preview":"max-image-preview:large","max-video-preview":"max-video-preview:-1"},"canonical":"https:\/\/lotoonline.fr\/lv\/","og_locale":"lv_LV","og_type":"article","og_title":"Sp\u0113l\u0113jiet loteriju tie\u0161saist\u0113 \u2014 visas liel\u0101k\u0101s loterijas pasaul\u0113 ir pieejamas tie\u0161saist\u0113","og_description":"Lab\u0101k\u0101s tie\u0161saist\u0113 pieejam\u0101s loterijas pasaul\u0113 Ja esat loteriju fans, j\u016bs dro\u0161i vien dom\u0101jat, k\u0101 sp\u0113l\u0113t bingo tie\u0161saist\u0113. L\u012bdz \u0161im j\u016bs, iesp\u0113jams, sp\u0113l\u0113j\u0101t viet\u0113jo, tradicion\u0101lo bingo, ieg\u0101d\u0101joties bi\u013ceti viet\u0113j\u0101 veikal\u0101. Bet, ja las\u0101t zi\u0146as, j\u016bs dro\u0161i vien esat dzird\u0113ju\u0161i par lieliem laimestiem no d\u017eekpotiem cit\u0101s valst\u012bs. T\u0101p\u0113c tagad j\u016bs dom\u0101jat: &#8220;K\u0101p\u0113c es nevaru laim\u0113t vienu no [&hellip;]","og_url":"https:\/\/lotoonline.fr\/lv\/","twitter_card":"summary_large_image","twitter_misc":{"Est. reading time":"3 minutes"},"schema":{"@context":"https:\/\/schema.org","@graph":[{"@type":"WebPage","@id":"https:\/\/lotoonline.fr\/lv\/","url":"https:\/\/lotoonline.fr\/lv\/","name":"Sp\u0113l\u0113jiet loteriju tie\u0161saist\u0113 \u2014 visas liel\u0101k\u0101s loterijas pasaul\u0113 ir pieejamas tie\u0161saist\u0113","isPartOf":{"@id":"https:\/\/lotoonline.fr\/lv\/#website"},"datePublished":"2025-07-23T17:36:44+00:00","breadcrumb":{"@id":"https:\/\/lotoonline.fr\/lv\/#breadcrumb"},"inLanguage":"lv-LV","potentialAction":[{"@type":"ReadAction","target":["https:\/\/lotoonline.fr\/lv\/"]}]},{"@type":"BreadcrumbList","@id":"https:\/\/lotoonline.fr\/lv\/#breadcrumb","itemListElement":[{"@type":"ListItem","position":1,"name":"Home","item":"https:\/\/lotoonline.fr\/lv\/"},{"@type":"ListItem","position":2,"name":"S\u0101kums"}]},{"@type":"WebSite","@id":"https:\/\/lotoonline.fr\/lv\/#website","url":"https:\/\/lotoonline.fr\/lv\/","name":"","description":"","potentialAction":[{"@type":"SearchAction","target":{"@type":"EntryPoint","urlTemplate":"https:\/\/lotoonline.fr\/lv\/?s={search_term_string}"},"query-input":{"@type":"PropertyValueSpecification","valueRequired":true,"valueName":"search_term_string"}}],"inLanguage":"lv-LV"}]}},"_links":{"self":[{"href":"https:\/\/lotoonline.fr\/lv\/wp-json\/wp\/v2\/pages\/124","targetHints":{"allow":["GET"]}}],"collection":[{"href":"https:\/\/lotoonline.fr\/lv\/wp-json\/wp\/v2\/pages"}],"about":[{"href":"https:\/\/lotoonline.fr\/lv\/wp-json\/wp\/v2\/types\/page"}],"author":[{"embeddable":true,"href":"https:\/\/lotoonline.fr\/lv\/wp-json\/wp\/v2\/users\/2"}],"replies":[{"embeddable":true,"href":"https:\/\/lotoonline.fr\/lv\/wp-json\/wp\/v2\/comments?post=124"}],"version-history":[{"count":0,"href":"https:\/\/lotoonline.fr\/lv\/wp-json\/wp\/v2\/pages\/124\/revisions"}],"wp:attachment":[{"href":"https:\/\/lotoonline.fr\/lv\/wp-json\/wp\/v2\/media?parent=124"}],"curies":[{"name":"wp","href":"https:\/\/api.w.org\/{rel}","templated":true}]}}