{"id":127,"date":"2025-07-23T17:36:44","date_gmt":"2025-07-23T17:36:44","guid":{"rendered":"https:\/\/lotoonline.fr\/hjem\/"},"modified":"2025-07-23T17:36:44","modified_gmt":"2025-07-23T17:36:44","slug":"hjem","status":"publish","type":"page","link":"https:\/\/lotoonline.fr\/no\/","title":{"rendered":"Hjem"},"content":{"rendered":"<h2>Verdens beste lotterier tilgjengelig p\u00e5 nett<\/h2>\n<p>Hvis du er en lottofan, lurer du sannsynligvis p\u00e5 hvordan du spiller bingo p\u00e5 nett. Frem til n\u00e5 har du sannsynligvis spilt lokal, tradisjonell bingo og kj\u00f8pt en billett hos din lokale butikk.<br \/>\nMen hvis du leser nyhetene, har du sannsynligvis h\u00f8rt om store gevinster fra jackpoter i andre land. S\u00e5 n\u00e5 lurer du p\u00e5: &laquo;Hvorfor kan jeg ikke vinne en av de store jackpotene fra internasjonale lotterier?&raquo;<\/p>\n<p>Vel, her er noen nyheter: det er mulig n\u00e5r du spiller bingo p\u00e5 nett!<\/p>\n<h2>Hvordan \u00f8ker det \u00e5 spille bingo p\u00e5 nett vinnersjansene dine?<\/h2>\n<p>N\u00e5r du spiller lokal bingo, bestemmes sjansene dine for \u00e5 vinne jackpotten av billettbel\u00f8pet, beregnet basert p\u00e5 jackpotbel\u00f8pet. Dette betyr at sjansene dine for \u00e5 vinne er h\u00f8yere n\u00e5r jackpotten er stor.<\/p>\n<p>Men hva om lottojackpotten ikke er stor nok fordi den nylig ble vunnet? Vil du vente uker, eller til og med m\u00e5neder, p\u00e5 at jackpotten skal vokse for \u00e5 ha en sjanse til \u00e5 vinne?<\/p>\n<p>Eller vil du vurdere f\u00f8lgende alternativ: \u00e5 delta i andre lotterier i andre land ved \u00e5 spille bingo p\u00e5 nett? Dette alternativet er n\u00e5 tilgjengelig. Du kan velge mellom de 20 st\u00f8rste lotteriene i verden, som du kan spille p\u00e5 nett akkurat n\u00e5 takket v\u00e6re RedFoxLotto (klikk her for \u00e5 bes\u00f8ke nettstedet deres).<\/p>\n<p>Med s\u00e5 mange spillalternativer p\u00e5 nett kan du velge \u00e5 spille lotteriet med den st\u00f8rste jackpotten eller det med den n\u00e6rmeste trekningen (se h\u00f8yre og venstre kolonne for trekningsdatoer). <\/p>\n<h2>Spill internasjonale jackpoter p\u00e5 nett, uansett hvor du bor<\/h2>\n<p>Normalt m\u00e5 du bo i staten eller landet der det avholdes for \u00e5 spille lotteriet. S\u00e5 for eksempel, for \u00e5 spille det ber\u00f8mte El Gordo Jackpot-lotteriet, m\u00e5 du kj\u00f8pe en billett i Spania. N\u00e5 kan du spille dette og mange andre lotterispill p\u00e5 nett.<\/p>\n<p>Det er ekstremt enkelt og praktisk. Her er hva du m\u00e5 gj\u00f8re:<\/p>\n<p>Velg lotteriet ditt fra kolonnene p\u00e5 hver side av nettstedet.<\/p>\n<p>Velg vinnertallene dine (eller bruk en tilfeldig tallgenerator).<br \/>\nOpprett en RedFoxLotto-kundekonto.<br \/>\nBetal p\u00e5 nett (sikre betalingsmetoder: kredittkort, bankoverf\u00f8ringer, Moneybookers, Ukash osv.).<\/p>\n<p>Neste trinn: RedFoxLotto kj\u00f8per en lodd til denne jackpotten p\u00e5 dine vegne, skanner den og sender den til deg p\u00e5 e-post. Hvis du vinner i nettbingo, vil RedFoxLotto hjelpe deg med \u00e5 motta sjekken din.<\/p>\n<p>RedFoxLotto er en internasjonal formidlingstjeneste som kj\u00f8per lodd over hele verden. Det er ikke en lotterileverand\u00f8r og tar ingen provisjon p\u00e5 gevinstene dine.<\/p>\n<p>Denne tjenesten lar deg spille hvilket som helst nettlotteri, fra hvilket som helst land i verden, fra komforten av ditt eget hjem.<\/p>\n","protected":false},"excerpt":{"rendered":"<p>Verdens beste lotterier tilgjengelig p\u00e5 nett Hvis du er en lottofan, lurer du sannsynligvis p\u00e5 hvordan du spiller bingo p\u00e5 nett. Frem til n\u00e5 har du sannsynligvis spilt lokal, tradisjonell bingo og kj\u00f8pt en billett hos din lokale butikk. Men hvis du leser nyhetene, har du sannsynligvis h\u00f8rt om store gevinster fra jackpoter i andre [&hellip;]<\/p>\n","protected":false},"author":2,"featured_media":0,"parent":0,"menu_order":0,"comment_status":"closed","ping_status":"closed","template":"","meta":{"footnotes":""},"class_list":["post-127","page","type-page","status-publish","hentry"],"blocksy_meta":[],"yoast_head":"<!-- This site is optimized with the Yoast SEO plugin v27.4 - https:\/\/yoast.com\/product\/yoast-seo-wordpress\/ -->\n<title>Spill lotto p\u00e5 nett \u2013 alle store lotterier i verden er tilgjengelige p\u00e5 nett<\/title>\n<meta name=\"robots\" content=\"index, follow, max-snippet:-1, max-image-preview:large, max-video-preview:-1\" \/>\n<link rel=\"canonical\" href=\"https:\/\/lotoonline.fr\/no\/\" \/>\n<meta property=\"og:locale\" content=\"nb_NO\" \/>\n<meta property=\"og:type\" content=\"article\" \/>\n<meta property=\"og:title\" content=\"Spill lotto p\u00e5 nett \u2013 alle store lotterier i verden er tilgjengelige p\u00e5 nett\" \/>\n<meta property=\"og:description\" content=\"Verdens beste lotterier tilgjengelig p\u00e5 nett Hvis du er en lottofan, lurer du sannsynligvis p\u00e5 hvordan du spiller bingo p\u00e5 nett. Frem til n\u00e5 har du sannsynligvis spilt lokal, tradisjonell bingo og kj\u00f8pt en billett hos din lokale butikk. Men hvis du leser nyhetene, har du sannsynligvis h\u00f8rt om store gevinster fra jackpoter i andre [&hellip;]\" \/>\n<meta property=\"og:url\" content=\"https:\/\/lotoonline.fr\/no\/\" \/>\n<meta name=\"twitter:card\" content=\"summary_large_image\" \/>\n<meta name=\"twitter:label1\" content=\"Ansl. lesetid\" \/>\n\t<meta name=\"twitter:data1\" content=\"2 minutter\" \/>\n<script type=\"application\/ld+json\" class=\"yoast-schema-graph\">{\"@context\":\"https:\\\/\\\/schema.org\",\"@graph\":[{\"@type\":\"WebPage\",\"@id\":\"https:\\\/\\\/lotoonline.fr\\\/no\\\/\",\"url\":\"https:\\\/\\\/lotoonline.fr\\\/no\\\/\",\"name\":\"Spill lotto p\u00e5 nett \u2013 alle store lotterier i verden er tilgjengelige p\u00e5 nett\",\"isPartOf\":{\"@id\":\"https:\\\/\\\/lotoonline.fr\\\/no\\\/#website\"},\"datePublished\":\"2025-07-23T17:36:44+00:00\",\"breadcrumb\":{\"@id\":\"https:\\\/\\\/lotoonline.fr\\\/no\\\/#breadcrumb\"},\"inLanguage\":\"nb-NO\",\"potentialAction\":[{\"@type\":\"ReadAction\",\"target\":[\"https:\\\/\\\/lotoonline.fr\\\/no\\\/\"]}]},{\"@type\":\"BreadcrumbList\",\"@id\":\"https:\\\/\\\/lotoonline.fr\\\/no\\\/#breadcrumb\",\"itemListElement\":[{\"@type\":\"ListItem\",\"position\":1,\"name\":\"Home\",\"item\":\"https:\\\/\\\/lotoonline.fr\\\/no\\\/\"},{\"@type\":\"ListItem\",\"position\":2,\"name\":\"Hjem\"}]},{\"@type\":\"WebSite\",\"@id\":\"https:\\\/\\\/lotoonline.fr\\\/no\\\/#website\",\"url\":\"https:\\\/\\\/lotoonline.fr\\\/no\\\/\",\"name\":\"\",\"description\":\"\",\"potentialAction\":[{\"@type\":\"SearchAction\",\"target\":{\"@type\":\"EntryPoint\",\"urlTemplate\":\"https:\\\/\\\/lotoonline.fr\\\/no\\\/?s={search_term_string}\"},\"query-input\":{\"@type\":\"PropertyValueSpecification\",\"valueRequired\":true,\"valueName\":\"search_term_string\"}}],\"inLanguage\":\"nb-NO\"}]}<\/script>\n<!-- \/ Yoast SEO plugin. -->","yoast_head_json":{"title":"Spill lotto p\u00e5 nett \u2013 alle store lotterier i verden er tilgjengelige p\u00e5 nett","robots":{"index":"index","follow":"follow","max-snippet":"max-snippet:-1","max-image-preview":"max-image-preview:large","max-video-preview":"max-video-preview:-1"},"canonical":"https:\/\/lotoonline.fr\/no\/","og_locale":"nb_NO","og_type":"article","og_title":"Spill lotto p\u00e5 nett \u2013 alle store lotterier i verden er tilgjengelige p\u00e5 nett","og_description":"Verdens beste lotterier tilgjengelig p\u00e5 nett Hvis du er en lottofan, lurer du sannsynligvis p\u00e5 hvordan du spiller bingo p\u00e5 nett. Frem til n\u00e5 har du sannsynligvis spilt lokal, tradisjonell bingo og kj\u00f8pt en billett hos din lokale butikk. Men hvis du leser nyhetene, har du sannsynligvis h\u00f8rt om store gevinster fra jackpoter i andre [&hellip;]","og_url":"https:\/\/lotoonline.fr\/no\/","twitter_card":"summary_large_image","twitter_misc":{"Ansl. lesetid":"2 minutter"},"schema":{"@context":"https:\/\/schema.org","@graph":[{"@type":"WebPage","@id":"https:\/\/lotoonline.fr\/no\/","url":"https:\/\/lotoonline.fr\/no\/","name":"Spill lotto p\u00e5 nett \u2013 alle store lotterier i verden er tilgjengelige p\u00e5 nett","isPartOf":{"@id":"https:\/\/lotoonline.fr\/no\/#website"},"datePublished":"2025-07-23T17:36:44+00:00","breadcrumb":{"@id":"https:\/\/lotoonline.fr\/no\/#breadcrumb"},"inLanguage":"nb-NO","potentialAction":[{"@type":"ReadAction","target":["https:\/\/lotoonline.fr\/no\/"]}]},{"@type":"BreadcrumbList","@id":"https:\/\/lotoonline.fr\/no\/#breadcrumb","itemListElement":[{"@type":"ListItem","position":1,"name":"Home","item":"https:\/\/lotoonline.fr\/no\/"},{"@type":"ListItem","position":2,"name":"Hjem"}]},{"@type":"WebSite","@id":"https:\/\/lotoonline.fr\/no\/#website","url":"https:\/\/lotoonline.fr\/no\/","name":"","description":"","potentialAction":[{"@type":"SearchAction","target":{"@type":"EntryPoint","urlTemplate":"https:\/\/lotoonline.fr\/no\/?s={search_term_string}"},"query-input":{"@type":"PropertyValueSpecification","valueRequired":true,"valueName":"search_term_string"}}],"inLanguage":"nb-NO"}]}},"_links":{"self":[{"href":"https:\/\/lotoonline.fr\/no\/wp-json\/wp\/v2\/pages\/127","targetHints":{"allow":["GET"]}}],"collection":[{"href":"https:\/\/lotoonline.fr\/no\/wp-json\/wp\/v2\/pages"}],"about":[{"href":"https:\/\/lotoonline.fr\/no\/wp-json\/wp\/v2\/types\/page"}],"author":[{"embeddable":true,"href":"https:\/\/lotoonline.fr\/no\/wp-json\/wp\/v2\/users\/2"}],"replies":[{"embeddable":true,"href":"https:\/\/lotoonline.fr\/no\/wp-json\/wp\/v2\/comments?post=127"}],"version-history":[{"count":0,"href":"https:\/\/lotoonline.fr\/no\/wp-json\/wp\/v2\/pages\/127\/revisions"}],"wp:attachment":[{"href":"https:\/\/lotoonline.fr\/no\/wp-json\/wp\/v2\/media?parent=127"}],"curies":[{"name":"wp","href":"https:\/\/api.w.org\/{rel}","templated":true}]}}