{"id":128,"date":"2025-07-23T17:36:44","date_gmt":"2025-07-23T17:36:44","guid":{"rendered":"https:\/\/lotoonline.fr\/casa\/"},"modified":"2025-07-23T17:36:44","modified_gmt":"2025-07-23T17:36:44","slug":"casa","status":"publish","type":"page","link":"https:\/\/lotoonline.fr\/pt-pt\/","title":{"rendered":"Casa"},"content":{"rendered":"<h2>As Melhores Lotarias do Mundo Dispon\u00edveis Online<\/h2>\n<p>Se \u00e9 f\u00e3 de lotaria, provavelmente est\u00e1 a perguntar-se como jogar bingo online. At\u00e9 agora, provavelmente jogou bingo tradicional local, comprando um bilhete na sua loja local.<br \/>\nMas se l\u00ea as not\u00edcias, provavelmente j\u00e1 ouviu falar de grandes pr\u00e9mios noutros pa\u00edses. Ent\u00e3o agora est\u00e1 a perguntar-se: &#8220;Por que raz\u00e3o n\u00e3o consigo ganhar um destes grandes pr\u00e9mios de lotarias internacionais?&#8221;<\/p>\n<p>Bem, aqui fica uma novidade: \u00e9 poss\u00edvel quando joga bingo online!<\/p>\n<h2>Como \u00e9 que jogar bingo online aumenta as suas hip\u00f3teses de ganhar?<\/h2>\n<p>Quando joga bingo local, as suas probabilidades de ganhar o pr\u00e9mio principal s\u00e3o determinadas pelo valor do bilhete, calculado com base no valor do pr\u00e9mio principal. Isto significa que as suas hip\u00f3teses de ganhar s\u00e3o maiores quando o pr\u00e9mio principal \u00e9 elevado.<\/p>\n<p>Mas e se o pr\u00e9mio principal da lotaria n\u00e3o for suficientemente grande porque foi ganho recentemente? Esperaria semanas, ou at\u00e9 meses, para que o pr\u00e9mio acumulado aumentasse para ter a possibilidade de ganhar?<\/p>\n<p>Ou consideraria a seguinte alternativa: participar noutras lotarias noutros pa\u00edses jogando bingo online? Esta op\u00e7\u00e3o j\u00e1 est\u00e1 dispon\u00edvel. Pode escolher entre as 20 maiores lotarias do mundo, que pode jogar online agora mesmo gra\u00e7as \u00e0 RedFoxLotto (clique aqui para visitar o site).<\/p>\n<p>Com tantas op\u00e7\u00f5es de apostas online, pode optar por jogar na lotaria com o maior pr\u00e9mio acumulado ou na lotaria com o sorteio mais apertado (veja as colunas da direita e da esquerda para ver as datas dos sorteios). <\/p>\n<h2>Jogue pr\u00e9mios internacionais online, onde quer que viva<\/h2>\n<p>Normalmente, para jogar na lotaria, precisa de residir no estado ou pa\u00eds onde o sorteio \u00e9 realizado. Assim, por exemplo, para jogar na famosa lotaria El Gordo Jackpot, ter\u00e1 de comprar um bilhete em Espanha. Agora, pode jogar nesta e em muitas outras lotarias online.<\/p>\n<p>\u00c9 extremamente simples e c\u00f3modo. Veja o que precisa de fazer:<\/p>\n<p>Escolha a sua lotaria nas colunas de cada lado do site.<br \/>\nSelecione os seus n\u00fameros vencedores (ou utilize um gerador de n\u00fameros aleat\u00f3rios).<br \/>\nCrie uma conta de cliente RedFoxLotto.<br \/>\nPagar online (m\u00e9todos de pagamento seguros: cart\u00f5es de cr\u00e9dito, transfer\u00eancias banc\u00e1rias, Moneybookers, Ukash, etc.).<\/p>\n<p>Passo seguinte: A RedFoxLotto compra um bilhete para este pr\u00e9mio em seu nome, digitaliza-o e envia-o por e-mail. Se ganhar no bingo online, a RedFoxLotto ajud\u00e1-lo-\u00e1 a receber o seu cheque.<br \/>\nA RedFoxLotto \u00e9 uma intermedi\u00e1ria internacional que compra bilhetes de lotaria em todo o mundo. N\u00e3o \u00e9 um fornecedor de lotaria e n\u00e3o cobra qualquer comiss\u00e3o sobre os seus ganhos.<\/p>\n<p>Este servi\u00e7o permite-lhe jogar em qualquer lotaria online, a partir de qualquer pa\u00eds do mundo, no conforto da sua casa.<\/p>\n","protected":false},"excerpt":{"rendered":"<p>As Melhores Lotarias do Mundo Dispon\u00edveis Online Se \u00e9 f\u00e3 de lotaria, provavelmente est\u00e1 a perguntar-se como jogar bingo online. At\u00e9 agora, provavelmente jogou bingo tradicional local, comprando um bilhete na sua loja local. Mas se l\u00ea as not\u00edcias, provavelmente j\u00e1 ouviu falar de grandes pr\u00e9mios noutros pa\u00edses. Ent\u00e3o agora est\u00e1 a perguntar-se: &#8220;Por que [&hellip;]<\/p>\n","protected":false},"author":2,"featured_media":0,"parent":0,"menu_order":0,"comment_status":"closed","ping_status":"closed","template":"","meta":{"footnotes":""},"class_list":["post-128","page","type-page","status-publish","hentry"],"blocksy_meta":[],"yoast_head":"<!-- This site is optimized with the Yoast SEO plugin v27.4 - https:\/\/yoast.com\/product\/yoast-seo-wordpress\/ -->\n<title>Jogue na lotaria online - todas as principais lotarias do mundo dispon\u00edveis online<\/title>\n<meta name=\"robots\" content=\"index, follow, max-snippet:-1, max-image-preview:large, max-video-preview:-1\" \/>\n<link rel=\"canonical\" href=\"https:\/\/lotoonline.fr\/pt-pt\/\" \/>\n<meta property=\"og:locale\" content=\"pt_PT\" \/>\n<meta property=\"og:type\" content=\"article\" \/>\n<meta property=\"og:title\" content=\"Jogue na lotaria online - todas as principais lotarias do mundo dispon\u00edveis online\" \/>\n<meta property=\"og:description\" content=\"As Melhores Lotarias do Mundo Dispon\u00edveis Online Se \u00e9 f\u00e3 de lotaria, provavelmente est\u00e1 a perguntar-se como jogar bingo online. At\u00e9 agora, provavelmente jogou bingo tradicional local, comprando um bilhete na sua loja local. Mas se l\u00ea as not\u00edcias, provavelmente j\u00e1 ouviu falar de grandes pr\u00e9mios noutros pa\u00edses. Ent\u00e3o agora est\u00e1 a perguntar-se: &#8220;Por que [&hellip;]\" \/>\n<meta property=\"og:url\" content=\"https:\/\/lotoonline.fr\/pt-pt\/\" \/>\n<meta name=\"twitter:card\" content=\"summary_large_image\" \/>\n<meta name=\"twitter:label1\" content=\"Tempo estimado de leitura\" \/>\n\t<meta name=\"twitter:data1\" content=\"2 minutos\" \/>\n<script type=\"application\/ld+json\" class=\"yoast-schema-graph\">{\"@context\":\"https:\\\/\\\/schema.org\",\"@graph\":[{\"@type\":\"WebPage\",\"@id\":\"https:\\\/\\\/lotoonline.fr\\\/pt-pt\\\/\",\"url\":\"https:\\\/\\\/lotoonline.fr\\\/pt-pt\\\/\",\"name\":\"Jogue na lotaria online - todas as principais lotarias do mundo dispon\u00edveis online\",\"isPartOf\":{\"@id\":\"https:\\\/\\\/lotoonline.fr\\\/pt-pt\\\/#website\"},\"datePublished\":\"2025-07-23T17:36:44+00:00\",\"breadcrumb\":{\"@id\":\"https:\\\/\\\/lotoonline.fr\\\/pt-pt\\\/#breadcrumb\"},\"inLanguage\":\"pt-PT\",\"potentialAction\":[{\"@type\":\"ReadAction\",\"target\":[\"https:\\\/\\\/lotoonline.fr\\\/pt-pt\\\/\"]}]},{\"@type\":\"BreadcrumbList\",\"@id\":\"https:\\\/\\\/lotoonline.fr\\\/pt-pt\\\/#breadcrumb\",\"itemListElement\":[{\"@type\":\"ListItem\",\"position\":1,\"name\":\"Home\",\"item\":\"https:\\\/\\\/lotoonline.fr\\\/pt-pt\\\/\"},{\"@type\":\"ListItem\",\"position\":2,\"name\":\"Casa\"}]},{\"@type\":\"WebSite\",\"@id\":\"https:\\\/\\\/lotoonline.fr\\\/pt-pt\\\/#website\",\"url\":\"https:\\\/\\\/lotoonline.fr\\\/pt-pt\\\/\",\"name\":\"\",\"description\":\"\",\"potentialAction\":[{\"@type\":\"SearchAction\",\"target\":{\"@type\":\"EntryPoint\",\"urlTemplate\":\"https:\\\/\\\/lotoonline.fr\\\/pt-pt\\\/?s={search_term_string}\"},\"query-input\":{\"@type\":\"PropertyValueSpecification\",\"valueRequired\":true,\"valueName\":\"search_term_string\"}}],\"inLanguage\":\"pt-PT\"}]}<\/script>\n<!-- \/ Yoast SEO plugin. -->","yoast_head_json":{"title":"Jogue na lotaria online - todas as principais lotarias do mundo dispon\u00edveis online","robots":{"index":"index","follow":"follow","max-snippet":"max-snippet:-1","max-image-preview":"max-image-preview:large","max-video-preview":"max-video-preview:-1"},"canonical":"https:\/\/lotoonline.fr\/pt-pt\/","og_locale":"pt_PT","og_type":"article","og_title":"Jogue na lotaria online - todas as principais lotarias do mundo dispon\u00edveis online","og_description":"As Melhores Lotarias do Mundo Dispon\u00edveis Online Se \u00e9 f\u00e3 de lotaria, provavelmente est\u00e1 a perguntar-se como jogar bingo online. At\u00e9 agora, provavelmente jogou bingo tradicional local, comprando um bilhete na sua loja local. Mas se l\u00ea as not\u00edcias, provavelmente j\u00e1 ouviu falar de grandes pr\u00e9mios noutros pa\u00edses. Ent\u00e3o agora est\u00e1 a perguntar-se: &#8220;Por que [&hellip;]","og_url":"https:\/\/lotoonline.fr\/pt-pt\/","twitter_card":"summary_large_image","twitter_misc":{"Tempo estimado de leitura":"2 minutos"},"schema":{"@context":"https:\/\/schema.org","@graph":[{"@type":"WebPage","@id":"https:\/\/lotoonline.fr\/pt-pt\/","url":"https:\/\/lotoonline.fr\/pt-pt\/","name":"Jogue na lotaria online - todas as principais lotarias do mundo dispon\u00edveis online","isPartOf":{"@id":"https:\/\/lotoonline.fr\/pt-pt\/#website"},"datePublished":"2025-07-23T17:36:44+00:00","breadcrumb":{"@id":"https:\/\/lotoonline.fr\/pt-pt\/#breadcrumb"},"inLanguage":"pt-PT","potentialAction":[{"@type":"ReadAction","target":["https:\/\/lotoonline.fr\/pt-pt\/"]}]},{"@type":"BreadcrumbList","@id":"https:\/\/lotoonline.fr\/pt-pt\/#breadcrumb","itemListElement":[{"@type":"ListItem","position":1,"name":"Home","item":"https:\/\/lotoonline.fr\/pt-pt\/"},{"@type":"ListItem","position":2,"name":"Casa"}]},{"@type":"WebSite","@id":"https:\/\/lotoonline.fr\/pt-pt\/#website","url":"https:\/\/lotoonline.fr\/pt-pt\/","name":"","description":"","potentialAction":[{"@type":"SearchAction","target":{"@type":"EntryPoint","urlTemplate":"https:\/\/lotoonline.fr\/pt-pt\/?s={search_term_string}"},"query-input":{"@type":"PropertyValueSpecification","valueRequired":true,"valueName":"search_term_string"}}],"inLanguage":"pt-PT"}]}},"_links":{"self":[{"href":"https:\/\/lotoonline.fr\/pt-pt\/wp-json\/wp\/v2\/pages\/128","targetHints":{"allow":["GET"]}}],"collection":[{"href":"https:\/\/lotoonline.fr\/pt-pt\/wp-json\/wp\/v2\/pages"}],"about":[{"href":"https:\/\/lotoonline.fr\/pt-pt\/wp-json\/wp\/v2\/types\/page"}],"author":[{"embeddable":true,"href":"https:\/\/lotoonline.fr\/pt-pt\/wp-json\/wp\/v2\/users\/2"}],"replies":[{"embeddable":true,"href":"https:\/\/lotoonline.fr\/pt-pt\/wp-json\/wp\/v2\/comments?post=128"}],"version-history":[{"count":0,"href":"https:\/\/lotoonline.fr\/pt-pt\/wp-json\/wp\/v2\/pages\/128\/revisions"}],"wp:attachment":[{"href":"https:\/\/lotoonline.fr\/pt-pt\/wp-json\/wp\/v2\/media?parent=128"}],"curies":[{"name":"wp","href":"https:\/\/api.w.org\/{rel}","templated":true}]}}