{"id":129,"date":"2025-07-23T17:36:44","date_gmt":"2025-07-23T17:36:44","guid":{"rendered":"https:\/\/lotoonline.fr\/acasa\/"},"modified":"2025-07-23T17:36:44","modified_gmt":"2025-07-23T17:36:44","slug":"acasa","status":"publish","type":"page","link":"https:\/\/lotoonline.fr\/ro\/","title":{"rendered":"Acas\u0103"},"content":{"rendered":"<h2>Cele mai bune loterii din lume disponibile online<\/h2>\n<p>Dac\u0103 e\u0219ti fan al loteriei, probabil te \u00eentrebi cum se joac\u0103 bingo online. P\u00e2n\u0103 acum, probabil ai jucat bingo local, tradi\u021bional, cump\u0103r\u00e2nd un bilet de la comerciantul local.<\/p>\n<p>Dar dac\u0103 ai citit \u0219tirile, probabil ai auzit despre c\u00e2\u0219tiguri mari de la jackpoturi \u00een alte \u021b\u0103ri. A\u0219a c\u0103 acum te \u00eentrebi: \u201eDe ce nu pot c\u00e2\u0219tiga unul dintre acele jackpoturi mari de la loteriile interna\u021bionale?\u201d<\/p>\n<p>Ei bine, iat\u0103 c\u00e2teva nout\u0103\u021bi: este posibil c\u00e2nd joci bingo online!<\/p>\n<h2>Cum \u00ee\u021bi cre\u0219te jocul de bingo online \u0219ansele de c\u00e2\u0219tig?<\/h2>\n<p>C\u00e2nd joci bingo local, \u0219ansele tale de a c\u00e2\u0219tiga jackpotul sunt determinate de suma biletului, calculat\u0103 pe baza sumei jackpotului. Aceasta \u00eenseamn\u0103 c\u0103 \u0219ansele tale de c\u00e2\u0219tig sunt mai mari atunci c\u00e2nd jackpotul este mare.<\/p>\n<p>Dar ce se \u00eent\u00e2mpl\u0103 dac\u0103 jackpotul la loterie nu este suficient de mare pentru c\u0103 a fost c\u00e2\u0219tigat recent? Vei a\u0219tepta s\u0103pt\u0103m\u00e2ni sau chiar luni pentru ca jackpotul s\u0103 creasc\u0103 pentru a avea \u0219ansa de a c\u00e2\u0219tiga?<\/p>\n<p>Sau ve\u021bi lua \u00een considerare urm\u0103toarea alternativ\u0103: participarea la alte loterii din alte \u021b\u0103ri juc\u00e2nd bingo online? Aceast\u0103 op\u021biune este acum disponibil\u0103. Pute\u021bi alege dintre cele mai mari 20 de loterii din lume, pe care le pute\u021bi juca online chiar acum datorit\u0103 RedFoxLotto (face\u021bi clic aici pentru a vizita site-ul lor web).<\/p>\n<p>Cu at\u00e2t de multe op\u021biuni de pariere online, pute\u021bi alege s\u0103 juca\u021bi la loteria cu cel mai mare jackpot sau la cea cu cea mai str\u00e2ns\u0103 extragere (consulta\u021bi coloanele din dreapta \u0219i din st\u00e2nga pentru datele \u0219i extragerile). <\/p>\n<h2>Joca\u021bi jackpoturi interna\u021bionale online, oriunde a\u021bi locui<\/h2>\n<p>\u00cen mod normal, pentru a juca la loterie, trebuie s\u0103 locui\u021bi \u00een statul sau \u021bara \u00een care se desf\u0103\u0219oar\u0103. A\u0219adar, de exemplu, pentru a juca la faimoasa loterie El Gordo Jackpot, va trebui s\u0103 cump\u0103ra\u021bi un bilet \u00een Spania. Acum, pute\u021bi juca acest joc \u0219i multe alte jocuri de loterie online.<\/p>\n<p>Este extrem de simplu \u0219i convenabil. Iat\u0103 ce trebuie s\u0103 face\u021bi:<\/p>\n<p>Alege\u021bi loteria din coloanele de pe ambele p\u0103r\u021bi ale site-ului.<br \/>\nSelecta\u021bi numerele c\u00e2\u0219tig\u0103toare (sau utiliza\u021bi un generator de numere aleatorii).<br \/>\nCrea\u021bi un cont de client RedFoxLotto.<br \/>\nPl\u0103ti\u021bi online (metode de plat\u0103 securizate: carduri de credit, transferuri bancare, Moneybookers, Ukash etc.).<\/p>\n<p>Pasul urm\u0103tor: RedFoxLotto cump\u0103r\u0103 un bilet pentru acest jackpot \u00een numele dumneavoastr\u0103, \u00eel scaneaz\u0103 \u0219i vi-l trimite prin e-mail. Dac\u0103 c\u00e2\u0219tiga\u021bi la bingo online, RedFoxLotto v\u0103 va ajuta s\u0103 primi\u021bi cecul.<br \/>\nRedFoxLotto este un serviciu interna\u021bional de intermediere care achizi\u021bioneaz\u0103 bilete de loterie \u00een \u00eentreaga lume. Nu este un furnizor de loterie \u0219i nu percepe niciun comision pentru c\u00e2\u0219tigurile dumneavoastr\u0103.<\/p>\n<p>Acest serviciu v\u0103 permite s\u0103 juca\u021bi la orice loterie online, din orice \u021bar\u0103 din lume, din confortul propriei case.<\/p>\n","protected":false},"excerpt":{"rendered":"<p>Cele mai bune loterii din lume disponibile online Dac\u0103 e\u0219ti fan al loteriei, probabil te \u00eentrebi cum se joac\u0103 bingo online. P\u00e2n\u0103 acum, probabil ai jucat bingo local, tradi\u021bional, cump\u0103r\u00e2nd un bilet de la comerciantul local. Dar dac\u0103 ai citit \u0219tirile, probabil ai auzit despre c\u00e2\u0219tiguri mari de la jackpoturi \u00een alte \u021b\u0103ri. A\u0219a c\u0103 [&hellip;]<\/p>\n","protected":false},"author":2,"featured_media":0,"parent":0,"menu_order":0,"comment_status":"closed","ping_status":"closed","template":"","meta":{"footnotes":""},"class_list":["post-129","page","type-page","status-publish","hentry"],"blocksy_meta":[],"yoast_head":"<!-- This site is optimized with the Yoast SEO plugin v27.4 - https:\/\/yoast.com\/product\/yoast-seo-wordpress\/ -->\n<title>Joac\u0103 la loterie online - toate loteriile majore din lume disponibile online<\/title>\n<meta name=\"robots\" content=\"index, follow, max-snippet:-1, max-image-preview:large, max-video-preview:-1\" \/>\n<link rel=\"canonical\" href=\"https:\/\/lotoonline.fr\/ro\/\" \/>\n<meta property=\"og:locale\" content=\"ro_RO\" \/>\n<meta property=\"og:type\" content=\"article\" \/>\n<meta property=\"og:title\" content=\"Joac\u0103 la loterie online - toate loteriile majore din lume disponibile online\" \/>\n<meta property=\"og:description\" content=\"Cele mai bune loterii din lume disponibile online Dac\u0103 e\u0219ti fan al loteriei, probabil te \u00eentrebi cum se joac\u0103 bingo online. P\u00e2n\u0103 acum, probabil ai jucat bingo local, tradi\u021bional, cump\u0103r\u00e2nd un bilet de la comerciantul local. Dar dac\u0103 ai citit \u0219tirile, probabil ai auzit despre c\u00e2\u0219tiguri mari de la jackpoturi \u00een alte \u021b\u0103ri. A\u0219a c\u0103 [&hellip;]\" \/>\n<meta property=\"og:url\" content=\"https:\/\/lotoonline.fr\/ro\/\" \/>\n<meta name=\"twitter:card\" content=\"summary_large_image\" \/>\n<meta name=\"twitter:label1\" content=\"Timp estimat pentru citire\" \/>\n\t<meta name=\"twitter:data1\" content=\"3 minute\" \/>\n<script type=\"application\/ld+json\" class=\"yoast-schema-graph\">{\"@context\":\"https:\\\/\\\/schema.org\",\"@graph\":[{\"@type\":\"WebPage\",\"@id\":\"https:\\\/\\\/lotoonline.fr\\\/ro\\\/\",\"url\":\"https:\\\/\\\/lotoonline.fr\\\/ro\\\/\",\"name\":\"Joac\u0103 la loterie online - toate loteriile majore din lume disponibile online\",\"isPartOf\":{\"@id\":\"https:\\\/\\\/lotoonline.fr\\\/ro\\\/#website\"},\"datePublished\":\"2025-07-23T17:36:44+00:00\",\"breadcrumb\":{\"@id\":\"https:\\\/\\\/lotoonline.fr\\\/ro\\\/#breadcrumb\"},\"inLanguage\":\"ro-RO\",\"potentialAction\":[{\"@type\":\"ReadAction\",\"target\":[\"https:\\\/\\\/lotoonline.fr\\\/ro\\\/\"]}]},{\"@type\":\"BreadcrumbList\",\"@id\":\"https:\\\/\\\/lotoonline.fr\\\/ro\\\/#breadcrumb\",\"itemListElement\":[{\"@type\":\"ListItem\",\"position\":1,\"name\":\"Home\",\"item\":\"https:\\\/\\\/lotoonline.fr\\\/ro\\\/\"},{\"@type\":\"ListItem\",\"position\":2,\"name\":\"Acas\u0103\"}]},{\"@type\":\"WebSite\",\"@id\":\"https:\\\/\\\/lotoonline.fr\\\/ro\\\/#website\",\"url\":\"https:\\\/\\\/lotoonline.fr\\\/ro\\\/\",\"name\":\"\",\"description\":\"\",\"potentialAction\":[{\"@type\":\"SearchAction\",\"target\":{\"@type\":\"EntryPoint\",\"urlTemplate\":\"https:\\\/\\\/lotoonline.fr\\\/ro\\\/?s={search_term_string}\"},\"query-input\":{\"@type\":\"PropertyValueSpecification\",\"valueRequired\":true,\"valueName\":\"search_term_string\"}}],\"inLanguage\":\"ro-RO\"}]}<\/script>\n<!-- \/ Yoast SEO plugin. -->","yoast_head_json":{"title":"Joac\u0103 la loterie online - toate loteriile majore din lume disponibile online","robots":{"index":"index","follow":"follow","max-snippet":"max-snippet:-1","max-image-preview":"max-image-preview:large","max-video-preview":"max-video-preview:-1"},"canonical":"https:\/\/lotoonline.fr\/ro\/","og_locale":"ro_RO","og_type":"article","og_title":"Joac\u0103 la loterie online - toate loteriile majore din lume disponibile online","og_description":"Cele mai bune loterii din lume disponibile online Dac\u0103 e\u0219ti fan al loteriei, probabil te \u00eentrebi cum se joac\u0103 bingo online. P\u00e2n\u0103 acum, probabil ai jucat bingo local, tradi\u021bional, cump\u0103r\u00e2nd un bilet de la comerciantul local. Dar dac\u0103 ai citit \u0219tirile, probabil ai auzit despre c\u00e2\u0219tiguri mari de la jackpoturi \u00een alte \u021b\u0103ri. A\u0219a c\u0103 [&hellip;]","og_url":"https:\/\/lotoonline.fr\/ro\/","twitter_card":"summary_large_image","twitter_misc":{"Timp estimat pentru citire":"3 minute"},"schema":{"@context":"https:\/\/schema.org","@graph":[{"@type":"WebPage","@id":"https:\/\/lotoonline.fr\/ro\/","url":"https:\/\/lotoonline.fr\/ro\/","name":"Joac\u0103 la loterie online - toate loteriile majore din lume disponibile online","isPartOf":{"@id":"https:\/\/lotoonline.fr\/ro\/#website"},"datePublished":"2025-07-23T17:36:44+00:00","breadcrumb":{"@id":"https:\/\/lotoonline.fr\/ro\/#breadcrumb"},"inLanguage":"ro-RO","potentialAction":[{"@type":"ReadAction","target":["https:\/\/lotoonline.fr\/ro\/"]}]},{"@type":"BreadcrumbList","@id":"https:\/\/lotoonline.fr\/ro\/#breadcrumb","itemListElement":[{"@type":"ListItem","position":1,"name":"Home","item":"https:\/\/lotoonline.fr\/ro\/"},{"@type":"ListItem","position":2,"name":"Acas\u0103"}]},{"@type":"WebSite","@id":"https:\/\/lotoonline.fr\/ro\/#website","url":"https:\/\/lotoonline.fr\/ro\/","name":"","description":"","potentialAction":[{"@type":"SearchAction","target":{"@type":"EntryPoint","urlTemplate":"https:\/\/lotoonline.fr\/ro\/?s={search_term_string}"},"query-input":{"@type":"PropertyValueSpecification","valueRequired":true,"valueName":"search_term_string"}}],"inLanguage":"ro-RO"}]}},"_links":{"self":[{"href":"https:\/\/lotoonline.fr\/ro\/wp-json\/wp\/v2\/pages\/129","targetHints":{"allow":["GET"]}}],"collection":[{"href":"https:\/\/lotoonline.fr\/ro\/wp-json\/wp\/v2\/pages"}],"about":[{"href":"https:\/\/lotoonline.fr\/ro\/wp-json\/wp\/v2\/types\/page"}],"author":[{"embeddable":true,"href":"https:\/\/lotoonline.fr\/ro\/wp-json\/wp\/v2\/users\/2"}],"replies":[{"embeddable":true,"href":"https:\/\/lotoonline.fr\/ro\/wp-json\/wp\/v2\/comments?post=129"}],"version-history":[{"count":0,"href":"https:\/\/lotoonline.fr\/ro\/wp-json\/wp\/v2\/pages\/129\/revisions"}],"wp:attachment":[{"href":"https:\/\/lotoonline.fr\/ro\/wp-json\/wp\/v2\/media?parent=129"}],"curies":[{"name":"wp","href":"https:\/\/api.w.org\/{rel}","templated":true}]}}