{"id":132,"date":"2025-07-23T17:36:44","date_gmt":"2025-07-23T17:36:44","guid":{"rendered":"https:\/\/lotoonline.fr\/domov\/"},"modified":"2025-07-23T17:36:44","modified_gmt":"2025-07-23T17:36:44","slug":"domov","status":"publish","type":"page","link":"https:\/\/lotoonline.fr\/sk\/","title":{"rendered":"Domov"},"content":{"rendered":"<h2>Najlep\u0161ie lot\u00e9rie sveta dostupn\u00e9 online<\/h2>\n<p>Ak ste fan\u00fa\u0161ikom lot\u00e9ri\u00ed, pravdepodobne v\u00e1s zauj\u00edma, ako hra\u0165 bingo online. Doteraz ste pravdepodobne hrali miestne, tradi\u010dn\u00e9 bingo a kupovali si tiket u miestneho predajcu.<br \/>\nAle ak \u010d\u00edtate spr\u00e1vy, pravdepodobne ste po\u010duli o ve\u013ek\u00fdch v\u00fdhrach z jackpotov v in\u00fdch krajin\u00e1ch. Tak\u017ee teraz sa p\u00fdtate: \u201ePre\u010do nem\u00f4\u017eem vyhra\u0165 jeden z t\u00fdch ve\u013ek\u00fdch jackpotov z medzin\u00e1rodn\u00fdch lot\u00e9ri\u00ed?\u201c<\/p>\n<p>Tu je nieko\u013eko noviniek: je to mo\u017en\u00e9, ke\u010f hr\u00e1te bingo online!<\/p>\n<h2>Ako hranie bingo online zvy\u0161uje va\u0161e \u0161ance na v\u00fdhru?<\/h2>\n<p>Ke\u010f hr\u00e1te miestne bingo, va\u0161e \u0161ance na v\u00fdhru jackpotu s\u00fa ur\u010den\u00e9 sumou tiketu, vypo\u010d\u00edtanou na z\u00e1klade sumy jackpotu. To znamen\u00e1, \u017ee va\u0161e \u0161ance na v\u00fdhru s\u00fa vy\u0161\u0161ie, ke\u010f je jackpot ve\u013ek\u00fd.<\/p>\n<p>\u010co ak v\u0161ak jackpot v lot\u00e9rii nie je dostato\u010dne ve\u013ek\u00fd, preto\u017ee bol ned\u00e1vno vyhran\u00fd? Budete \u010daka\u0165 t\u00fd\u017edne alebo dokonca mesiace, k\u00fdm jackpot narastie, aby ste mali \u0161ancu vyhra\u0165?<\/p>\n<p>Alebo zv\u00e1\u017eite nasleduj\u00facu alternat\u00edvu: \u00fa\u010das\u0165 v in\u00fdch lot\u00e9ri\u00e1ch v in\u00fdch krajin\u00e1ch hran\u00edm binga online? T\u00e1to mo\u017enos\u0165 je teraz k dispoz\u00edcii. M\u00f4\u017eete si vybra\u0165 z 20 najv\u00e4\u010d\u0161\u00edch lot\u00e9ri\u00ed na svete, ktor\u00e9 m\u00f4\u017eete hra\u0165 online pr\u00e1ve teraz v\u010faka RedFoxLotto (kliknite sem a nav\u0161t\u00edvte ich webov\u00fa str\u00e1nku).<\/p>\n<p>S to\u013ek\u00fdmi mo\u017enos\u0165ami online st\u00e1vok si m\u00f4\u017eete vybra\u0165, \u010di budete hra\u0165 lot\u00e9riu s najv\u00e4\u010d\u0161\u00edm jackpotom alebo t\u00fa s najbli\u017e\u0161\u00edm \u017erebovan\u00edm (d\u00e1tumy a d\u00e1tumy \u017erebovania n\u00e1jdete v pravom a \u013eavom st\u013apci). <\/p>\n<h2>Hrajte medzin\u00e1rodn\u00e9 jackpoty online, nech ste kdeko\u013evek<\/h2>\n<p>Na hranie lot\u00e9rie mus\u00edte ma\u0165 zvy\u010dajne bydlisko v \u0161t\u00e1te alebo krajine, kde sa kon\u00e1. Napr\u00edklad, ak chcete hra\u0165 sl\u00e1vnu lot\u00e9riu El Gordo Jackpot, budete si musie\u0165 k\u00fapi\u0165 tiket v \u0160panielsku. Teraz m\u00f4\u017eete hra\u0165 t\u00fato a mnoho \u010fal\u0161\u00edch lot\u00e9riov\u00fdch hier online.<\/p>\n<p>Je to mimoriadne jednoduch\u00e9 a pohodln\u00e9. Tu je to, \u010do mus\u00edte urobi\u0165:<\/p>\n<p>Vyberte si svoju lot\u00e9riu zo st\u013apcov na oboch stran\u00e1ch str\u00e1nky.<br \/>\nVyberte svoje v\u00fdhern\u00e9 \u010d\u00edsla (alebo pou\u017eite gener\u00e1tor n\u00e1hodn\u00fdch \u010d\u00edsel).<\/p>\n<p>Vytvorte si z\u00e1kazn\u00edcky \u00fa\u010det RedFoxLotto.<br \/>\nPla\u0165te online (zabezpe\u010den\u00e9 platobn\u00e9 met\u00f3dy: kreditn\u00e9 karty, bankov\u00e9 prevody, Moneybookers, Ukash at\u010f.).<\/p>\n<p>\u010eal\u0161\u00ed krok: RedFoxLotto za v\u00e1s k\u00fapi tiket na tento jackpot, naskenuje ho a po\u0161le v\u00e1m ho e-mailom. Ak vyhr\u00e1te online bingo, RedFoxLotto v\u00e1m pom\u00f4\u017ee z\u00edska\u0165 v\u00e1\u0161 \u0161ek.<br \/>\nRedFoxLotto je medzin\u00e1rodn\u00e1 sprostredkovate\u013esk\u00e1 slu\u017eba, ktor\u00e1 nakupuje lot\u00e9riov\u00e9 tikety po celom svete. Nie je poskytovate\u013eom lot\u00e9rie a ne\u00fa\u010dtuje si \u017eiadnu prov\u00edziu z va\u0161ich v\u00fdhier.<\/p>\n<p>T\u00e1to slu\u017eba v\u00e1m umo\u017e\u0148uje hra\u0165 ak\u00fako\u013evek online lot\u00e9riu z ktorejko\u013evek krajiny sveta z pohodlia domova.<\/p>\n","protected":false},"excerpt":{"rendered":"<p>Najlep\u0161ie lot\u00e9rie sveta dostupn\u00e9 online Ak ste fan\u00fa\u0161ikom lot\u00e9ri\u00ed, pravdepodobne v\u00e1s zauj\u00edma, ako hra\u0165 bingo online. Doteraz ste pravdepodobne hrali miestne, tradi\u010dn\u00e9 bingo a kupovali si tiket u miestneho predajcu. Ale ak \u010d\u00edtate spr\u00e1vy, pravdepodobne ste po\u010duli o ve\u013ek\u00fdch v\u00fdhrach z jackpotov v in\u00fdch krajin\u00e1ch. Tak\u017ee teraz sa p\u00fdtate: \u201ePre\u010do nem\u00f4\u017eem vyhra\u0165 jeden z t\u00fdch [&hellip;]<\/p>\n","protected":false},"author":2,"featured_media":0,"parent":0,"menu_order":0,"comment_status":"closed","ping_status":"closed","template":"","meta":{"footnotes":""},"class_list":["post-132","page","type-page","status-publish","hentry"],"blocksy_meta":[],"yoast_head":"<!-- This site is optimized with the Yoast SEO plugin v27.4 - https:\/\/yoast.com\/product\/yoast-seo-wordpress\/ -->\n<title>Hrajte lot\u00e9riu online - v\u0161etky hlavn\u00e9 lot\u00e9rie na svete s\u00fa dostupn\u00e9 online<\/title>\n<meta name=\"robots\" content=\"index, follow, max-snippet:-1, max-image-preview:large, max-video-preview:-1\" \/>\n<link rel=\"canonical\" href=\"https:\/\/lotoonline.fr\/sk\/\" \/>\n<meta property=\"og:locale\" content=\"sk_SK\" \/>\n<meta property=\"og:type\" content=\"article\" \/>\n<meta property=\"og:title\" content=\"Hrajte lot\u00e9riu online - v\u0161etky hlavn\u00e9 lot\u00e9rie na svete s\u00fa dostupn\u00e9 online\" \/>\n<meta property=\"og:description\" content=\"Najlep\u0161ie lot\u00e9rie sveta dostupn\u00e9 online Ak ste fan\u00fa\u0161ikom lot\u00e9ri\u00ed, pravdepodobne v\u00e1s zauj\u00edma, ako hra\u0165 bingo online. Doteraz ste pravdepodobne hrali miestne, tradi\u010dn\u00e9 bingo a kupovali si tiket u miestneho predajcu. Ale ak \u010d\u00edtate spr\u00e1vy, pravdepodobne ste po\u010duli o ve\u013ek\u00fdch v\u00fdhrach z jackpotov v in\u00fdch krajin\u00e1ch. Tak\u017ee teraz sa p\u00fdtate: \u201ePre\u010do nem\u00f4\u017eem vyhra\u0165 jeden z t\u00fdch [&hellip;]\" \/>\n<meta property=\"og:url\" content=\"https:\/\/lotoonline.fr\/sk\/\" \/>\n<meta name=\"twitter:card\" content=\"summary_large_image\" \/>\n<meta name=\"twitter:label1\" content=\"Predpokladan\u00fd \u010das \u010d\u00edtania\" \/>\n\t<meta name=\"twitter:data1\" content=\"3 min\u00faty\" \/>\n<script type=\"application\/ld+json\" class=\"yoast-schema-graph\">{\"@context\":\"https:\\\/\\\/schema.org\",\"@graph\":[{\"@type\":\"WebPage\",\"@id\":\"https:\\\/\\\/lotoonline.fr\\\/sk\\\/\",\"url\":\"https:\\\/\\\/lotoonline.fr\\\/sk\\\/\",\"name\":\"Hrajte lot\u00e9riu online - v\u0161etky hlavn\u00e9 lot\u00e9rie na svete s\u00fa dostupn\u00e9 online\",\"isPartOf\":{\"@id\":\"https:\\\/\\\/lotoonline.fr\\\/sk\\\/#website\"},\"datePublished\":\"2025-07-23T17:36:44+00:00\",\"breadcrumb\":{\"@id\":\"https:\\\/\\\/lotoonline.fr\\\/sk\\\/#breadcrumb\"},\"inLanguage\":\"sk-SK\",\"potentialAction\":[{\"@type\":\"ReadAction\",\"target\":[\"https:\\\/\\\/lotoonline.fr\\\/sk\\\/\"]}]},{\"@type\":\"BreadcrumbList\",\"@id\":\"https:\\\/\\\/lotoonline.fr\\\/sk\\\/#breadcrumb\",\"itemListElement\":[{\"@type\":\"ListItem\",\"position\":1,\"name\":\"Home\",\"item\":\"https:\\\/\\\/lotoonline.fr\\\/sk\\\/\"},{\"@type\":\"ListItem\",\"position\":2,\"name\":\"Domov\"}]},{\"@type\":\"WebSite\",\"@id\":\"https:\\\/\\\/lotoonline.fr\\\/sk\\\/#website\",\"url\":\"https:\\\/\\\/lotoonline.fr\\\/sk\\\/\",\"name\":\"\",\"description\":\"\",\"potentialAction\":[{\"@type\":\"SearchAction\",\"target\":{\"@type\":\"EntryPoint\",\"urlTemplate\":\"https:\\\/\\\/lotoonline.fr\\\/sk\\\/?s={search_term_string}\"},\"query-input\":{\"@type\":\"PropertyValueSpecification\",\"valueRequired\":true,\"valueName\":\"search_term_string\"}}],\"inLanguage\":\"sk-SK\"}]}<\/script>\n<!-- \/ Yoast SEO plugin. -->","yoast_head_json":{"title":"Hrajte lot\u00e9riu online - v\u0161etky hlavn\u00e9 lot\u00e9rie na svete s\u00fa dostupn\u00e9 online","robots":{"index":"index","follow":"follow","max-snippet":"max-snippet:-1","max-image-preview":"max-image-preview:large","max-video-preview":"max-video-preview:-1"},"canonical":"https:\/\/lotoonline.fr\/sk\/","og_locale":"sk_SK","og_type":"article","og_title":"Hrajte lot\u00e9riu online - v\u0161etky hlavn\u00e9 lot\u00e9rie na svete s\u00fa dostupn\u00e9 online","og_description":"Najlep\u0161ie lot\u00e9rie sveta dostupn\u00e9 online Ak ste fan\u00fa\u0161ikom lot\u00e9ri\u00ed, pravdepodobne v\u00e1s zauj\u00edma, ako hra\u0165 bingo online. Doteraz ste pravdepodobne hrali miestne, tradi\u010dn\u00e9 bingo a kupovali si tiket u miestneho predajcu. Ale ak \u010d\u00edtate spr\u00e1vy, pravdepodobne ste po\u010duli o ve\u013ek\u00fdch v\u00fdhrach z jackpotov v in\u00fdch krajin\u00e1ch. Tak\u017ee teraz sa p\u00fdtate: \u201ePre\u010do nem\u00f4\u017eem vyhra\u0165 jeden z t\u00fdch [&hellip;]","og_url":"https:\/\/lotoonline.fr\/sk\/","twitter_card":"summary_large_image","twitter_misc":{"Predpokladan\u00fd \u010das \u010d\u00edtania":"3 min\u00faty"},"schema":{"@context":"https:\/\/schema.org","@graph":[{"@type":"WebPage","@id":"https:\/\/lotoonline.fr\/sk\/","url":"https:\/\/lotoonline.fr\/sk\/","name":"Hrajte lot\u00e9riu online - v\u0161etky hlavn\u00e9 lot\u00e9rie na svete s\u00fa dostupn\u00e9 online","isPartOf":{"@id":"https:\/\/lotoonline.fr\/sk\/#website"},"datePublished":"2025-07-23T17:36:44+00:00","breadcrumb":{"@id":"https:\/\/lotoonline.fr\/sk\/#breadcrumb"},"inLanguage":"sk-SK","potentialAction":[{"@type":"ReadAction","target":["https:\/\/lotoonline.fr\/sk\/"]}]},{"@type":"BreadcrumbList","@id":"https:\/\/lotoonline.fr\/sk\/#breadcrumb","itemListElement":[{"@type":"ListItem","position":1,"name":"Home","item":"https:\/\/lotoonline.fr\/sk\/"},{"@type":"ListItem","position":2,"name":"Domov"}]},{"@type":"WebSite","@id":"https:\/\/lotoonline.fr\/sk\/#website","url":"https:\/\/lotoonline.fr\/sk\/","name":"","description":"","potentialAction":[{"@type":"SearchAction","target":{"@type":"EntryPoint","urlTemplate":"https:\/\/lotoonline.fr\/sk\/?s={search_term_string}"},"query-input":{"@type":"PropertyValueSpecification","valueRequired":true,"valueName":"search_term_string"}}],"inLanguage":"sk-SK"}]}},"_links":{"self":[{"href":"https:\/\/lotoonline.fr\/sk\/wp-json\/wp\/v2\/pages\/132","targetHints":{"allow":["GET"]}}],"collection":[{"href":"https:\/\/lotoonline.fr\/sk\/wp-json\/wp\/v2\/pages"}],"about":[{"href":"https:\/\/lotoonline.fr\/sk\/wp-json\/wp\/v2\/types\/page"}],"author":[{"embeddable":true,"href":"https:\/\/lotoonline.fr\/sk\/wp-json\/wp\/v2\/users\/2"}],"replies":[{"embeddable":true,"href":"https:\/\/lotoonline.fr\/sk\/wp-json\/wp\/v2\/comments?post=132"}],"version-history":[{"count":0,"href":"https:\/\/lotoonline.fr\/sk\/wp-json\/wp\/v2\/pages\/132\/revisions"}],"wp:attachment":[{"href":"https:\/\/lotoonline.fr\/sk\/wp-json\/wp\/v2\/media?parent=132"}],"curies":[{"name":"wp","href":"https:\/\/api.w.org\/{rel}","templated":true}]}}