{"id":133,"date":"2025-07-23T17:36:44","date_gmt":"2025-07-23T17:36:44","guid":{"rendered":"https:\/\/lotoonline.fr\/domov\/"},"modified":"2025-07-23T17:36:44","modified_gmt":"2025-07-23T17:36:44","slug":"domov","status":"publish","type":"page","link":"https:\/\/lotoonline.fr\/sl\/","title":{"rendered":"Domov"},"content":{"rendered":"<h2>Najbolj\u0161e loterije na svetu, ki so na voljo na spletu<\/h2>\n<p>\u010ce ste ljubitelj loterij, se verjetno spra\u0161ujete, kako igrati bingo na spletu. Do sedaj ste verjetno igrali lokalni, tradicionalni bingo, kupovali sre\u010dko pri lokalnem prodajalcu.<br \/>\n\u010ce pa berete novice, ste verjetno \u017ee sli\u0161ali za velike dobitke jackpotov v drugih dr\u017eavah. Zdaj se torej spra\u0161ujete: &#8220;Zakaj ne morem osvojiti enega od teh velikih jackpotov na mednarodnih loterijah?&#8221;<\/p>\n<p>No, tukaj je nekaj novic: to je mogo\u010de, ko igrate bingo na spletu!<\/p>\n<h2>Kako igranje binga na spletu pove\u010da va\u0161e mo\u017enosti za zmago?<\/h2>\n<p>Ko igrate lokalni bingo, so va\u0161e mo\u017enosti za osvojitev jackpota dolo\u010dene z zneskom sre\u010dke, izra\u010dunanim na podlagi zneska jackpota. To pomeni, da so va\u0161e mo\u017enosti za zmago ve\u010dje, ko je jackpot velik.<\/p>\n<p>Kaj pa, \u010de jackpot na loteriji ni dovolj velik, ker je bil nedavno osvojen? Ali boste \u010dakali tedne ali celo mesece, da jackpot naraste, da bi imeli prilo\u017enost za zmago?<\/p>\n<p>Ali pa boste razmislili o naslednji alternativi: sodelovanju v drugih loterijah v drugih dr\u017eavah z igranjem binga na spletu? Ta mo\u017enost je zdaj na voljo. Izbirate lahko med 20 najve\u010djimi loterijami na svetu, ki jih lahko zdaj igrate na spletu zahvaljujo\u010d RedFoxLotto (kliknite tukaj, da obi\u0161\u010dete njihovo spletno stran).<\/p>\n<p>S toliko mo\u017enostmi za spletne stave se lahko odlo\u010dite za igranje loterije z najve\u010djim jackpotom ali tiste z najbli\u017ejim \u017erebom (za datume in datume \u017erebanja glejte desni in levi stolpec). <\/p>\n<h2>Igrajte mednarodne jackpote na spletu, kjer koli \u017eivite<\/h2>\n<p>Obi\u010dajno morate za igranje loterije prebivati \u200b\u200bv dr\u017eavi ali dr\u017eavi, kjer poteka. Na primer, za igranje znane loterije El Gordo Jackpot boste morali kupiti sre\u010dko v \u0160paniji. Zdaj lahko to in \u0161tevilne druge loterijske igre igrate na spletu.<\/p>\n<p>Je izjemno preprosto in priro\u010dno. To morate storiti:<\/p>\n<p>Izberite svojo loterijo iz stolpcev na obeh straneh spletnega mesta.<br \/>\nIzberite svoje zmagovalne \u0161tevilke (ali uporabite generator naklju\u010dnih \u0161tevil).<\/p>\n<p>Ustvarite uporabni\u0161ki ra\u010dun RedFoxLotto.<br \/>\nPla\u010dajte prek spleta (varni na\u010dini pla\u010dila: kreditne kartice, ban\u010dna nakazila, Moneybookers, Ukash itd.).<\/p>\n<p>Naslednji korak: RedFoxLotto v va\u0161em imenu kupi sre\u010dko za ta jackpot, jo skenira in vam jo po\u0161lje po e-po\u0161ti. \u010ce zmagate na spletnem bingu, vam bo RedFoxLotto pomagal prejeti va\u0161 \u010dek.<br \/>\nRedFoxLotto je mednarodna posredni\u0161ka storitev, ki kupuje loterijske sre\u010dke po vsem svetu. Ni ponudnik loterije in ne zara\u010dunava nobene provizije za va\u0161e dobitke.<\/p>\n<p>Ta storitev vam omogo\u010da igranje katere koli spletne loterije, iz katere koli dr\u017eave na svetu, iz udobja svojega doma.<\/p>\n","protected":false},"excerpt":{"rendered":"<p>Najbolj\u0161e loterije na svetu, ki so na voljo na spletu \u010ce ste ljubitelj loterij, se verjetno spra\u0161ujete, kako igrati bingo na spletu. Do sedaj ste verjetno igrali lokalni, tradicionalni bingo, kupovali sre\u010dko pri lokalnem prodajalcu. \u010ce pa berete novice, ste verjetno \u017ee sli\u0161ali za velike dobitke jackpotov v drugih dr\u017eavah. Zdaj se torej spra\u0161ujete: &#8220;Zakaj [&hellip;]<\/p>\n","protected":false},"author":2,"featured_media":0,"parent":0,"menu_order":0,"comment_status":"closed","ping_status":"closed","template":"","meta":{"footnotes":""},"class_list":["post-133","page","type-page","status-publish","hentry"],"blocksy_meta":[],"yoast_head":"<!-- This site is optimized with the Yoast SEO plugin v27.4 - https:\/\/yoast.com\/product\/yoast-seo-wordpress\/ -->\n<title>Igrajte loterijo na spletu - vse ve\u010dje loterije na svetu so na voljo na spletu<\/title>\n<meta name=\"robots\" content=\"index, follow, max-snippet:-1, max-image-preview:large, max-video-preview:-1\" \/>\n<link rel=\"canonical\" href=\"https:\/\/lotoonline.fr\/sl\/\" \/>\n<meta property=\"og:locale\" content=\"sl_SI\" \/>\n<meta property=\"og:type\" content=\"article\" \/>\n<meta property=\"og:title\" content=\"Igrajte loterijo na spletu - vse ve\u010dje loterije na svetu so na voljo na spletu\" \/>\n<meta property=\"og:description\" content=\"Najbolj\u0161e loterije na svetu, ki so na voljo na spletu \u010ce ste ljubitelj loterij, se verjetno spra\u0161ujete, kako igrati bingo na spletu. Do sedaj ste verjetno igrali lokalni, tradicionalni bingo, kupovali sre\u010dko pri lokalnem prodajalcu. \u010ce pa berete novice, ste verjetno \u017ee sli\u0161ali za velike dobitke jackpotov v drugih dr\u017eavah. Zdaj se torej spra\u0161ujete: &#8220;Zakaj [&hellip;]\" \/>\n<meta property=\"og:url\" content=\"https:\/\/lotoonline.fr\/sl\/\" \/>\n<meta name=\"twitter:card\" content=\"summary_large_image\" \/>\n<meta name=\"twitter:label1\" content=\"Est. reading time\" \/>\n\t<meta name=\"twitter:data1\" content=\"2 minuti\" \/>\n<script type=\"application\/ld+json\" class=\"yoast-schema-graph\">{\"@context\":\"https:\\\/\\\/schema.org\",\"@graph\":[{\"@type\":\"WebPage\",\"@id\":\"https:\\\/\\\/lotoonline.fr\\\/sl\\\/\",\"url\":\"https:\\\/\\\/lotoonline.fr\\\/sl\\\/\",\"name\":\"Igrajte loterijo na spletu - vse ve\u010dje loterije na svetu so na voljo na spletu\",\"isPartOf\":{\"@id\":\"https:\\\/\\\/lotoonline.fr\\\/sl\\\/#website\"},\"datePublished\":\"2025-07-23T17:36:44+00:00\",\"breadcrumb\":{\"@id\":\"https:\\\/\\\/lotoonline.fr\\\/sl\\\/#breadcrumb\"},\"inLanguage\":\"sl-SI\",\"potentialAction\":[{\"@type\":\"ReadAction\",\"target\":[\"https:\\\/\\\/lotoonline.fr\\\/sl\\\/\"]}]},{\"@type\":\"BreadcrumbList\",\"@id\":\"https:\\\/\\\/lotoonline.fr\\\/sl\\\/#breadcrumb\",\"itemListElement\":[{\"@type\":\"ListItem\",\"position\":1,\"name\":\"Home\",\"item\":\"https:\\\/\\\/lotoonline.fr\\\/sl\\\/\"},{\"@type\":\"ListItem\",\"position\":2,\"name\":\"Domov\"}]},{\"@type\":\"WebSite\",\"@id\":\"https:\\\/\\\/lotoonline.fr\\\/sl\\\/#website\",\"url\":\"https:\\\/\\\/lotoonline.fr\\\/sl\\\/\",\"name\":\"\",\"description\":\"\",\"potentialAction\":[{\"@type\":\"SearchAction\",\"target\":{\"@type\":\"EntryPoint\",\"urlTemplate\":\"https:\\\/\\\/lotoonline.fr\\\/sl\\\/?s={search_term_string}\"},\"query-input\":{\"@type\":\"PropertyValueSpecification\",\"valueRequired\":true,\"valueName\":\"search_term_string\"}}],\"inLanguage\":\"sl-SI\"}]}<\/script>\n<!-- \/ Yoast SEO plugin. -->","yoast_head_json":{"title":"Igrajte loterijo na spletu - vse ve\u010dje loterije na svetu so na voljo na spletu","robots":{"index":"index","follow":"follow","max-snippet":"max-snippet:-1","max-image-preview":"max-image-preview:large","max-video-preview":"max-video-preview:-1"},"canonical":"https:\/\/lotoonline.fr\/sl\/","og_locale":"sl_SI","og_type":"article","og_title":"Igrajte loterijo na spletu - vse ve\u010dje loterije na svetu so na voljo na spletu","og_description":"Najbolj\u0161e loterije na svetu, ki so na voljo na spletu \u010ce ste ljubitelj loterij, se verjetno spra\u0161ujete, kako igrati bingo na spletu. Do sedaj ste verjetno igrali lokalni, tradicionalni bingo, kupovali sre\u010dko pri lokalnem prodajalcu. \u010ce pa berete novice, ste verjetno \u017ee sli\u0161ali za velike dobitke jackpotov v drugih dr\u017eavah. Zdaj se torej spra\u0161ujete: &#8220;Zakaj [&hellip;]","og_url":"https:\/\/lotoonline.fr\/sl\/","twitter_card":"summary_large_image","twitter_misc":{"Est. reading time":"2 minuti"},"schema":{"@context":"https:\/\/schema.org","@graph":[{"@type":"WebPage","@id":"https:\/\/lotoonline.fr\/sl\/","url":"https:\/\/lotoonline.fr\/sl\/","name":"Igrajte loterijo na spletu - vse ve\u010dje loterije na svetu so na voljo na spletu","isPartOf":{"@id":"https:\/\/lotoonline.fr\/sl\/#website"},"datePublished":"2025-07-23T17:36:44+00:00","breadcrumb":{"@id":"https:\/\/lotoonline.fr\/sl\/#breadcrumb"},"inLanguage":"sl-SI","potentialAction":[{"@type":"ReadAction","target":["https:\/\/lotoonline.fr\/sl\/"]}]},{"@type":"BreadcrumbList","@id":"https:\/\/lotoonline.fr\/sl\/#breadcrumb","itemListElement":[{"@type":"ListItem","position":1,"name":"Home","item":"https:\/\/lotoonline.fr\/sl\/"},{"@type":"ListItem","position":2,"name":"Domov"}]},{"@type":"WebSite","@id":"https:\/\/lotoonline.fr\/sl\/#website","url":"https:\/\/lotoonline.fr\/sl\/","name":"","description":"","potentialAction":[{"@type":"SearchAction","target":{"@type":"EntryPoint","urlTemplate":"https:\/\/lotoonline.fr\/sl\/?s={search_term_string}"},"query-input":{"@type":"PropertyValueSpecification","valueRequired":true,"valueName":"search_term_string"}}],"inLanguage":"sl-SI"}]}},"_links":{"self":[{"href":"https:\/\/lotoonline.fr\/sl\/wp-json\/wp\/v2\/pages\/133","targetHints":{"allow":["GET"]}}],"collection":[{"href":"https:\/\/lotoonline.fr\/sl\/wp-json\/wp\/v2\/pages"}],"about":[{"href":"https:\/\/lotoonline.fr\/sl\/wp-json\/wp\/v2\/types\/page"}],"author":[{"embeddable":true,"href":"https:\/\/lotoonline.fr\/sl\/wp-json\/wp\/v2\/users\/2"}],"replies":[{"embeddable":true,"href":"https:\/\/lotoonline.fr\/sl\/wp-json\/wp\/v2\/comments?post=133"}],"version-history":[{"count":0,"href":"https:\/\/lotoonline.fr\/sl\/wp-json\/wp\/v2\/pages\/133\/revisions"}],"wp:attachment":[{"href":"https:\/\/lotoonline.fr\/sl\/wp-json\/wp\/v2\/media?parent=133"}],"curies":[{"name":"wp","href":"https:\/\/api.w.org\/{rel}","templated":true}]}}