{"id":135,"date":"2025-07-23T17:36:44","date_gmt":"2025-07-23T17:36:44","guid":{"rendered":"https:\/\/lotoonline.fr\/hem\/"},"modified":"2025-07-23T17:36:44","modified_gmt":"2025-07-23T17:36:44","slug":"hem","status":"publish","type":"page","link":"https:\/\/lotoonline.fr\/sv\/","title":{"rendered":"Hem"},"content":{"rendered":"<h2>V\u00e4rldens b\u00e4sta lotterier tillg\u00e4ngliga online<\/h2>\n<p>Om du \u00e4r ett lotterifan undrar du f\u00f6rmodligen hur man spelar bingo online. Fram tills nu har du f\u00f6rmodligen spelat lokal, traditionell bingo och k\u00f6pt en lott hos din lokala \u00e5terf\u00f6rs\u00e4ljare.<br \/>\nMen om du l\u00e4ser nyheterna har du f\u00f6rmodligen h\u00f6rt talas om stora vinster fr\u00e5n jackpottar i andra l\u00e4nder. S\u00e5 nu undrar du: &#8221;Varf\u00f6r kan jag inte vinna en av de d\u00e4r stora jackpottarna fr\u00e5n internationella lotterier?&#8221;<\/p>\n<p>Tja, h\u00e4r \u00e4r n\u00e5gra nyheter: det \u00e4r m\u00f6jligt n\u00e4r du spelar bingo online!<\/p>\n<h2>Hur \u00f6kar bingospel online dina chanser att vinna?<\/h2>\n<p>N\u00e4r du spelar din lokala bingo best\u00e4ms dina chanser att vinna jackpotten av lottbeloppet, ber\u00e4knat baserat p\u00e5 jackpottbeloppet. Det betyder att dina chanser att vinna \u00e4r h\u00f6gre n\u00e4r jackpotten \u00e4r stor.<\/p>\n<p>Men t\u00e4nk om lotterijackpotten inte \u00e4r tillr\u00e4ckligt stor eftersom den nyligen vanns? Kommer du att v\u00e4nta veckor, eller till och med m\u00e5nader, p\u00e5 att jackpotten ska v\u00e4xa f\u00f6r att ha en chans att vinna?<\/p>\n<p>Eller kommer du att \u00f6verv\u00e4ga f\u00f6ljande alternativ: att delta i andra lotterier i andra l\u00e4nder genom att spela bingo online? Detta alternativ \u00e4r nu tillg\u00e4ngligt. Du kan v\u00e4lja bland de 20 st\u00f6rsta lotterierna i v\u00e4rlden, som du kan spela online just nu tack vare RedFoxLotto (klicka h\u00e4r f\u00f6r att bes\u00f6ka deras webbplats).<\/p>\n<p>Med s\u00e5 m\u00e5nga online-spelalternativ kan du v\u00e4lja att spela lotteriet med den st\u00f6rsta jackpotten eller det med den n\u00e4rmaste dragningen (se h\u00f6ger och v\u00e4nster kolumn f\u00f6r dragningsdatum). <\/p>\n<h2>Spela internationella jackpottar online, var du \u00e4n bor<\/h2>\n<p>Normalt sett m\u00e5ste du bo i den stat eller det land d\u00e4r det h\u00e5lls f\u00f6r att spela lotteriet. S\u00e5, till exempel, f\u00f6r att spela det ber\u00f6mda El Gordo Jackpot-lotteriet m\u00e5ste du k\u00f6pa en lott i Spanien. Nu kan du spela detta och m\u00e5nga andra lotterispel online.<\/p>\n<p>Det \u00e4r extremt enkelt och bekv\u00e4mt. H\u00e4r \u00e4r vad du beh\u00f6ver g\u00f6ra:<\/p>\n<p>V\u00e4lj ditt lotteri fr\u00e5n kolumnerna p\u00e5 vardera sidan av webbplatsen.<\/p>\n<p>V\u00e4lj dina vinnande nummer (eller anv\u00e4nd en slumptalsgenerator).<br \/>\nSkapa ett kundkonto hos RedFoxLotto.<br \/>\nBetala online (s\u00e4kra betalningsmetoder: kreditkort, bank\u00f6verf\u00f6ringar, Moneybookers, Ukash, etc.).<\/p>\n<p>N\u00e4sta steg: RedFoxLotto k\u00f6per en lott till denna jackpott \u00e5t dig, skannar den och skickar den till dig via e-post. Om du vinner onlinebingo hj\u00e4lper RedFoxLotto dig att f\u00e5 din check.<\/p>\n<p>RedFoxLotto \u00e4r en internationell mellanhandstj\u00e4nst som k\u00f6per lotter \u00f6ver hela v\u00e4rlden. Det \u00e4r inte en lotterileverant\u00f6r och tar inte ut n\u00e5gon provision p\u00e5 dina vinster.<\/p>\n<p>Denna tj\u00e4nst l\u00e5ter dig spela vilket onlinelotteri som helst, fr\u00e5n vilket land som helst i v\u00e4rlden, bekv\u00e4mt hemifr\u00e5n.<\/p>\n","protected":false},"excerpt":{"rendered":"<p>V\u00e4rldens b\u00e4sta lotterier tillg\u00e4ngliga online Om du \u00e4r ett lotterifan undrar du f\u00f6rmodligen hur man spelar bingo online. Fram tills nu har du f\u00f6rmodligen spelat lokal, traditionell bingo och k\u00f6pt en lott hos din lokala \u00e5terf\u00f6rs\u00e4ljare. Men om du l\u00e4ser nyheterna har du f\u00f6rmodligen h\u00f6rt talas om stora vinster fr\u00e5n jackpottar i andra l\u00e4nder. S\u00e5 [&hellip;]<\/p>\n","protected":false},"author":2,"featured_media":0,"parent":0,"menu_order":0,"comment_status":"closed","ping_status":"closed","template":"","meta":{"footnotes":""},"class_list":["post-135","page","type-page","status-publish","hentry"],"blocksy_meta":[],"yoast_head":"<!-- This site is optimized with the Yoast SEO plugin v27.4 - https:\/\/yoast.com\/product\/yoast-seo-wordpress\/ -->\n<title>Spela lotto online - alla st\u00f6rre lotterier i v\u00e4rlden finns tillg\u00e4ngliga online<\/title>\n<meta name=\"robots\" content=\"index, follow, max-snippet:-1, max-image-preview:large, max-video-preview:-1\" \/>\n<link rel=\"canonical\" href=\"https:\/\/lotoonline.fr\/sv\/\" \/>\n<meta property=\"og:locale\" content=\"sv_SE\" \/>\n<meta property=\"og:type\" content=\"article\" \/>\n<meta property=\"og:title\" content=\"Spela lotto online - alla st\u00f6rre lotterier i v\u00e4rlden finns tillg\u00e4ngliga online\" \/>\n<meta property=\"og:description\" content=\"V\u00e4rldens b\u00e4sta lotterier tillg\u00e4ngliga online Om du \u00e4r ett lotterifan undrar du f\u00f6rmodligen hur man spelar bingo online. Fram tills nu har du f\u00f6rmodligen spelat lokal, traditionell bingo och k\u00f6pt en lott hos din lokala \u00e5terf\u00f6rs\u00e4ljare. Men om du l\u00e4ser nyheterna har du f\u00f6rmodligen h\u00f6rt talas om stora vinster fr\u00e5n jackpottar i andra l\u00e4nder. S\u00e5 [&hellip;]\" \/>\n<meta property=\"og:url\" content=\"https:\/\/lotoonline.fr\/sv\/\" \/>\n<meta name=\"twitter:card\" content=\"summary_large_image\" \/>\n<meta name=\"twitter:label1\" content=\"Ber\u00e4knad l\u00e4stid\" \/>\n\t<meta name=\"twitter:data1\" content=\"2 minuter\" \/>\n<script type=\"application\/ld+json\" class=\"yoast-schema-graph\">{\"@context\":\"https:\\\/\\\/schema.org\",\"@graph\":[{\"@type\":\"WebPage\",\"@id\":\"https:\\\/\\\/lotoonline.fr\\\/sv\\\/\",\"url\":\"https:\\\/\\\/lotoonline.fr\\\/sv\\\/\",\"name\":\"Spela lotto online - alla st\u00f6rre lotterier i v\u00e4rlden finns tillg\u00e4ngliga online\",\"isPartOf\":{\"@id\":\"https:\\\/\\\/lotoonline.fr\\\/sv\\\/#website\"},\"datePublished\":\"2025-07-23T17:36:44+00:00\",\"breadcrumb\":{\"@id\":\"https:\\\/\\\/lotoonline.fr\\\/sv\\\/#breadcrumb\"},\"inLanguage\":\"sv-SE\",\"potentialAction\":[{\"@type\":\"ReadAction\",\"target\":[\"https:\\\/\\\/lotoonline.fr\\\/sv\\\/\"]}]},{\"@type\":\"BreadcrumbList\",\"@id\":\"https:\\\/\\\/lotoonline.fr\\\/sv\\\/#breadcrumb\",\"itemListElement\":[{\"@type\":\"ListItem\",\"position\":1,\"name\":\"Home\",\"item\":\"https:\\\/\\\/lotoonline.fr\\\/sv\\\/\"},{\"@type\":\"ListItem\",\"position\":2,\"name\":\"Hem\"}]},{\"@type\":\"WebSite\",\"@id\":\"https:\\\/\\\/lotoonline.fr\\\/sv\\\/#website\",\"url\":\"https:\\\/\\\/lotoonline.fr\\\/sv\\\/\",\"name\":\"\",\"description\":\"\",\"potentialAction\":[{\"@type\":\"SearchAction\",\"target\":{\"@type\":\"EntryPoint\",\"urlTemplate\":\"https:\\\/\\\/lotoonline.fr\\\/sv\\\/?s={search_term_string}\"},\"query-input\":{\"@type\":\"PropertyValueSpecification\",\"valueRequired\":true,\"valueName\":\"search_term_string\"}}],\"inLanguage\":\"sv-SE\"}]}<\/script>\n<!-- \/ Yoast SEO plugin. -->","yoast_head_json":{"title":"Spela lotto online - alla st\u00f6rre lotterier i v\u00e4rlden finns tillg\u00e4ngliga online","robots":{"index":"index","follow":"follow","max-snippet":"max-snippet:-1","max-image-preview":"max-image-preview:large","max-video-preview":"max-video-preview:-1"},"canonical":"https:\/\/lotoonline.fr\/sv\/","og_locale":"sv_SE","og_type":"article","og_title":"Spela lotto online - alla st\u00f6rre lotterier i v\u00e4rlden finns tillg\u00e4ngliga online","og_description":"V\u00e4rldens b\u00e4sta lotterier tillg\u00e4ngliga online Om du \u00e4r ett lotterifan undrar du f\u00f6rmodligen hur man spelar bingo online. Fram tills nu har du f\u00f6rmodligen spelat lokal, traditionell bingo och k\u00f6pt en lott hos din lokala \u00e5terf\u00f6rs\u00e4ljare. Men om du l\u00e4ser nyheterna har du f\u00f6rmodligen h\u00f6rt talas om stora vinster fr\u00e5n jackpottar i andra l\u00e4nder. S\u00e5 [&hellip;]","og_url":"https:\/\/lotoonline.fr\/sv\/","twitter_card":"summary_large_image","twitter_misc":{"Ber\u00e4knad l\u00e4stid":"2 minuter"},"schema":{"@context":"https:\/\/schema.org","@graph":[{"@type":"WebPage","@id":"https:\/\/lotoonline.fr\/sv\/","url":"https:\/\/lotoonline.fr\/sv\/","name":"Spela lotto online - alla st\u00f6rre lotterier i v\u00e4rlden finns tillg\u00e4ngliga online","isPartOf":{"@id":"https:\/\/lotoonline.fr\/sv\/#website"},"datePublished":"2025-07-23T17:36:44+00:00","breadcrumb":{"@id":"https:\/\/lotoonline.fr\/sv\/#breadcrumb"},"inLanguage":"sv-SE","potentialAction":[{"@type":"ReadAction","target":["https:\/\/lotoonline.fr\/sv\/"]}]},{"@type":"BreadcrumbList","@id":"https:\/\/lotoonline.fr\/sv\/#breadcrumb","itemListElement":[{"@type":"ListItem","position":1,"name":"Home","item":"https:\/\/lotoonline.fr\/sv\/"},{"@type":"ListItem","position":2,"name":"Hem"}]},{"@type":"WebSite","@id":"https:\/\/lotoonline.fr\/sv\/#website","url":"https:\/\/lotoonline.fr\/sv\/","name":"","description":"","potentialAction":[{"@type":"SearchAction","target":{"@type":"EntryPoint","urlTemplate":"https:\/\/lotoonline.fr\/sv\/?s={search_term_string}"},"query-input":{"@type":"PropertyValueSpecification","valueRequired":true,"valueName":"search_term_string"}}],"inLanguage":"sv-SE"}]}},"_links":{"self":[{"href":"https:\/\/lotoonline.fr\/sv\/wp-json\/wp\/v2\/pages\/135","targetHints":{"allow":["GET"]}}],"collection":[{"href":"https:\/\/lotoonline.fr\/sv\/wp-json\/wp\/v2\/pages"}],"about":[{"href":"https:\/\/lotoonline.fr\/sv\/wp-json\/wp\/v2\/types\/page"}],"author":[{"embeddable":true,"href":"https:\/\/lotoonline.fr\/sv\/wp-json\/wp\/v2\/users\/2"}],"replies":[{"embeddable":true,"href":"https:\/\/lotoonline.fr\/sv\/wp-json\/wp\/v2\/comments?post=135"}],"version-history":[{"count":0,"href":"https:\/\/lotoonline.fr\/sv\/wp-json\/wp\/v2\/pages\/135\/revisions"}],"wp:attachment":[{"href":"https:\/\/lotoonline.fr\/sv\/wp-json\/wp\/v2\/media?parent=135"}],"curies":[{"name":"wp","href":"https:\/\/api.w.org\/{rel}","templated":true}]}}