{"id":136,"date":"2025-07-23T17:36:44","date_gmt":"2025-07-23T17:36:44","guid":{"rendered":"https:\/\/lotoonline.fr\/ev\/"},"modified":"2025-07-23T17:36:44","modified_gmt":"2025-07-23T17:36:44","slug":"ev","status":"publish","type":"page","link":"https:\/\/lotoonline.fr\/tr\/","title":{"rendered":"Ev"},"content":{"rendered":"<h2>D\u00fcnyan\u0131n En \u0130yi Piyangolar\u0131 \u00c7evrimi\u00e7i<\/h2>\n<p>Bir piyango hayran\u0131ysan\u0131z, muhtemelen \u00e7evrimi\u00e7i bingo oynamay\u0131 merak ediyorsunuzdur. \u015eimdiye kadar muhtemelen yerel, geleneksel bingo oynam\u0131\u015f ve yerel perakendecinizden bilet alm\u0131\u015fs\u0131n\u0131zd\u0131r.<\/p>\n<p>Ancak haberleri okuduysan\u0131z, muhtemelen di\u011fer \u00fclkelerdeki b\u00fcy\u00fck ikramiyelerden b\u00fcy\u00fck kazan\u00e7lar duymu\u015fsunuzdur. \u015eimdi de &#8220;Uluslararas\u0131 piyangolardan neden b\u00fcy\u00fck ikramiyelerden birini kazanam\u0131yorum?&#8221; diye merak ediyorsunuz.<\/p>\n<p>\u0130\u015fte size bir haber: \u00c7evrimi\u00e7i bingo oynad\u0131\u011f\u0131n\u0131zda bu m\u00fcmk\u00fcn!<\/p>\n<h2>\u00c7evrimi\u00e7i bingo oynamak kazanma \u015fans\u0131n\u0131z\u0131 nas\u0131l art\u0131r\u0131r?<\/h2>\n<p>Yerel bingonuzu oynad\u0131\u011f\u0131n\u0131zda, b\u00fcy\u00fck ikramiyeyi kazanma \u015fans\u0131n\u0131z, b\u00fcy\u00fck ikramiye tutar\u0131na g\u00f6re hesaplanan bilet tutar\u0131na g\u00f6re belirlenir. Bu, b\u00fcy\u00fck ikramiye b\u00fcy\u00fck oldu\u011funda kazanma \u015fans\u0131n\u0131z\u0131n daha y\u00fcksek oldu\u011fu anlam\u0131na gelir.<\/p>\n<p>Peki ya piyango ikramiyesi yak\u0131n zamanda kazan\u0131ld\u0131\u011f\u0131 i\u00e7in yeterince b\u00fcy\u00fck de\u011filse? Kazanma \u015fans\u0131n\u0131z i\u00e7in ikramiyenin artmas\u0131n\u0131 haftalarca, hatta aylarca m\u0131 bekleyeceksiniz?<\/p>\n<p>Yoksa \u015fu alternatifi mi d\u00fc\u015f\u00fcneceksiniz: \u00c7evrimi\u00e7i bingo oynayarak ba\u015fka \u00fclkelerdeki di\u011fer piyangolara kat\u0131lmak m\u0131? Bu se\u00e7enek art\u0131k mevcut. RedFoxLotto sayesinde hemen \u00e7evrimi\u00e7i oynayabilece\u011finiz d\u00fcnyan\u0131n en b\u00fcy\u00fck 20 piyangosu aras\u0131ndan se\u00e7im yapabilirsiniz (web sitelerini ziyaret etmek i\u00e7in buraya t\u0131klay\u0131n).<\/p>\n<p>Bu kadar \u00e7ok \u00e7evrimi\u00e7i bahis se\u00e7ene\u011fiyle, en b\u00fcy\u00fck ikramiyeye sahip piyangoyu veya en yak\u0131n \u00e7ekili\u015fe sahip piyangoyu oynayabilirsiniz (\u00e7ekili\u015f tarihleri \u200b\u200bve tarihleri \u200b\u200bi\u00e7in sa\u011f ve sol s\u00fctunlara bak\u0131n). <\/p>\n<h2>Nerede ya\u015farsan\u0131z ya\u015fay\u0131n, uluslararas\u0131 ikramiyeleri \u00e7evrimi\u00e7i oynay\u0131n<\/h2>\n<p>Normalde piyangoyu oynamak i\u00e7in, piyangonun d\u00fczenlendi\u011fi eyalette veya \u00fclkede ikamet etmeniz gerekir. \u00d6rne\u011fin, \u00fcnl\u00fc El Gordo Jackpot piyangosunu oynamak i\u00e7in \u0130spanya&#8217;dan bir bilet alman\u0131z gerekir. Art\u0131k bu ve di\u011fer bir\u00e7ok piyango oyununu \u00e7evrimi\u00e7i oynayabilirsiniz.<\/p>\n<p>Son derece basit ve kullan\u0131\u015fl\u0131. Yapman\u0131z gerekenler:<\/p>\n<p>Sitenin her iki taraf\u0131ndaki s\u00fctunlardan piyangonuzu se\u00e7in.<br \/>\nKazanan numaralar\u0131n\u0131z\u0131 se\u00e7in (veya rastgele say\u0131 \u00fcreteci kullan\u0131n).<br \/>\nBir RedFoxLotto m\u00fc\u015fteri hesab\u0131 olu\u015fturun.<br \/>\n\u00c7evrimi\u00e7i \u00f6deme yap\u0131n (g\u00fcvenli \u00f6deme y\u00f6ntemleri: kredi kartlar\u0131, banka havaleleri, Moneybookers, Ukash vb.).<\/p>\n<p>Sonraki ad\u0131m: RedFoxLotto sizin ad\u0131n\u0131za bu ikramiye i\u00e7in bir bilet sat\u0131n al\u0131r, tarar ve size e-posta ile g\u00f6nderir. \u00c7evrimi\u00e7i bingo kazan\u0131rsan\u0131z, RedFoxLotto \u00e7ekinizi alman\u0131za yard\u0131mc\u0131 olur.<br \/>\nRedFoxLotto, d\u00fcnya \u00e7ap\u0131nda piyango bileti sat\u0131n alan uluslararas\u0131 bir arac\u0131 hizmettir. Bir piyango sa\u011flay\u0131c\u0131s\u0131 de\u011fildir ve kazanc\u0131n\u0131zdan herhangi bir komisyon almaz.<\/p>\n<p>Bu hizmet, d\u00fcnyan\u0131n herhangi bir \u00fclkesinden, kendi evinizin rahatl\u0131\u011f\u0131nda \u00e7evrimi\u00e7i piyango oynaman\u0131za olanak tan\u0131r.<\/p>\n","protected":false},"excerpt":{"rendered":"<p>D\u00fcnyan\u0131n En \u0130yi Piyangolar\u0131 \u00c7evrimi\u00e7i Bir piyango hayran\u0131ysan\u0131z, muhtemelen \u00e7evrimi\u00e7i bingo oynamay\u0131 merak ediyorsunuzdur. \u015eimdiye kadar muhtemelen yerel, geleneksel bingo oynam\u0131\u015f ve yerel perakendecinizden bilet alm\u0131\u015fs\u0131n\u0131zd\u0131r. Ancak haberleri okuduysan\u0131z, muhtemelen di\u011fer \u00fclkelerdeki b\u00fcy\u00fck ikramiyelerden b\u00fcy\u00fck kazan\u00e7lar duymu\u015fsunuzdur. \u015eimdi de &#8220;Uluslararas\u0131 piyangolardan neden b\u00fcy\u00fck ikramiyelerden birini kazanam\u0131yorum?&#8221; diye merak ediyorsunuz. \u0130\u015fte size bir haber: \u00c7evrimi\u00e7i bingo [&hellip;]<\/p>\n","protected":false},"author":2,"featured_media":0,"parent":0,"menu_order":0,"comment_status":"closed","ping_status":"closed","template":"","meta":{"footnotes":""},"class_list":["post-136","page","type-page","status-publish","hentry"],"blocksy_meta":[],"yoast_head":"<!-- This site is optimized with the Yoast SEO plugin v27.4 - https:\/\/yoast.com\/product\/yoast-seo-wordpress\/ -->\n<title>\u00c7evrimi\u00e7i piyango oynay\u0131n - d\u00fcnyadaki t\u00fcm b\u00fcy\u00fck piyangolar \u00e7evrimi\u00e7i olarak mevcuttur<\/title>\n<meta name=\"robots\" content=\"index, follow, max-snippet:-1, max-image-preview:large, max-video-preview:-1\" \/>\n<link rel=\"canonical\" href=\"https:\/\/lotoonline.fr\/tr\/\" \/>\n<meta property=\"og:locale\" content=\"tr_TR\" \/>\n<meta property=\"og:type\" content=\"article\" \/>\n<meta property=\"og:title\" content=\"\u00c7evrimi\u00e7i piyango oynay\u0131n - d\u00fcnyadaki t\u00fcm b\u00fcy\u00fck piyangolar \u00e7evrimi\u00e7i olarak mevcuttur\" \/>\n<meta property=\"og:description\" content=\"D\u00fcnyan\u0131n En \u0130yi Piyangolar\u0131 \u00c7evrimi\u00e7i Bir piyango hayran\u0131ysan\u0131z, muhtemelen \u00e7evrimi\u00e7i bingo oynamay\u0131 merak ediyorsunuzdur. \u015eimdiye kadar muhtemelen yerel, geleneksel bingo oynam\u0131\u015f ve yerel perakendecinizden bilet alm\u0131\u015fs\u0131n\u0131zd\u0131r. Ancak haberleri okuduysan\u0131z, muhtemelen di\u011fer \u00fclkelerdeki b\u00fcy\u00fck ikramiyelerden b\u00fcy\u00fck kazan\u00e7lar duymu\u015fsunuzdur. \u015eimdi de &#8220;Uluslararas\u0131 piyangolardan neden b\u00fcy\u00fck ikramiyelerden birini kazanam\u0131yorum?&#8221; diye merak ediyorsunuz. \u0130\u015fte size bir haber: \u00c7evrimi\u00e7i bingo [&hellip;]\" \/>\n<meta property=\"og:url\" content=\"https:\/\/lotoonline.fr\/tr\/\" \/>\n<meta name=\"twitter:card\" content=\"summary_large_image\" \/>\n<meta name=\"twitter:label1\" content=\"Tahmini okuma s\u00fcresi\" \/>\n\t<meta name=\"twitter:data1\" content=\"2 dakika\" \/>\n<script type=\"application\/ld+json\" class=\"yoast-schema-graph\">{\"@context\":\"https:\\\/\\\/schema.org\",\"@graph\":[{\"@type\":\"WebPage\",\"@id\":\"https:\\\/\\\/lotoonline.fr\\\/tr\\\/\",\"url\":\"https:\\\/\\\/lotoonline.fr\\\/tr\\\/\",\"name\":\"\u00c7evrimi\u00e7i piyango oynay\u0131n - d\u00fcnyadaki t\u00fcm b\u00fcy\u00fck piyangolar \u00e7evrimi\u00e7i olarak mevcuttur\",\"isPartOf\":{\"@id\":\"https:\\\/\\\/lotoonline.fr\\\/tr\\\/#website\"},\"datePublished\":\"2025-07-23T17:36:44+00:00\",\"breadcrumb\":{\"@id\":\"https:\\\/\\\/lotoonline.fr\\\/tr\\\/#breadcrumb\"},\"inLanguage\":\"tr\",\"potentialAction\":[{\"@type\":\"ReadAction\",\"target\":[\"https:\\\/\\\/lotoonline.fr\\\/tr\\\/\"]}]},{\"@type\":\"BreadcrumbList\",\"@id\":\"https:\\\/\\\/lotoonline.fr\\\/tr\\\/#breadcrumb\",\"itemListElement\":[{\"@type\":\"ListItem\",\"position\":1,\"name\":\"Home\",\"item\":\"https:\\\/\\\/lotoonline.fr\\\/tr\\\/\"},{\"@type\":\"ListItem\",\"position\":2,\"name\":\"Ev\"}]},{\"@type\":\"WebSite\",\"@id\":\"https:\\\/\\\/lotoonline.fr\\\/tr\\\/#website\",\"url\":\"https:\\\/\\\/lotoonline.fr\\\/tr\\\/\",\"name\":\"\",\"description\":\"\",\"potentialAction\":[{\"@type\":\"SearchAction\",\"target\":{\"@type\":\"EntryPoint\",\"urlTemplate\":\"https:\\\/\\\/lotoonline.fr\\\/tr\\\/?s={search_term_string}\"},\"query-input\":{\"@type\":\"PropertyValueSpecification\",\"valueRequired\":true,\"valueName\":\"search_term_string\"}}],\"inLanguage\":\"tr\"}]}<\/script>\n<!-- \/ Yoast SEO plugin. -->","yoast_head_json":{"title":"\u00c7evrimi\u00e7i piyango oynay\u0131n - d\u00fcnyadaki t\u00fcm b\u00fcy\u00fck piyangolar \u00e7evrimi\u00e7i olarak mevcuttur","robots":{"index":"index","follow":"follow","max-snippet":"max-snippet:-1","max-image-preview":"max-image-preview:large","max-video-preview":"max-video-preview:-1"},"canonical":"https:\/\/lotoonline.fr\/tr\/","og_locale":"tr_TR","og_type":"article","og_title":"\u00c7evrimi\u00e7i piyango oynay\u0131n - d\u00fcnyadaki t\u00fcm b\u00fcy\u00fck piyangolar \u00e7evrimi\u00e7i olarak mevcuttur","og_description":"D\u00fcnyan\u0131n En \u0130yi Piyangolar\u0131 \u00c7evrimi\u00e7i Bir piyango hayran\u0131ysan\u0131z, muhtemelen \u00e7evrimi\u00e7i bingo oynamay\u0131 merak ediyorsunuzdur. \u015eimdiye kadar muhtemelen yerel, geleneksel bingo oynam\u0131\u015f ve yerel perakendecinizden bilet alm\u0131\u015fs\u0131n\u0131zd\u0131r. Ancak haberleri okuduysan\u0131z, muhtemelen di\u011fer \u00fclkelerdeki b\u00fcy\u00fck ikramiyelerden b\u00fcy\u00fck kazan\u00e7lar duymu\u015fsunuzdur. \u015eimdi de &#8220;Uluslararas\u0131 piyangolardan neden b\u00fcy\u00fck ikramiyelerden birini kazanam\u0131yorum?&#8221; diye merak ediyorsunuz. \u0130\u015fte size bir haber: \u00c7evrimi\u00e7i bingo [&hellip;]","og_url":"https:\/\/lotoonline.fr\/tr\/","twitter_card":"summary_large_image","twitter_misc":{"Tahmini okuma s\u00fcresi":"2 dakika"},"schema":{"@context":"https:\/\/schema.org","@graph":[{"@type":"WebPage","@id":"https:\/\/lotoonline.fr\/tr\/","url":"https:\/\/lotoonline.fr\/tr\/","name":"\u00c7evrimi\u00e7i piyango oynay\u0131n - d\u00fcnyadaki t\u00fcm b\u00fcy\u00fck piyangolar \u00e7evrimi\u00e7i olarak mevcuttur","isPartOf":{"@id":"https:\/\/lotoonline.fr\/tr\/#website"},"datePublished":"2025-07-23T17:36:44+00:00","breadcrumb":{"@id":"https:\/\/lotoonline.fr\/tr\/#breadcrumb"},"inLanguage":"tr","potentialAction":[{"@type":"ReadAction","target":["https:\/\/lotoonline.fr\/tr\/"]}]},{"@type":"BreadcrumbList","@id":"https:\/\/lotoonline.fr\/tr\/#breadcrumb","itemListElement":[{"@type":"ListItem","position":1,"name":"Home","item":"https:\/\/lotoonline.fr\/tr\/"},{"@type":"ListItem","position":2,"name":"Ev"}]},{"@type":"WebSite","@id":"https:\/\/lotoonline.fr\/tr\/#website","url":"https:\/\/lotoonline.fr\/tr\/","name":"","description":"","potentialAction":[{"@type":"SearchAction","target":{"@type":"EntryPoint","urlTemplate":"https:\/\/lotoonline.fr\/tr\/?s={search_term_string}"},"query-input":{"@type":"PropertyValueSpecification","valueRequired":true,"valueName":"search_term_string"}}],"inLanguage":"tr"}]}},"_links":{"self":[{"href":"https:\/\/lotoonline.fr\/tr\/wp-json\/wp\/v2\/pages\/136","targetHints":{"allow":["GET"]}}],"collection":[{"href":"https:\/\/lotoonline.fr\/tr\/wp-json\/wp\/v2\/pages"}],"about":[{"href":"https:\/\/lotoonline.fr\/tr\/wp-json\/wp\/v2\/types\/page"}],"author":[{"embeddable":true,"href":"https:\/\/lotoonline.fr\/tr\/wp-json\/wp\/v2\/users\/2"}],"replies":[{"embeddable":true,"href":"https:\/\/lotoonline.fr\/tr\/wp-json\/wp\/v2\/comments?post=136"}],"version-history":[{"count":0,"href":"https:\/\/lotoonline.fr\/tr\/wp-json\/wp\/v2\/pages\/136\/revisions"}],"wp:attachment":[{"href":"https:\/\/lotoonline.fr\/tr\/wp-json\/wp\/v2\/media?parent=136"}],"curies":[{"name":"wp","href":"https:\/\/api.w.org\/{rel}","templated":true}]}}